{"id":601852,"date":"2025-03-05T03:08:08","date_gmt":"2025-03-05T02:08:08","guid":{"rendered":"https:\/\/shop.kustom.ch\/?post_type=product&#038;p=601852"},"modified":"2025-05-09T10:21:53","modified_gmt":"2025-05-09T09:21:53","slug":"schutzbrille-uvex-9198-pheos-cx2","status":"publish","type":"product","link":"https:\/\/shop.kustom.ch\/it\/prodotto\/schutzbrille-uvex-9198-pheos-cx2\/","title":{"rendered":"Occhiali di sicurezza Uvex 9198 Pheos cx2"},"content":{"rendered":"<p>Gli occhiali protettivi trasparenti Uvex Pheos CX2 9198 con l'innovativa tecnologia bicomponente offrono un'eccellente resistenza all'ingresso di polvere e acqua e proteggono l'utente in tutte le condizioni. Sono inoltre progettati per adattarsi perfettamente al viso di chi li indossa, garantendo un comfort eccellente e una protezione 1001TP3. Occhiali a stanghetta stretta dal design moderno e sportivo Il componente morbido, collegato direttamente alla lente, impedisce l'ingresso di polvere e acqua. La geometria sottile li rende facili da indossare con protezioni per le orecchie, caschi e cuffie. Tecnologia X-Twist con bracci laterali per una vestibilit\u00e0 sicura e antiscivolo Parti frontali e nasali direttamente modellate per il massimo comfort Lente sferica doppia per un campo visivo pi\u00f9 ampio Ventilazione eccellente per occhi pi\u00f9 sani Antiappannamento per almeno 16 secondi all'interno, resistente ai graffi e agli agenti chimici all'esterno. EN 166 (protezione personale degli occhi) EN 170 (protezione personale degli occhi con filtri ultravioletti)<\/p>\n<p>TESSUTO: grigio<\/p>","protected":false},"excerpt":{"rendered":"<p>Die Uvex Pheos CX2 klare Schutzbrille 9198 mit innovativer Zweikomponenten-Technologie bietet eine hervorragende Best\u00e4ndigkeit gegen das Eindringen von Staub und Wasser und sch\u00fctzt den Nutzer unter allen Bedingungen. Sie ist auch so konzipiert, dass sie sich perfekt an das Gesicht des Tr\u00e4gers anpasst und einen hervorragenden Komfort und 100%igen Schutz bietet. Schmalarmschutzbrille mit modernem, sportlichem [&hellip;]<\/p>\n","protected":false},"featured_media":601904,"template":"","meta":[],"product_brand":[],"product_cat":[9643,4209],"product_tag":[],"class_list":{"0":"post-601852","1":"product","2":"type-product","3":"status-publish","4":"has-post-thumbnail","6":"product_cat-equipment","7":"product_cat-zubehoer","8":"pa_brand-blaklaeder","9":"pa_brand-type-workwear","10":"pa_filter-color-gelb","11":"pa_filter-color-grau","13":"first","14":"instock","15":"sale","16":"taxable","17":"shipping-taxable","18":"purchasable","19":"product-type-variable","20":"add-to-wishlist-before_image"},"exclude_global_add_ons":[],"addons":[],"acf":[],"_links":{"self":[{"href":"https:\/\/shop.kustom.ch\/it\/wp-json\/wp\/v2\/product\/601852"}],"collection":[{"href":"https:\/\/shop.kustom.ch\/it\/wp-json\/wp\/v2\/product"}],"about":[{"href":"https:\/\/shop.kustom.ch\/it\/wp-json\/wp\/v2\/types\/product"}],"wp:featuredmedia":[{"embeddable":true,"href":"https:\/\/shop.kustom.ch\/it\/wp-json\/wp\/v2\/media\/601904"}],"wp:attachment":[{"href":"https:\/\/shop.kustom.ch\/it\/wp-json\/wp\/v2\/media?parent=601852"}],"wp:term":[{"taxonomy":"product_brand","embeddable":true,"href":"https:\/\/shop.kustom.ch\/it\/wp-json\/wp\/v2\/product_brand?post=601852"},{"taxonomy":"product_cat","embeddable":true,"href":"https:\/\/shop.kustom.ch\/it\/wp-json\/wp\/v2\/product_cat?post=601852"},{"taxonomy":"product_tag","embeddable":true,"href":"https:\/\/shop.kustom.ch\/it\/wp-json\/wp\/v2\/product_tag?post=601852"}],"curies":[{"name":"wp","href":"https:\/\/api.w.org\/{rel}","templated":true}]}}