{"id":601711,"date":"2025-03-05T03:05:22","date_gmt":"2025-03-05T02:05:22","guid":{"rendered":"https:\/\/shop.kustom.ch\/?post_type=product&#038;p=601711"},"modified":"2026-03-31T08:16:58","modified_gmt":"2026-03-31T07:16:58","slug":"high-vis-hose-4-wege-stretch","status":"publish","type":"product","link":"https:\/\/shop.kustom.ch\/it\/prodotto\/high-vis-hose-4-wege-stretch\/","title":{"rendered":"Pantaloni High Vis elasticizzati in 4 direzioni"},"content":{"rendered":"<p>I pantaloncini High Vis sono realizzati interamente in tessuto elasticizzato a 4 vie incredibilmente morbido e flessibile, che offre il massimo comfort e vi mantiene visibili quando \u00e8 necessario. I pantaloncini sono dotati di catarifrangenti segmentati, cintura alta sul retro, tasche per le unghie staccabili e ventilazione sulle ginocchia e sul carr\u00e9. Le tasche per le ginocchia in CORDURA\u00ae stretch offrono protezione e comfort quando ci si inginocchia. Disponibile anche come modello da donna 7025.<\/p>\n<p>CHIUSURA: estremit\u00e0 delle gambe con rinforzo in CORDURA\u00ae. DETTAGLI: Anello a D. Bottoni in metallo. Portacoltelli con bottone. Cerniera in plastica sul cavallo. Due passanti sui lati con bottone per il portamartello. Anello a D sulla cintura. FUNZIONALIT\u00c0: Ventilazione sul retro del ginocchio. Vestibilit\u00e0 regolare. CARATTERISTICHE PRINCIPALI: Artigianale. EN ISO 20471. REFLEX: Materiale riflettente intorno alle gambe. TESSUTO: Disponibile per uomo e donna. Giallo alta visibilit\u00e0. Stretch. Stretch. TASCHE: Tasca sulla gamba con soffietto e patta con chiusura a velcro e tasca interna per cellulare in rete. Tasche posteriori rinforzate con soffietti. Tasche per ginocchiere. Tasche per le unghie - rimovibili ed extra larghe, con passanti per attrezzi e scomparti supplementari per attrezzi. Tasche laterali. Tasca rinforzata per regolo pieghevole con portacoltelli e portapenne. ISTRUZIONI DI LAVAGGIO: Numero di lavaggi: 20, non candeggiare. RINFORZO: tasche per ginocchiere rinforzate in Cordura\u00ae elasticizzato. CERTIFICAZIONE: EN 14404:2004+A1:2010 insieme alle ginocchiere 4027, 4057, 4058 e 4032. EN ISO 20471, classe 1<\/p>\n<p>100% poliestere, doppio tessuto, elasticizzato in 4 direzioni, 260 g\/m\u00b2<\/p>","protected":false},"excerpt":{"rendered":"<p>Die High Vis Hose ist komplett aus unglaublich weichem und flexiblem 4-Wege-Stretchmaterial gefertigt, das den ultimativen Komfort bietet und Sie sichtbar macht, wenn es am n\u00f6tigsten ist. Die Shorts haben segmentierte Reflektoren, einen hohen Bund am R\u00fccken, abnehmbare Nageltaschen und Bel\u00fcftung an den Knien und der Passe. Knietaschen aus CORDURA\u00ae-Stretch bieten Schutz und Komfort beim [&hellip;]<\/p>\n","protected":false},"featured_media":601770,"template":"","meta":[],"product_brand":[],"product_cat":[4185],"product_tag":[],"class_list":{"0":"post-601711","1":"product","2":"type-product","3":"status-publish","4":"has-post-thumbnail","6":"product_cat-hosen","7":"pa_brand-blaklaeder","8":"pa_brand-type-workwear","9":"pa_filter-color-gelb","10":"pa_filter-color-schwarz","12":"first","13":"instock","14":"sale","15":"taxable","16":"shipping-taxable","17":"purchasable","18":"product-type-variable","19":"add-to-wishlist-before_image"},"exclude_global_add_ons":[],"addons":[],"acf":[],"_links":{"self":[{"href":"https:\/\/shop.kustom.ch\/it\/wp-json\/wp\/v2\/product\/601711"}],"collection":[{"href":"https:\/\/shop.kustom.ch\/it\/wp-json\/wp\/v2\/product"}],"about":[{"href":"https:\/\/shop.kustom.ch\/it\/wp-json\/wp\/v2\/types\/product"}],"wp:featuredmedia":[{"embeddable":true,"href":"https:\/\/shop.kustom.ch\/it\/wp-json\/wp\/v2\/media\/601770"}],"wp:attachment":[{"href":"https:\/\/shop.kustom.ch\/it\/wp-json\/wp\/v2\/media?parent=601711"}],"wp:term":[{"taxonomy":"product_brand","embeddable":true,"href":"https:\/\/shop.kustom.ch\/it\/wp-json\/wp\/v2\/product_brand?post=601711"},{"taxonomy":"product_cat","embeddable":true,"href":"https:\/\/shop.kustom.ch\/it\/wp-json\/wp\/v2\/product_cat?post=601711"},{"taxonomy":"product_tag","embeddable":true,"href":"https:\/\/shop.kustom.ch\/it\/wp-json\/wp\/v2\/product_tag?post=601711"}],"curies":[{"name":"wp","href":"https:\/\/api.w.org\/{rel}","templated":true}]}}