{"id":601662,"date":"2025-03-05T03:04:02","date_gmt":"2025-03-05T02:04:02","guid":{"rendered":"https:\/\/shop.kustom.ch\/?post_type=product&#038;p=601662"},"modified":"2026-03-31T08:23:43","modified_gmt":"2026-03-31T07:23:43","slug":"service-arbeitshose-stretch-2","status":"publish","type":"product","link":"https:\/\/shop.kustom.ch\/it\/prodotto\/service-arbeitshose-stretch-2\/","title":{"rendered":"Pantaloni da lavoro elasticizzati"},"content":{"rendered":"<p>Moderni pantaloni da lavoro di servizio realizzati in materiale leggero ma resistente, con propriet\u00e0 di asciugatura rapida, perfetti per i lavori all'interno e all'esterno nelle stagioni pi\u00f9 calde. Questo modello ha un taglio pi\u00f9 stretto e ginocchia preformate per un maggiore comfort. Per una libert\u00e0 di movimento ottimale, abbiamo inserito inserti elasticizzati in aree accuratamente selezionate, come la seduta, le ginocchia e il cavallo. I pantaloni sono dotati di una tasca per penne e coltelli adatta a mancini e destrorsi, di una tasca interna per cellulare in rete e di un orlo della gamba estensibile.<\/p>\n<p>CHIUSURA: possibilit\u00e0 di estensione sull'orlo della gamba. DETTAGLI: Bottone in metallo rivestito in gomma. Zip in plastica sul cavallo. Anello a D in vita. FUNZIONALIT\u00c0: Inserti elasticizzati nel cavallo, nelle ginocchia e nella seduta. Gambe dei pantaloni particolarmente ergonomiche. CARATTERISTICHE PRINCIPALI: Personale di servizio. TESSUTO: Uomo. Stretch. Industria \/ Servizio. TASCHE: Tasche sulle gambe con soffietto, zip, portapenne e portacoltelli. Tasche posteriori. Tasca interna per cellulare. Tasche laterali. ISTRUZIONI DI LAVAGGIO: 40\u00b0 C<\/p>\n<p>65% poliestere, 35% cotone, tessuto fine, 166g\/m\u00b2<\/p>","protected":false},"excerpt":{"rendered":"<p>Moderne Service-Arbeitshose aus leichtem, aber strapazierf\u00e4higem Material mit schnelltrocknenden Eigenschaften &#8211; perfekt f\u00fcr Arbeiten im Innen- und Aussenbereich bei w\u00e4rmerem Wetter. Dieses Modell ist schmaler geschnitten und hat vorgeformte Knie f\u00fcr erh\u00f6hten Tragekomfort. F\u00fcr optimale Bewegungsfreiheit haben wir Stretch-Eins\u00e4tze an sorgf\u00e4ltig ausgew\u00e4hlten Stellen platziert, wie zum Beispiel am Ges\u00e4ss, an den Knien und im Schritt. [&hellip;]<\/p>\n","protected":false},"featured_media":601706,"template":"","meta":[],"product_brand":[],"product_cat":[4185],"product_tag":[],"class_list":{"0":"post-601662","1":"product","2":"type-product","3":"status-publish","4":"has-post-thumbnail","6":"product_cat-hosen","7":"pa_brand-blaklaeder","8":"pa_brand-type-workwear","9":"pa_filter-color-braun","10":"pa_filter-color-gruen","11":"pa_filter-color-schwarz","13":"first","14":"instock","15":"sale","16":"taxable","17":"shipping-taxable","18":"purchasable","19":"product-type-variable","20":"add-to-wishlist-before_image"},"exclude_global_add_ons":[],"addons":[],"acf":[],"_links":{"self":[{"href":"https:\/\/shop.kustom.ch\/it\/wp-json\/wp\/v2\/product\/601662"}],"collection":[{"href":"https:\/\/shop.kustom.ch\/it\/wp-json\/wp\/v2\/product"}],"about":[{"href":"https:\/\/shop.kustom.ch\/it\/wp-json\/wp\/v2\/types\/product"}],"wp:featuredmedia":[{"embeddable":true,"href":"https:\/\/shop.kustom.ch\/it\/wp-json\/wp\/v2\/media\/601706"}],"wp:attachment":[{"href":"https:\/\/shop.kustom.ch\/it\/wp-json\/wp\/v2\/media?parent=601662"}],"wp:term":[{"taxonomy":"product_brand","embeddable":true,"href":"https:\/\/shop.kustom.ch\/it\/wp-json\/wp\/v2\/product_brand?post=601662"},{"taxonomy":"product_cat","embeddable":true,"href":"https:\/\/shop.kustom.ch\/it\/wp-json\/wp\/v2\/product_cat?post=601662"},{"taxonomy":"product_tag","embeddable":true,"href":"https:\/\/shop.kustom.ch\/it\/wp-json\/wp\/v2\/product_tag?post=601662"}],"curies":[{"name":"wp","href":"https:\/\/api.w.org\/{rel}","templated":true}]}}