{"id":601652,"date":"2025-03-05T03:03:59","date_gmt":"2025-03-05T02:03:59","guid":{"rendered":"https:\/\/shop.kustom.ch\/?post_type=product&#038;p=601652"},"modified":"2026-03-31T08:43:18","modified_gmt":"2026-03-31T07:43:18","slug":"duenne-wollsocken","status":"publish","type":"product","link":"https:\/\/shop.kustom.ch\/it\/prodotto\/duenne-wollsocken\/","title":{"rendered":"Calzini di lana sottili"},"content":{"rendered":"<p>Calzino sottile e versatile in lana con una fantastica vestibilit\u00e0. Grazie alla capacit\u00e0 della lana di regolare la temperatura e di mantenere il calore sia quando \u00e8 bagnata che quando \u00e8 asciutta, la calza pu\u00f2 essere indossata tutto l'anno per attivit\u00e0 indoor e outdoor. La lana ha anche una funzione naturale di inibizione degli odori.<\/p>\n<p>FUNZIONALIT\u00c0: Utilizzo tutto l'anno. CARATTERISTICHE PRINCIPALI: Unisex. TESSUTO: nero. Vento \/ bagnato \/ freddo. ISTRUZIONI DI LAVAGGIO: non stirare. CONFEZIONE: Fornito in coppia<\/p>\n<p>47% lana, 41% poliammide, 12% elastan<\/p>","protected":false},"excerpt":{"rendered":"<p>D\u00fcnne Allround-Socke aus Wolle mit einer fantastischen Passform. Dank der Eigenschaften der Wolle, die Temperatur zu regulieren und bei N\u00e4sse und Trockenheit warm zu halten, kann die Socke das ganze Jahr \u00fcber bei Indoor- und Outdoor-Aktivit\u00e4ten getragen werden. Ausserdem hat die Wolle eine nat\u00fcrliche geruchshemmende Funktion. FUNKTIONALIT\u00c4T: Ganzj\u00e4hrige Nutzung. HAUPTEIGENSCHAFTEN: Unisex. STOFF: schwarz. Wind \/ [&hellip;]<\/p>\n","protected":false},"featured_media":601704,"template":"","meta":[],"product_brand":[],"product_cat":[4199],"product_tag":[],"class_list":{"0":"post-601652","1":"product","2":"type-product","3":"status-publish","4":"has-post-thumbnail","6":"product_cat-socken","7":"pa_brand-blaklaeder","8":"pa_brand-type-workwear","9":"pa_filter-color-schwarz","11":"first","12":"instock","13":"sale","14":"taxable","15":"shipping-taxable","16":"purchasable","17":"product-type-variable","18":"add-to-wishlist-before_image"},"exclude_global_add_ons":[],"addons":[],"acf":[],"_links":{"self":[{"href":"https:\/\/shop.kustom.ch\/it\/wp-json\/wp\/v2\/product\/601652"}],"collection":[{"href":"https:\/\/shop.kustom.ch\/it\/wp-json\/wp\/v2\/product"}],"about":[{"href":"https:\/\/shop.kustom.ch\/it\/wp-json\/wp\/v2\/types\/product"}],"wp:featuredmedia":[{"embeddable":true,"href":"https:\/\/shop.kustom.ch\/it\/wp-json\/wp\/v2\/media\/601704"}],"wp:attachment":[{"href":"https:\/\/shop.kustom.ch\/it\/wp-json\/wp\/v2\/media?parent=601652"}],"wp:term":[{"taxonomy":"product_brand","embeddable":true,"href":"https:\/\/shop.kustom.ch\/it\/wp-json\/wp\/v2\/product_brand?post=601652"},{"taxonomy":"product_cat","embeddable":true,"href":"https:\/\/shop.kustom.ch\/it\/wp-json\/wp\/v2\/product_cat?post=601652"},{"taxonomy":"product_tag","embeddable":true,"href":"https:\/\/shop.kustom.ch\/it\/wp-json\/wp\/v2\/product_tag?post=601652"}],"curies":[{"name":"wp","href":"https:\/\/api.w.org\/{rel}","templated":true}]}}