{"id":601642,"date":"2025-03-05T03:03:23","date_gmt":"2025-03-05T02:03:23","guid":{"rendered":"https:\/\/shop.kustom.ch\/?post_type=product&#038;p=601642"},"modified":"2026-03-31T09:03:30","modified_gmt":"2026-03-31T08:03:30","slug":"mikrofleece-jacke","status":"publish","type":"product","link":"https:\/\/shop.kustom.ch\/it\/prodotto\/mikrofleece-jacke\/","title":{"rendered":"Giacca in micropile"},"content":{"rendered":"<p>Giacca calda, confortevole e molto utile in micropile con griglia sui lati. Appartiene alla famiglia Unite e offre eccellenti opzioni di stampa. Disponibile anche come modello 4766 da donna.<\/p>\n<p>CHIUSURA: Schienale allungato. CHIUSURA ANTERIORE: Patta antivento interna. FUNZIONALIT\u00c0: Vestibilit\u00e0 slim. CARATTERISTICHE PRINCIPALI: Fisherman. Uomo. TESSUTO: Uomo. Unite. TASCHE: Tasche anteriori con cerniera. ISTRUZIONI DI LAVAGGIO: Non candeggiare.<\/p>\n<p>100 poliestere %, micropile, anti-pilling, 170 g\/m\u00b2<\/p>","protected":false},"excerpt":{"rendered":"<p>Warme, bequeme und sehr n\u00fctzliche Jacke aus Mikrofleece mit Grid-Fleece an den Seiten. Geh\u00f6rt zur Unite-Familie und bietet hervorragende Optionen f\u00fcr Aufdrucke. Erh\u00e4ltlich auch als Damenmodell 4766. ABSCHLUSS: Verl\u00e4ngerter R\u00fccken. FRONTVERSCHLUSS: Windleiste innen. FUNKTIONALIT\u00c4T: Slim Fit. HAUPTEIGENSCHAFTEN: Fischer. Herren. STOFF: Herren. Unite. TASCHEN: Vordertaschen mit Reissverschl\u00fcssen. WASCHANLEITUNG: Nicht bleichen 100 % Polyester, Microfleece, Antipilling, 170 [&hellip;]<\/p>\n","protected":false},"featured_media":601674,"template":"","meta":[],"product_brand":[],"product_cat":[4184],"product_tag":[],"class_list":{"0":"post-601642","1":"product","2":"type-product","3":"status-publish","4":"has-post-thumbnail","6":"product_cat-hoodies-pullover","7":"pa_brand-blaklaeder","8":"pa_brand-type-workwear","9":"pa_filter-color-blau","10":"pa_filter-color-gelb","12":"first","13":"instock","14":"sale","15":"taxable","16":"shipping-taxable","17":"purchasable","18":"product-type-variable","19":"add-to-wishlist-before_image"},"exclude_global_add_ons":[],"addons":[],"acf":[],"_links":{"self":[{"href":"https:\/\/shop.kustom.ch\/it\/wp-json\/wp\/v2\/product\/601642"}],"collection":[{"href":"https:\/\/shop.kustom.ch\/it\/wp-json\/wp\/v2\/product"}],"about":[{"href":"https:\/\/shop.kustom.ch\/it\/wp-json\/wp\/v2\/types\/product"}],"wp:featuredmedia":[{"embeddable":true,"href":"https:\/\/shop.kustom.ch\/it\/wp-json\/wp\/v2\/media\/601674"}],"wp:attachment":[{"href":"https:\/\/shop.kustom.ch\/it\/wp-json\/wp\/v2\/media?parent=601642"}],"wp:term":[{"taxonomy":"product_brand","embeddable":true,"href":"https:\/\/shop.kustom.ch\/it\/wp-json\/wp\/v2\/product_brand?post=601642"},{"taxonomy":"product_cat","embeddable":true,"href":"https:\/\/shop.kustom.ch\/it\/wp-json\/wp\/v2\/product_cat?post=601642"},{"taxonomy":"product_tag","embeddable":true,"href":"https:\/\/shop.kustom.ch\/it\/wp-json\/wp\/v2\/product_tag?post=601642"}],"curies":[{"name":"wp","href":"https:\/\/api.w.org\/{rel}","templated":true}]}}