{"id":601527,"date":"2025-03-05T02:59:31","date_gmt":"2025-03-05T01:59:31","guid":{"rendered":"https:\/\/shop.kustom.ch\/?post_type=product&#038;p=601527"},"modified":"2026-03-31T08:42:16","modified_gmt":"2026-03-31T07:42:16","slug":"elite-sicherheitsstiefel-2","status":"publish","type":"product","link":"https:\/\/shop.kustom.ch\/it\/prodotto\/elite-sicherheitsstiefel-2\/","title":{"rendered":"Stivali di sicurezza ELITE"},"content":{"rendered":"<p>Uno stivale resistente con una membrana che vi mantiene asciutti in ambienti umidi. Questo stivale \u00e8 realizzato in pelle pieno fiore liscia e di alta qualit\u00e0 per il massimo comfort. Con una protezione in tessuto contro la penetrazione delle unghie, un puntale in alluminio e una punta e un tallone rinforzati in TPU, lo stivale \u00e8 fatto per le condizioni pi\u00f9 difficili. La soletta con supporto anatomico \u00e8 realizzata in materiale PU liscio ricoperto da una superficie tessile con un buon assorbimento dell'umidit\u00e0. La membrana mantiene l'umidit\u00e0 per tutto il giorno e l'allacciatura Freelock facilita la salita e la discesa dagli stivali. Ideale per lavori all'aperto in edilizia, trasporti, manutenzione, riparazione e utilizzo di macchinari. Forma da donna nelle taglie 35-39.<\/p>\n<p>MATERIALE DI PROTEZIONE PASSAGGIO: Tessuto PL. FUNZIONALIT\u00c0: testato ESD (approvato dalla norma IEC 61340-5-1). FODERA: Poliestere. MATERIALE SUOLA INTERNA: Tessile, morbido PU. TOMAIA: Pelle intera. Vestibilit\u00e0: Ampia. TESSUTO: Unisex. nero. impermeabile. SIMBOLI: Impermeabile 3. MATERIALE TAPPO: Alluminio. CERTIFICAZIONE: EN ISO 20345:2011 S3 SRC WR ESD<\/p>","protected":false},"excerpt":{"rendered":"<p>Ein haltbarer Stiefel mit einer Membran, die Sie in nassen Umgebungen trocken h\u00e4lt. Dieser Stiefel besteht aus einem glatten, hochwertigen, vollnarbigen Leder f\u00fcr besten Komfort. Mit einem textilen Nageldurchtrittschutz, einer Zehenkappe aus Aluminium und einem TPU-verst\u00e4rkten Zehen- und Fersenbereich ist der Stiefel f\u00fcr anspruchsvolle Bedingungen gemacht. Die Innensohle mit anatomischer Unterst\u00fctzung besteht aus einem glatten [&hellip;]<\/p>\n","protected":false},"featured_media":601595,"template":"","meta":[],"product_brand":[],"product_cat":[9643,4197],"product_tag":[],"class_list":{"0":"post-601527","1":"product","2":"type-product","3":"status-publish","4":"has-post-thumbnail","6":"product_cat-equipment","7":"product_cat-schuhe-sandalen","8":"pa_brand-blaklaeder","9":"pa_brand-type-workwear","10":"pa_filter-color-schwarz","12":"first","13":"instock","14":"sale","15":"taxable","16":"shipping-taxable","17":"purchasable","18":"product-type-variable","19":"add-to-wishlist-before_image"},"exclude_global_add_ons":[],"addons":[],"acf":[],"_links":{"self":[{"href":"https:\/\/shop.kustom.ch\/it\/wp-json\/wp\/v2\/product\/601527"}],"collection":[{"href":"https:\/\/shop.kustom.ch\/it\/wp-json\/wp\/v2\/product"}],"about":[{"href":"https:\/\/shop.kustom.ch\/it\/wp-json\/wp\/v2\/types\/product"}],"wp:featuredmedia":[{"embeddable":true,"href":"https:\/\/shop.kustom.ch\/it\/wp-json\/wp\/v2\/media\/601595"}],"wp:attachment":[{"href":"https:\/\/shop.kustom.ch\/it\/wp-json\/wp\/v2\/media?parent=601527"}],"wp:term":[{"taxonomy":"product_brand","embeddable":true,"href":"https:\/\/shop.kustom.ch\/it\/wp-json\/wp\/v2\/product_brand?post=601527"},{"taxonomy":"product_cat","embeddable":true,"href":"https:\/\/shop.kustom.ch\/it\/wp-json\/wp\/v2\/product_cat?post=601527"},{"taxonomy":"product_tag","embeddable":true,"href":"https:\/\/shop.kustom.ch\/it\/wp-json\/wp\/v2\/product_tag?post=601527"}],"curies":[{"name":"wp","href":"https:\/\/api.w.org\/{rel}","templated":true}]}}