{"id":601508,"date":"2025-03-05T02:58:57","date_gmt":"2025-03-05T01:58:57","guid":{"rendered":"https:\/\/shop.kustom.ch\/?post_type=product&#038;p=601508"},"modified":"2025-05-09T10:28:21","modified_gmt":"2025-05-09T09:28:21","slug":"guardio-freebird-com","status":"publish","type":"product","link":"https:\/\/shop.kustom.ch\/it\/prodotto\/guardio-freebird-com\/","title":{"rendered":"Guardio Freebird Com"},"content":{"rendered":"<p>Guardio Freebird COM \u00e8 la scelta dei professionisti per la protezione dell'udito e la possibilit\u00e0 di comunicare chiaramente con il proprio team in ambienti rumorosi. Grazie ai microfoni ad asta con riduzione del rumore e alla tecnologia di miglioramento del parlato, potete essere certi che il vostro team sentir\u00e0 ci\u00f2 che dite. Con 16 canali preimpostati e programmabili in PMR466 con funzione VOX, Freebird COM \u00e8 la soluzione ottimale per le squadre pi\u00f9 numerose.Le protezioni acustiche sono dotate di staffe standard da 30 mm che si adattano alla maggior parte dei caschi presenti sul mercato. Inoltre, la serie Freebird \u00e8 co-certificata con i caschi di Guardio, Kask e 3MBBatteria al litio integrata con ricarica a doppia velocit\u00e0 tramite porta USB-C che offre un'autonomia fino a 80 ore di funzionamento con una sola carica.Interruttore radio a comando vocale per comunicazioni stabili (VOX) e software programmabile per canali appositamente sintonizzati. Batteria al litio integrata con ricarica a doppia velocit\u00e0 tramite porta USB-C che offre un'autonomia fino a 80 ore di funzionamento con una singola carica.<\/p>\n<p>TESSUTO: nero<\/p>","protected":false},"excerpt":{"rendered":"<p>Guardio Freebird COM is the professional&#8217;s choice for hearing protection while still being able to communicate clearly with your team in noisy environments. With noise-reducing boom microphones and speech enhancement technology, you can be sure that your team will hear what you say. With 16 pre-set and programmable channels in PMR466 with VOX function, Freebird [&hellip;]<\/p>\n","protected":false},"featured_media":601566,"template":"","meta":[],"product_brand":[],"product_cat":[9643,4209],"product_tag":[],"class_list":{"0":"post-601508","1":"product","2":"type-product","3":"status-publish","4":"has-post-thumbnail","6":"product_cat-equipment","7":"product_cat-zubehoer","8":"pa_brand-blaklaeder","9":"pa_brand-type-workwear","10":"pa_filter-color-schwarz","12":"first","13":"instock","14":"sale","15":"taxable","16":"shipping-taxable","17":"purchasable","18":"product-type-variable","19":"add-to-wishlist-before_image"},"exclude_global_add_ons":[],"addons":[],"acf":[],"_links":{"self":[{"href":"https:\/\/shop.kustom.ch\/it\/wp-json\/wp\/v2\/product\/601508"}],"collection":[{"href":"https:\/\/shop.kustom.ch\/it\/wp-json\/wp\/v2\/product"}],"about":[{"href":"https:\/\/shop.kustom.ch\/it\/wp-json\/wp\/v2\/types\/product"}],"wp:featuredmedia":[{"embeddable":true,"href":"https:\/\/shop.kustom.ch\/it\/wp-json\/wp\/v2\/media\/601566"}],"wp:attachment":[{"href":"https:\/\/shop.kustom.ch\/it\/wp-json\/wp\/v2\/media?parent=601508"}],"wp:term":[{"taxonomy":"product_brand","embeddable":true,"href":"https:\/\/shop.kustom.ch\/it\/wp-json\/wp\/v2\/product_brand?post=601508"},{"taxonomy":"product_cat","embeddable":true,"href":"https:\/\/shop.kustom.ch\/it\/wp-json\/wp\/v2\/product_cat?post=601508"},{"taxonomy":"product_tag","embeddable":true,"href":"https:\/\/shop.kustom.ch\/it\/wp-json\/wp\/v2\/product_tag?post=601508"}],"curies":[{"name":"wp","href":"https:\/\/api.w.org\/{rel}","templated":true}]}}