{"id":601493,"date":"2025-03-05T02:58:26","date_gmt":"2025-03-05T01:58:26","guid":{"rendered":"https:\/\/shop.kustom.ch\/?post_type=product&#038;p=601493"},"modified":"2025-05-09T10:28:27","modified_gmt":"2025-05-09T09:28:27","slug":"guardio-visor-flex-headlamp","status":"publish","type":"product","link":"https:\/\/shop.kustom.ch\/it\/prodotto\/guardio-visor-flex-headlamp\/","title":{"rendered":"Lampada frontale Guardio Visor Flex"},"content":{"rendered":"<p>L'esclusiva lampada Guardio VisorFlex \u00e8 progettata per essere utilizzata insieme alla visiera del casco senza compromettere l'usabilit\u00e0 e la funzionalit\u00e0. La lampada frontale e il suo supporto per il casco sono fissati attraverso i fori a vite della visiera e consentono all'utente di regolare contemporaneamente la lampada frontale e la visiera per garantire un'illuminazione ottimale e una perfetta distribuzione della luce, indipendentemente dal fatto che la visiera sia ripiegata o meno sul casco. La lampada frontale pu\u00f2 essere ricaricata collegando il cavo di ricarica in dotazione direttamente all'alloggiamento della lampada o, in alternativa, caricando la batteria nel caricabatterie esterno disponibile come accessorio. Naturalmente \u00e8 inclusa una fascia flessibile e resistente per l'uso senza visiera. Cinque modalit\u00e0 di illuminazione che offrono una luminosit\u00e0 fino a 2360 lumen. A queste si aggiungono la modalit\u00e0 SOS e la modalit\u00e0 flash. Batteria ricaricabile e sostituibile che si ricarica rapidamente tramite USB Type-C.? Leggerezza: sviluppate con particolare attenzione all'ergonomia e alla leggerezza. Solo 106 g, compresa la batteria e il supporto per la visiera.? Obiettivo accuratamente progettato che illumina sia in largo che in largo, con un raggio d'azione fino a 150m.<\/p>\n<p>TESSUTO: nero<\/p>","protected":false},"excerpt":{"rendered":"<p>The unique Guardio VisorFlex light is designed to be used together with the helmet&#8217;s visor without compromising usability and functionality. The headlamp and its helmet holder are attached through the visor&#8217;s screw holes and enable the user to adjust the headlamp and visor simultaneously to ensure optimal illumination and perfect light distribution regardless of whether [&hellip;]<\/p>\n","protected":false},"featured_media":601564,"template":"","meta":[],"product_brand":[],"product_cat":[9643,4209],"product_tag":[],"class_list":{"0":"post-601493","1":"product","2":"type-product","3":"status-publish","4":"has-post-thumbnail","6":"product_cat-equipment","7":"product_cat-zubehoer","8":"pa_brand-blaklaeder","9":"pa_brand-type-workwear","10":"pa_filter-color-schwarz","12":"first","13":"instock","14":"sale","15":"taxable","16":"shipping-taxable","17":"purchasable","18":"product-type-variable","19":"add-to-wishlist-before_image"},"exclude_global_add_ons":[],"addons":[],"acf":[],"_links":{"self":[{"href":"https:\/\/shop.kustom.ch\/it\/wp-json\/wp\/v2\/product\/601493"}],"collection":[{"href":"https:\/\/shop.kustom.ch\/it\/wp-json\/wp\/v2\/product"}],"about":[{"href":"https:\/\/shop.kustom.ch\/it\/wp-json\/wp\/v2\/types\/product"}],"wp:featuredmedia":[{"embeddable":true,"href":"https:\/\/shop.kustom.ch\/it\/wp-json\/wp\/v2\/media\/601564"}],"wp:attachment":[{"href":"https:\/\/shop.kustom.ch\/it\/wp-json\/wp\/v2\/media?parent=601493"}],"wp:term":[{"taxonomy":"product_brand","embeddable":true,"href":"https:\/\/shop.kustom.ch\/it\/wp-json\/wp\/v2\/product_brand?post=601493"},{"taxonomy":"product_cat","embeddable":true,"href":"https:\/\/shop.kustom.ch\/it\/wp-json\/wp\/v2\/product_cat?post=601493"},{"taxonomy":"product_tag","embeddable":true,"href":"https:\/\/shop.kustom.ch\/it\/wp-json\/wp\/v2\/product_tag?post=601493"}],"curies":[{"name":"wp","href":"https:\/\/api.w.org\/{rel}","templated":true}]}}