{"id":601492,"date":"2025-03-05T02:58:26","date_gmt":"2025-03-05T01:58:26","guid":{"rendered":"https:\/\/shop.kustom.ch\/?post_type=product&#038;p=601492"},"modified":"2025-05-09T10:28:24","modified_gmt":"2025-05-09T09:28:24","slug":"guardio-freebird-pro","status":"publish","type":"product","link":"https:\/\/shop.kustom.ch\/it\/prodotto\/guardio-freebird-pro\/","title":{"rendered":"Guardio Freebird Pro"},"content":{"rendered":"<p>Guardio Freebird PRO \u00e8 la soluzione definitiva per i professionisti che cercano libert\u00e0 e flessibilit\u00e0 durante la giornata lavorativa. Grazie alla radio di comunicazione integrata e alla tecnologia Bluetooth multipoint, \u00e8 possibile comunicare facilmente con i colleghi e allo stesso tempo ascoltare musica in streaming con un'elevata qualit\u00e0 audio grazie alla tecnologia apt-X brevettata da Qualcomm. Le cuffie sono dotate di supporti standard da 30 mm che si adattano alla maggior parte dei caschi presenti sul mercato. Inoltre, la serie Freebird \u00e8 co-certificata con i caschi di Guardio, Kask, Petzl, 3M e Iris.Batteria al litio incorporata con ricarica a doppia velocit\u00e0 tramite porta USB-C che offre un'autonomia fino a 120 ore di funzionamento con una singola carica.La tecnologia audio Qualcom aptXT \u00e8 progettata per un'esperienza sonora eccellente sia per la musica che per le chiamate. Utilizzata da molti dei principali produttori mondiali di altoparlanti, soundbar e cuffie.Batteria al litio integrata con ricarica a doppia velocit\u00e0 tramite porta USB-C che offre un'autonomia fino a 120 ore di funzionamento con una singola carica.Grazie a una soluzione di cavo intelligente, potete scegliere voi stessi se collegare le vostre protezioni acustiche a un casco o utilizzarle con una fascia. Naturalmente, sia la fascia che il supporto per il casco sono inclusi nell'acquisto del Guardio Freebird.La pi\u00f9 recente tecnologia Bluetooth con supporto per la connessione Multipoint per collegare due telefoni cellulari contemporaneamente<\/p>\n<p>TESSUTO: nero<\/p>","protected":false},"excerpt":{"rendered":"<p>Guardio Freebird PRO is the ultimate solution for professionals looking for freedom and flexibility during the workday. With the built-in communication radio and Bluetooth multipoint technology, you can easily communicate with your colleagues and at the same time stream music with high sound quality thanks to Qualcomm&#8217;s patented apt-X technology.The headset has standard 30mm mounts [&hellip;]<\/p>\n","protected":false},"featured_media":601550,"template":"","meta":[],"product_brand":[],"product_cat":[9643,4209],"product_tag":[],"class_list":{"0":"post-601492","1":"product","2":"type-product","3":"status-publish","4":"has-post-thumbnail","6":"product_cat-equipment","7":"product_cat-zubehoer","8":"pa_brand-blaklaeder","9":"pa_brand-type-workwear","10":"pa_filter-color-schwarz","12":"first","13":"instock","14":"sale","15":"taxable","16":"shipping-taxable","17":"purchasable","18":"product-type-variable","19":"add-to-wishlist-before_image"},"exclude_global_add_ons":[],"addons":[],"acf":[],"_links":{"self":[{"href":"https:\/\/shop.kustom.ch\/it\/wp-json\/wp\/v2\/product\/601492"}],"collection":[{"href":"https:\/\/shop.kustom.ch\/it\/wp-json\/wp\/v2\/product"}],"about":[{"href":"https:\/\/shop.kustom.ch\/it\/wp-json\/wp\/v2\/types\/product"}],"wp:featuredmedia":[{"embeddable":true,"href":"https:\/\/shop.kustom.ch\/it\/wp-json\/wp\/v2\/media\/601550"}],"wp:attachment":[{"href":"https:\/\/shop.kustom.ch\/it\/wp-json\/wp\/v2\/media?parent=601492"}],"wp:term":[{"taxonomy":"product_brand","embeddable":true,"href":"https:\/\/shop.kustom.ch\/it\/wp-json\/wp\/v2\/product_brand?post=601492"},{"taxonomy":"product_cat","embeddable":true,"href":"https:\/\/shop.kustom.ch\/it\/wp-json\/wp\/v2\/product_cat?post=601492"},{"taxonomy":"product_tag","embeddable":true,"href":"https:\/\/shop.kustom.ch\/it\/wp-json\/wp\/v2\/product_tag?post=601492"}],"curies":[{"name":"wp","href":"https:\/\/api.w.org\/{rel}","templated":true}]}}