{"id":601449,"date":"2025-03-05T02:57:49","date_gmt":"2025-03-05T01:57:49","guid":{"rendered":"https:\/\/shop.kustom.ch\/?post_type=product&#038;p=601449"},"modified":"2025-03-05T23:59:02","modified_gmt":"2025-03-05T22:59:02","slug":"wireless-phone-headset-3m-peltor-ws-alert-xpi-with-mobile-app-helmet-mount-including-batterie-and","status":"publish","type":"product","link":"https:\/\/shop.kustom.ch\/it\/prodotto\/wireless-phone-headset-3m-peltor-ws-alert-xpi-with-mobile-app-helmet-mount-including-batterie-and\/","title":{"rendered":"Cuffia telefonica senza fili 3M Peltor WS Alert XPI con applicazione mobile - montaggio sul casco, batteria e batteria incluse."},"content":{"rendered":"<p>La cuffia 3M Peltor WS Alert XPI con Bluetooth MultiPoint include un'applicazione mobile per comode impostazioni e regolazioni della cuffia, che pu\u00f2 essere collegata in modalit\u00e0 wireless a due dispositivi esterni.* Collegata tramite l'App 3M Connected Equipment* Tecnologia wireless Bluetooth* Microfono ad asta con cancellazione del rumore* Funzione di suono ambientale dipendente dal livello* Radio FM incorporata* Nuove coperture per la cuffia, rosa e blu, incluse nel prodotto* Per ogni cuffia venduta, 3M far\u00e0 una donazione sia all'Associazione svedese per il cancro al seno che all'Associazione per il cancro alla prostata per aiutare a finanziare la ricerca e la sensibilizzazione sul cancro.Conforme alle norme EN 352-1:2002 \/ EN 352-3:2002, EN 352-4:2001\/A1:2005, EN 352-6:2002, EN 352-8:2008.La cuffia 3M Peltor WS Alert XPI \u00e8 dotata di un'applicazione mobile, di un microfono a cancellazione di rumore e della pi\u00f9 recente tecnologia Bluetooth MultiPoint, che consente di collegare in modalit\u00e0 wireless la cuffia a uno o due telefoni cellulari in modo da poter effettuare o ricevere chiamate in ambienti rumorosi senza interrompere il lavoro. Le propriet\u00e0 uniche del microfono a cancellazione di rumore consentono di utilizzare il telefono in ambienti rumorosi. Il parlato viene amplificato mentre il rumore di fondo viene eliminato. La nuova App 3M Connected Equipment consente di navigare all'interno del menu delle cuffie per eseguire rapidamente e facilmente tutte le configurazioni. L'applicazione consente inoltre di accedere rapidamente al manuale d'uso, alle FAQ e alla scheda tecnica del prodotto. Le nuove cuffie 3M Peltor WS Alert XPI con applicazione mobile sono disponibili in due nuovi colori: rosa e blu.<\/p>\n<p>TESSUTO: blu<\/p>","protected":false},"excerpt":{"rendered":"<p>The 3M Peltor WS Alert XPI Headset with Bluetooth MultiPoint includes a mobile app for convenient settings and adjustments to your headset, which can be wirelessly linked to two external devices.* Connected via 3M Connected Equipment App* Bluetooth wireless technology* Noise-cancelling boom microphone* Level-dependent ambient sound function* Built-in FM radio* New headset covers, pink and [&hellip;]<\/p>\n","protected":false},"featured_media":601504,"template":"","meta":[],"product_brand":[],"product_cat":[9643,4209],"product_tag":[],"class_list":{"0":"post-601449","1":"product","2":"type-product","3":"status-publish","4":"has-post-thumbnail","6":"product_cat-equipment","7":"product_cat-zubehoer","8":"pa_brand-blaklaeder","9":"pa_brand-type-workwear","10":"pa_filter-color-blau","11":"pa_filter-color-schwarz","13":"first","14":"instock","15":"sale","16":"taxable","17":"shipping-taxable","18":"purchasable","19":"product-type-variable","20":"add-to-wishlist-before_image"},"exclude_global_add_ons":[],"addons":[],"acf":[],"_links":{"self":[{"href":"https:\/\/shop.kustom.ch\/it\/wp-json\/wp\/v2\/product\/601449"}],"collection":[{"href":"https:\/\/shop.kustom.ch\/it\/wp-json\/wp\/v2\/product"}],"about":[{"href":"https:\/\/shop.kustom.ch\/it\/wp-json\/wp\/v2\/types\/product"}],"wp:featuredmedia":[{"embeddable":true,"href":"https:\/\/shop.kustom.ch\/it\/wp-json\/wp\/v2\/media\/601504"}],"wp:attachment":[{"href":"https:\/\/shop.kustom.ch\/it\/wp-json\/wp\/v2\/media?parent=601449"}],"wp:term":[{"taxonomy":"product_brand","embeddable":true,"href":"https:\/\/shop.kustom.ch\/it\/wp-json\/wp\/v2\/product_brand?post=601449"},{"taxonomy":"product_cat","embeddable":true,"href":"https:\/\/shop.kustom.ch\/it\/wp-json\/wp\/v2\/product_cat?post=601449"},{"taxonomy":"product_tag","embeddable":true,"href":"https:\/\/shop.kustom.ch\/it\/wp-json\/wp\/v2\/product_tag?post=601449"}],"curies":[{"name":"wp","href":"https:\/\/api.w.org\/{rel}","templated":true}]}}