{"id":601447,"date":"2025-03-05T02:57:48","date_gmt":"2025-03-05T01:57:48","guid":{"rendered":"https:\/\/shop.kustom.ch\/?post_type=product&#038;p=601447"},"modified":"2025-03-05T23:58:58","modified_gmt":"2025-03-05T22:58:58","slug":"hoerselkapa-3m-peltor-ws-alert-xp-5-hjaelmfaeste","status":"publish","type":"product","link":"https:\/\/shop.kustom.ch\/it\/prodotto\/hoerselkapa-3m-peltor-ws-alert-xp-5-hjaelmfaeste\/","title":{"rendered":"H\u00f6rselk\u00e5pa 3M Peltor WS Alert XP 5 Hj\u00e4lmf\u00e4ste"},"content":{"rendered":"<p>Dispositivo di ascolto con apparecchio acustico, Bluetooth e ingresso radio FM* \u00c8 possibile collegarsi a un telefono cellulare tramite Bluetooth* Il microfono posto all'esterno del dispositivo di ascolto pu\u00f2 essere utilizzato per trasmettere il suono. Il suono viene analizzato elettronicamente e il suono forte viene attenuato automaticamente. Non \u00e8 necessario ascoltare il suono che viene analizzato e si possono ascoltare le altre persone che ascoltano nella rete.* Push to Listen - Ascoltare il volume che si sta ascoltando e ascoltare l'audio con un doppio clic sul pulsante.* La durata della batteria per lo streaming e le telefonate via Bluetooth \u00e8 fino a 78 ore, 58 ore con la radio FM.* Tramite il telefono cellulare, \u00e8 possibile selezionare diverse funzioni e verificare se \u00e8 necessario utilizzare il kit igienico.Livelli di attenuazione con EN 352-1:2002 \/ EN 352-3:2003 \/ EN 352-4:2001\/A1:2005 \/ EN 352-6:2002:H = 34M = 28L = 18SNR = 30<\/p>\n<p>TESSUTO: nero<\/p>","protected":false},"excerpt":{"rendered":"<p>H\u00f6rselk\u00e5pa med hj\u00e4lmf\u00e4ste, Bluetooth och inbygg FM-radio.* Man kan via Bluetooth ansluta en mobiltelefon.* Bullerreducerande bommikrofon f\u00f6r klar \u00f6verf\u00f6ring av talljudet i bullriga milj\u00f6er* Mikrofonerna p\u00e5 utsidan av h\u00f6rselk\u00e5pan f\u00e5ngar upp ljud omkring dig. Ljudet analyseras elektroniskt och starka ljud d\u00e4mpas automatiskt. Du skadar inte h\u00f6rseln samtidigt som tal sorteras ut och du kan h\u00f6ra [&hellip;]<\/p>\n","protected":false},"featured_media":601502,"template":"","meta":[],"product_brand":[],"product_cat":[9643,4209],"product_tag":[],"class_list":{"0":"post-601447","1":"product","2":"type-product","3":"status-publish","4":"has-post-thumbnail","6":"product_cat-equipment","7":"product_cat-zubehoer","8":"pa_brand-blaklaeder","9":"pa_brand-type-workwear","10":"pa_filter-color-schwarz","12":"first","13":"instock","14":"sale","15":"taxable","16":"shipping-taxable","17":"purchasable","18":"product-type-variable","19":"add-to-wishlist-before_image"},"exclude_global_add_ons":[],"addons":[],"acf":[],"_links":{"self":[{"href":"https:\/\/shop.kustom.ch\/it\/wp-json\/wp\/v2\/product\/601447"}],"collection":[{"href":"https:\/\/shop.kustom.ch\/it\/wp-json\/wp\/v2\/product"}],"about":[{"href":"https:\/\/shop.kustom.ch\/it\/wp-json\/wp\/v2\/types\/product"}],"wp:featuredmedia":[{"embeddable":true,"href":"https:\/\/shop.kustom.ch\/it\/wp-json\/wp\/v2\/media\/601502"}],"wp:attachment":[{"href":"https:\/\/shop.kustom.ch\/it\/wp-json\/wp\/v2\/media?parent=601447"}],"wp:term":[{"taxonomy":"product_brand","embeddable":true,"href":"https:\/\/shop.kustom.ch\/it\/wp-json\/wp\/v2\/product_brand?post=601447"},{"taxonomy":"product_cat","embeddable":true,"href":"https:\/\/shop.kustom.ch\/it\/wp-json\/wp\/v2\/product_cat?post=601447"},{"taxonomy":"product_tag","embeddable":true,"href":"https:\/\/shop.kustom.ch\/it\/wp-json\/wp\/v2\/product_tag?post=601447"}],"curies":[{"name":"wp","href":"https:\/\/api.w.org\/{rel}","templated":true}]}}