{"id":601248,"date":"2025-03-05T02:50:15","date_gmt":"2025-03-05T01:50:15","guid":{"rendered":"https:\/\/shop.kustom.ch\/?post_type=product&#038;p=601248"},"modified":"2025-03-05T23:56:54","modified_gmt":"2025-03-05T22:56:54","slug":"muetze-limited-edition","status":"publish","type":"product","link":"https:\/\/shop.kustom.ch\/it\/prodotto\/muetze-limited-edition\/","title":{"rendered":"Cappello in edizione limitata"},"content":{"rendered":"<p>Cappello caldo, alla moda e lavorato a maglia con etichetta in tessuto. Disponibile in quattro colori: Verde autunno, rosso ruggine, blu scuro e nero.<\/p>\n<p>CARATTERISTICHE PRINCIPALI: Unisex. TESSUTO: blu. ISTRUZIONI DI LAVAGGIO: non candeggiare.<\/p>","protected":false},"excerpt":{"rendered":"<p>Warme, modische und gestrickte M\u00fctze mit Stoffetikett. Erh\u00e4ltlich in vier Farben: Herbstgr\u00fcn, Rostrot, Dunkel Marineblau und Schwarz. HAUPTEIGENSCHAFTEN: Unisex. STOFF: blau. WASCHANLEITUNG: Nicht bleichen<\/p>","protected":false},"featured_media":601290,"template":"","meta":[],"product_brand":[],"product_cat":[9643,4209],"product_tag":[],"class_list":{"0":"post-601248","1":"product","2":"type-product","3":"status-publish","4":"has-post-thumbnail","6":"product_cat-equipment","7":"product_cat-zubehoer","8":"pa_brand-blaklaeder","9":"pa_brand-type-workwear","10":"pa_filter-color-blau","12":"first","13":"instock","14":"sale","15":"taxable","16":"shipping-taxable","17":"purchasable","18":"product-type-variable","19":"add-to-wishlist-before_image"},"exclude_global_add_ons":[],"addons":[],"acf":[],"_links":{"self":[{"href":"https:\/\/shop.kustom.ch\/it\/wp-json\/wp\/v2\/product\/601248"}],"collection":[{"href":"https:\/\/shop.kustom.ch\/it\/wp-json\/wp\/v2\/product"}],"about":[{"href":"https:\/\/shop.kustom.ch\/it\/wp-json\/wp\/v2\/types\/product"}],"wp:featuredmedia":[{"embeddable":true,"href":"https:\/\/shop.kustom.ch\/it\/wp-json\/wp\/v2\/media\/601290"}],"wp:attachment":[{"href":"https:\/\/shop.kustom.ch\/it\/wp-json\/wp\/v2\/media?parent=601248"}],"wp:term":[{"taxonomy":"product_brand","embeddable":true,"href":"https:\/\/shop.kustom.ch\/it\/wp-json\/wp\/v2\/product_brand?post=601248"},{"taxonomy":"product_cat","embeddable":true,"href":"https:\/\/shop.kustom.ch\/it\/wp-json\/wp\/v2\/product_cat?post=601248"},{"taxonomy":"product_tag","embeddable":true,"href":"https:\/\/shop.kustom.ch\/it\/wp-json\/wp\/v2\/product_tag?post=601248"}],"curies":[{"name":"wp","href":"https:\/\/api.w.org\/{rel}","templated":true}]}}