{"id":601190,"date":"2025-03-05T02:49:27","date_gmt":"2025-03-05T01:49:27","guid":{"rendered":"https:\/\/shop.kustom.ch\/?post_type=product&#038;p=601190"},"modified":"2026-03-31T09:13:15","modified_gmt":"2026-03-31T08:13:15","slug":"damen-high-vis-arbeitshose-mit-stretch-3","status":"publish","type":"product","link":"https:\/\/shop.kustom.ch\/it\/prodotto\/damen-high-vis-arbeitshose-mit-stretch-3\/","title":{"rendered":"Pantaloni da lavoro da donna con visiera alta ed elasticizzata"},"content":{"rendered":"<p>Robusti, comodi e pratici pantaloni da lavoro high vis in cotone 100 % con sezioni high vis. Questi pantaloni da donna sono dotati di inserti elasticizzati a 4 vie sul retro per una sensazione di particolare leggerezza e comfort. Tasca porta metro pieghevole, tasche per fondina, tasca per cellulare facilmente accessibile e tasche posteriori rinforzate con CORDURA\u00ae. I pantaloni sono inoltre dotati di tasche per ginocchiere rinforzate con CORDURA\u00ae stretch per un maggiore comfort. Disponibile anche come modello da uomo 1794. Certificato secondo la norma EN ISO 20471, classe 1.<\/p>\n<p>CHIUSURA: estremit\u00e0 delle gambe con rinforzo sul retro. DETTAGLI: Tasca per carte d'identit\u00e0 staccabile. Bottoni a pressione in metallo. Portacoltelli con bottone. Cucitura interna della gamba con tripla impuntura. Zip in plastica sul cavallo. Due passanti per cintura ai lati con bottone per il passante per il martello, un passante per cintura con anello a D sul davanti. Ampio passante per cintura sul retro. Anello a D sulla cintura. FUNZIONALIT\u00c0: inserto elasticizzato sul retro. Gambe dei pantaloni particolarmente ergonomiche. PROPRIET\u00c0 PRINCIPALI: Lavoratori stradali ed edili. EN ISO 20471. REFLEX: Dettagli riflettenti sulla gamba. TESSUTO: Disponibile per uomo e donna. blu. Tasche per ginocchiere. Stretch. TASCHE: Tasca sulla gamba con soffietto, tasca per le penne, tasca flessibile per il cellulare e due grandi tasche - una con zip e tasca per carte d'identit\u00e0 staccabile. Tasche posteriori rinforzate con soffietti. Adatte a tutti i modelli con tasche per ginocchiere Bl\u00e5kl\u00e4der. Tasche per chiodi - con portautensili e tasche supplementari con cerniera. Tasca interna con inserto elastico. Tasca rinforzata per righello con portacoltelli e tasca per penna. ISTRUZIONI DI LAVAGGIO: Numero di lavaggi: 50. 40\u00b0 C. RINFORZO: Tasche per unghie, tasca per righello, tasche posteriori e fondo gamba rinforzati in CORDURA\u00ae. CERTIFICAZIONE: EN 14404:2004+A1:2010 insieme alle ginocchiere 4027, 4057, 4058 e 4032. gruppo di certificazione W<\/p>\n<p>100% Cotone, twill, 370 g\/m\u00b2<\/p>","protected":false},"excerpt":{"rendered":"<p>Robuste, bequeme und praktische High Vis Arbeitshose aus 100 % Baumwolle mit High Vis Abschnitten. Diese Damenhose hat 4-Wege-Stretcheins\u00e4tze auf der R\u00fcckseite f\u00fcr ein besonders leichtes und angenehmes Tragegef\u00fchl. Zollstocktasche, Holstertaschen, leicht zug\u00e4ngliche Handytasche und Ges\u00e4sstaschen, die mit CORDURA\u00ae verst\u00e4rkt sind. Die Hose verf\u00fcgt ausserdem \u00fcber mit CORDURA\u00ae-Stretch verst\u00e4rkte Kniepolstertaschen, um den Tragekomfort zu erh\u00f6hen. [&hellip;]<\/p>\n","protected":false},"featured_media":601210,"template":"","meta":[],"product_brand":[],"product_cat":[4185],"product_tag":[],"class_list":{"0":"post-601190","1":"product","2":"type-product","3":"status-publish","4":"has-post-thumbnail","6":"product_cat-hosen","7":"pa_brand-blaklaeder","8":"pa_brand-type-workwear","9":"pa_filter-color-blau","10":"pa_filter-color-gelb","11":"pa_filter-color-schwarz","13":"first","14":"instock","15":"sale","16":"taxable","17":"shipping-taxable","18":"purchasable","19":"product-type-variable","20":"add-to-wishlist-before_image"},"exclude_global_add_ons":[],"addons":[],"acf":[],"_links":{"self":[{"href":"https:\/\/shop.kustom.ch\/it\/wp-json\/wp\/v2\/product\/601190"}],"collection":[{"href":"https:\/\/shop.kustom.ch\/it\/wp-json\/wp\/v2\/product"}],"about":[{"href":"https:\/\/shop.kustom.ch\/it\/wp-json\/wp\/v2\/types\/product"}],"wp:featuredmedia":[{"embeddable":true,"href":"https:\/\/shop.kustom.ch\/it\/wp-json\/wp\/v2\/media\/601210"}],"wp:attachment":[{"href":"https:\/\/shop.kustom.ch\/it\/wp-json\/wp\/v2\/media?parent=601190"}],"wp:term":[{"taxonomy":"product_brand","embeddable":true,"href":"https:\/\/shop.kustom.ch\/it\/wp-json\/wp\/v2\/product_brand?post=601190"},{"taxonomy":"product_cat","embeddable":true,"href":"https:\/\/shop.kustom.ch\/it\/wp-json\/wp\/v2\/product_cat?post=601190"},{"taxonomy":"product_tag","embeddable":true,"href":"https:\/\/shop.kustom.ch\/it\/wp-json\/wp\/v2\/product_tag?post=601190"}],"curies":[{"name":"wp","href":"https:\/\/api.w.org\/{rel}","templated":true}]}}