{"id":601142,"date":"2025-03-05T02:48:47","date_gmt":"2025-03-05T01:48:47","guid":{"rendered":"https:\/\/shop.kustom.ch\/?post_type=product&#038;p=601142"},"modified":"2026-03-31T09:12:36","modified_gmt":"2026-03-31T08:12:36","slug":"damen-handwerker-shorts-4-wege-stretch","status":"publish","type":"product","link":"https:\/\/shop.kustom.ch\/it\/prodotto\/damen-handwerker-shorts-4-wege-stretch\/","title":{"rendered":"Pantaloncini artigianali da donna elasticizzati in 4 direzioni"},"content":{"rendered":"<p>Pantaloncini artigianali dal taglio femminile. Una combinazione di materiali leggeri elasticizzati in 4 direzioni che offrono il massimo comfort. La parte posteriore e il cavallo sono elasticizzati a 4 vie con cotone all'interno per il massimo comfort e il carr\u00e9 posteriore \u00e8 dotato di un materiale extra leggero elasticizzato a 4 vie per la ventilazione. I pantaloncini hanno una vestibilit\u00e0 e un aspetto pi\u00f9 aderenti. L'abbigliamento da lavoro perfetto per le giornate calde. Disponibile anche come modello da uomo 1520.<\/p>\n<p>DETTAGLI: Tasca per carte d'identit\u00e0 staccabile. Bottoni in metallo. Portacoltelli con bottone. Cucitura al cavallo con doppia cucitura. Zip in plastica sul cavallo. Due passanti sui lati con bottone per il portamartello. Vita elasticizzata. FUNZIONALIT\u00c0: stretch a 4 vie. Taglia donna. CARATTERISTICHE PRINCIPALI: Elettricista. Donna. TESSUTO: Donna. nero. Inserto elasticizzato. Stretch. TASCHE: Tasche posteriori rinforzate con soffietti. Tasche per le unghie - con portautensili e tasca extra con zip. Tasche con soffietto, portapenne e portacoltelli. Patta con bottone magnetico nascosto. Tasche laterali. Tasca rinforzata per regolo pieghevole con portacoltelli e portapenne. ISTRUZIONI DI LAVAGGIO: Non lavare a secco. RINFORZO: tasche appese rinforzate in CORDURA\u00ae, tasche posteriori, tasca porta metro, tasche sulle gambe.<\/p>\n<p>Poliammide 92%, elastan 8%, doppio tessuto, elasticizzato in 4 direzioni, 230 g\/m\u00b2.<\/p>","protected":false},"excerpt":{"rendered":"<p>Eine Handwerker Shorts mit einem weiblichen Schnitt. Eine Kombination aus leichten 4-Wege-Stretch-Materialien, die den ultimativen Komfort bieten. R\u00fcckseite und Schritt haben einen 4-Wege-Stretch mit Baumwolle innen f\u00fcr maximalen Komfort und die hintere Passe hat ein extra leichtes 4-Wege-Stretch-Material f\u00fcr Bel\u00fcftung. Die Shorts hat eine engere Passform und ein engeres Aussehen. Die perfekte Handwerkerkleidung f\u00fcr heisse [&hellip;]<\/p>\n","protected":false},"featured_media":601168,"template":"","meta":[],"product_brand":[],"product_cat":[4198],"product_tag":[],"class_list":{"0":"post-601142","1":"product","2":"type-product","3":"status-publish","4":"has-post-thumbnail","6":"product_cat-shorts","7":"pa_brand-blaklaeder","8":"pa_brand-type-workwear","9":"pa_filter-color-blau","10":"pa_filter-color-grau","11":"pa_filter-color-schwarz","13":"first","14":"instock","15":"sale","16":"taxable","17":"shipping-taxable","18":"purchasable","19":"product-type-variable","20":"add-to-wishlist-before_image"},"exclude_global_add_ons":[],"addons":[],"acf":[],"_links":{"self":[{"href":"https:\/\/shop.kustom.ch\/it\/wp-json\/wp\/v2\/product\/601142"}],"collection":[{"href":"https:\/\/shop.kustom.ch\/it\/wp-json\/wp\/v2\/product"}],"about":[{"href":"https:\/\/shop.kustom.ch\/it\/wp-json\/wp\/v2\/types\/product"}],"wp:featuredmedia":[{"embeddable":true,"href":"https:\/\/shop.kustom.ch\/it\/wp-json\/wp\/v2\/media\/601168"}],"wp:attachment":[{"href":"https:\/\/shop.kustom.ch\/it\/wp-json\/wp\/v2\/media?parent=601142"}],"wp:term":[{"taxonomy":"product_brand","embeddable":true,"href":"https:\/\/shop.kustom.ch\/it\/wp-json\/wp\/v2\/product_brand?post=601142"},{"taxonomy":"product_cat","embeddable":true,"href":"https:\/\/shop.kustom.ch\/it\/wp-json\/wp\/v2\/product_cat?post=601142"},{"taxonomy":"product_tag","embeddable":true,"href":"https:\/\/shop.kustom.ch\/it\/wp-json\/wp\/v2\/product_tag?post=601142"}],"curies":[{"name":"wp","href":"https:\/\/api.w.org\/{rel}","templated":true}]}}