{"id":600903,"date":"2025-03-05T02:44:55","date_gmt":"2025-03-05T01:44:55","guid":{"rendered":"https:\/\/shop.kustom.ch\/?post_type=product&#038;p=600903"},"modified":"2026-03-31T09:05:41","modified_gmt":"2026-03-31T08:05:41","slug":"damen-multinorm-winterjacke","status":"publish","type":"product","link":"https:\/\/shop.kustom.ch\/it\/prodotto\/damen-multinorm-winterjacke\/","title":{"rendered":"Giacca invernale multinorm da donna"},"content":{"rendered":"<p>L'ultima giacca invernale ignifuga di Bl\u00e5kl\u00e4der, con taglio femminile. Questa giacca \u00e8 la scelta ideale se lavorate in ambienti a rischio di fiamme. Grazie alla sua calda fodera, al tessuto laminato e alle cuciture nastrate, protegge anche dal freddo, dal vento e dalla pioggia. Un capo completamente privo di metalli, con strisce riflettenti a trasferimento segmentato e dettagli riflettenti sulle spalle per una visibilit\u00e0 in tutte le direzioni, un comodo pile nelle tasche e una zip bidirezionale in plastica. Questa giacca oleorepellente, antisporco e idrorepellente \u00e8 in grado di resistere a tutte le condizioni atmosferiche per affrontare qualsiasi lavoro. Il cappuccio 2167 compatibile con il casco \u00e8 disponibile separatamente. La giacca \u00e8 disponibile anche nel modello da uomo 4517. Certificato secondo la norma IEC 61482-2: APC 2, ELIM 33 cal\/cm\u00b2 e ATPV 39 cal\/cm\u00b2. EN 1149, EN ISO 11612, EN ISO 11611, EN 13034 e EN ISO 20471. EN 343 4\/1 - colonna d'acqua nominale: 12.000 mm. EN 342 insieme al modello 1817 - valore CLO 2,19, Icler 0,326 m\u00b2 K\/W.<\/p>\n<p>CHIUSURA: Schiena allungata. Polsini regolabili con chiusura in velcro e polsini. DETTAGLI: Buone superfici per le rifiniture. Anello a D. Etichette di certificazione esterne. Bottoni a pressione in plastica. Con bottoni per il fissaggio del cappuccio (venduto separatamente, 2167). Cuciture nastrate. Passanti su entrambi i lati del petto per microfoni e altre attrezzature. CHIUSURA ANTERIORE: Zip nascosta in plastica a due vie. FUNZIONALIT\u00c0: Materiale antivento e impermeabile con traspirabilit\u00e0, cuciture nastrate. CARATTERISTICHE PRINCIPALI: Dipendente dal servizio. EN 1149-5. REFLEX: strisce riflettenti a trasferimento ritardato di fiamma interrotto. TESSUTO: Donna. Giallo alta visibilit\u00e0. Senza metallo. Ritardante di fiamma. TASCHE: Tasche sul petto con cerniera e anello a D. Tasca interna per documenti. Tasche interne, di cui una con cerniera. Tasca a fessura foderata in pile con cerniera. ISTRUZIONI DI LAVAGGIO: 60\u00b0 C. CERTIFICAZIONE: EN 1149-5. 20 lavaggi max. Certificato secondo la norma EN 342 insieme all'articolo 1817. EN 343, classe 4.1. ATPV - 39 cal\/cm\u00b2. EN ISO 11611, classe 1 A1+A2. EN ISO 11612 A1, A2, B1, C1, E3, F1. EN ISO 20471, classe 2<\/p>\n<p>44% modacrilico, 30% cotone, 20% poliammide, 5% aramide, 1% antistatico, ripstop, ritardante di fiamma, antistatico, rivestito, impermeabile 12000 mm, antivento, traspirante Ret 8.15, 290 g\/m\u00b2<\/p>","protected":false},"excerpt":{"rendered":"<p>Die ultimative flammhemmende Winterjacke von Bl\u00e5kl\u00e4der, mit einem Schnitt f\u00fcr Frauen. Diese Jacke ist die ideale Wahl, wenn Sie in flammengef\u00e4hrdeten Umgebungen arbeiten. Mit ihrem warmen Futter, dem laminierten Stoff und den versiegelten N\u00e4hten sch\u00fctzt sie Sie auch vor K\u00e4lte, Wind und Regen. Ein komplett metallfreies Kleidungsst\u00fcck mit segmentierten Transferreflexstreifen und reflektierenden Details an den [&hellip;]<\/p>\n","protected":false},"featured_media":600950,"template":"","meta":[],"product_brand":[],"product_cat":[4186],"product_tag":[],"class_list":{"0":"post-600903","1":"product","2":"type-product","3":"status-publish","4":"has-post-thumbnail","6":"product_cat-jacken","7":"pa_brand-blaklaeder","8":"pa_brand-type-workwear","9":"pa_filter-color-blau","10":"pa_filter-color-gelb","12":"first","13":"instock","14":"sale","15":"taxable","16":"shipping-taxable","17":"purchasable","18":"product-type-variable","19":"add-to-wishlist-before_image"},"exclude_global_add_ons":[],"addons":[],"acf":[],"_links":{"self":[{"href":"https:\/\/shop.kustom.ch\/it\/wp-json\/wp\/v2\/product\/600903"}],"collection":[{"href":"https:\/\/shop.kustom.ch\/it\/wp-json\/wp\/v2\/product"}],"about":[{"href":"https:\/\/shop.kustom.ch\/it\/wp-json\/wp\/v2\/types\/product"}],"wp:featuredmedia":[{"embeddable":true,"href":"https:\/\/shop.kustom.ch\/it\/wp-json\/wp\/v2\/media\/600950"}],"wp:attachment":[{"href":"https:\/\/shop.kustom.ch\/it\/wp-json\/wp\/v2\/media?parent=600903"}],"wp:term":[{"taxonomy":"product_brand","embeddable":true,"href":"https:\/\/shop.kustom.ch\/it\/wp-json\/wp\/v2\/product_brand?post=600903"},{"taxonomy":"product_cat","embeddable":true,"href":"https:\/\/shop.kustom.ch\/it\/wp-json\/wp\/v2\/product_cat?post=600903"},{"taxonomy":"product_tag","embeddable":true,"href":"https:\/\/shop.kustom.ch\/it\/wp-json\/wp\/v2\/product_tag?post=600903"}],"curies":[{"name":"wp","href":"https:\/\/api.w.org\/{rel}","templated":true}]}}