{"id":600826,"date":"2025-03-05T02:43:06","date_gmt":"2025-03-05T01:43:06","guid":{"rendered":"https:\/\/shop.kustom.ch\/?post_type=product&#038;p=600826"},"modified":"2026-03-31T09:01:49","modified_gmt":"2026-03-31T08:01:49","slug":"multinorm-winter-parka","status":"publish","type":"product","link":"https:\/\/shop.kustom.ch\/it\/prodotto\/multinorm-winter-parka\/","title":{"rendered":"Parka invernale Multinorm"},"content":{"rendered":"<p>Parka invernale ignifugo e privo di metalli che offre tutto ci\u00f2 che serve in caso di maltempo e non solo. Questo parka di classe 3 ad alta visibilit\u00e0, repellente all'olio, allo sporco e all'acqua, \u00e8 ideale se lavorate in ambienti con fiamme libere. La fodera isolante, il tessuto laminato e le cuciture nastrate vi proteggono dal freddo, dal vento e dalla pioggia. Il parka \u00e8 dotato di tasche scaldamani su entrambi i lati, tasche sul petto abbastanza grandi per un mini tablet e tasche interne con cerniera. La vita \u00e8 regolabile all'interno e le maniche sono regolabili con velcro. Zip a due vie, polsini alle estremit\u00e0 delle maniche e catarifrangenti a segmenti. Con questo parka siete attrezzati per qualsiasi lavoro in inverno. Il cappuccio 2167, compatibile con il casco e dotato di bottoni, \u00e8 disponibile separatamente. Certificato secondo la norma IEC 61482-2: APC 2, ELIM 33 cal\/cm\u00b2 e ATPV 39 cal\/cm\u00b2. EN 1149, EN ISO 11612, EN ISO 11611, EN 13034 e EN ISO 20471. EN 343 4\/1 - colonna d'acqua nominale: 12.000 mm. EN 342 insieme al modello 1817 - valore CLO 2,19, Icler 0,339 m\u00b2 K\/W.<\/p>\n<p>CHIUSURA: Schiena allungata. Polsini regolabili con chiusura in velcro e polsini. DETTAGLI: Buone superfici per le rifiniture. Anello a D. Etichette di certificazione esterne. Bottoni a pressione in plastica. Collo alto con cerniera nascosta. Cuciture nastrate. Passanti su entrambi i lati del petto per microfoni e altre attrezzature. Coulisse regolabile in vita. CHIUSURA ANTERIORE: zip nascosta in plastica a due vie. FUNZIONALIT\u00c0: materiale antivento e impermeabile con traspirabilit\u00e0, cuciture nastrate. PROPRIET\u00c0 PRINCIPALI: Lavoratori stradali ed edili. EN ISO 11611. REFLEX: Dettagli riflettenti sulle spalle. TESSUTO: Uomo. Giallo alta visibilit\u00e0. Senza metallo. Ritardante di fiamma. TASCHE: Tasche sul petto con cerniera e anello a D. Tasca interna per documenti. Tasche anteriori con patta, tasche laterali con zip e fodera in pile. ISTRUZIONI DI LAVAGGIO: 60\u00b0 C. CERTIFICAZIONE: EN 1149-5. EN 13034 PB (6). Certificato secondo EN 342 insieme all'articolo 1817. EN 343, classe 4.1. ELIM - 33 cal\/cm\u00b2. EN ISO 11611, classe 1 A1+A2. EN ISO 11612 A1, A2, C1, E3, F1. EN ISO 20471, classe 3<\/p>\n<p>44% modacrilico, 30% cotone, 20% poliammide, 5% aramide, 1% antistatico, ripstop, ritardante di fiamma, antistatico, rivestito, impermeabile 12000 mm, antivento, traspirante Ret 8.15, 290 g\/m\u00b2<\/p>","protected":false},"excerpt":{"rendered":"<p>Flammhemmender und metallfreier Winterparka, der alles bietet, was man bei schlechtem Wetter braucht, und noch mehr. Dieser \u00f6l-, schmutz und wasserabweisende High-Vis Klasse 3 Parka ist ideal, wenn Sie in Umgebungen mit offener Flamme arbeiten. Das w\u00e4rmeisolierte Futter, das laminierte Gewebe und die versiegelten N\u00e4hte sch\u00fctzen Sie vor K\u00e4lte, Wind und Regen. Der Parka hat [&hellip;]<\/p>\n","protected":false},"featured_media":600846,"template":"","meta":[],"product_brand":[],"product_cat":[4186],"product_tag":[],"class_list":{"0":"post-600826","1":"product","2":"type-product","3":"status-publish","4":"has-post-thumbnail","6":"product_cat-jacken","7":"pa_brand-blaklaeder","8":"pa_brand-type-workwear","9":"pa_filter-color-blau","10":"pa_filter-color-gelb","12":"first","13":"instock","14":"sale","15":"taxable","16":"shipping-taxable","17":"purchasable","18":"product-type-variable","19":"add-to-wishlist-before_image"},"exclude_global_add_ons":[],"addons":[],"acf":[],"_links":{"self":[{"href":"https:\/\/shop.kustom.ch\/it\/wp-json\/wp\/v2\/product\/600826"}],"collection":[{"href":"https:\/\/shop.kustom.ch\/it\/wp-json\/wp\/v2\/product"}],"about":[{"href":"https:\/\/shop.kustom.ch\/it\/wp-json\/wp\/v2\/types\/product"}],"wp:featuredmedia":[{"embeddable":true,"href":"https:\/\/shop.kustom.ch\/it\/wp-json\/wp\/v2\/media\/600846"}],"wp:attachment":[{"href":"https:\/\/shop.kustom.ch\/it\/wp-json\/wp\/v2\/media?parent=600826"}],"wp:term":[{"taxonomy":"product_brand","embeddable":true,"href":"https:\/\/shop.kustom.ch\/it\/wp-json\/wp\/v2\/product_brand?post=600826"},{"taxonomy":"product_cat","embeddable":true,"href":"https:\/\/shop.kustom.ch\/it\/wp-json\/wp\/v2\/product_cat?post=600826"},{"taxonomy":"product_tag","embeddable":true,"href":"https:\/\/shop.kustom.ch\/it\/wp-json\/wp\/v2\/product_tag?post=600826"}],"curies":[{"name":"wp","href":"https:\/\/api.w.org\/{rel}","templated":true}]}}