{"id":600720,"date":"2025-03-05T02:41:09","date_gmt":"2025-03-05T01:41:09","guid":{"rendered":"https:\/\/shop.kustom.ch\/?post_type=product&#038;p=600720"},"modified":"2026-03-31T08:56:34","modified_gmt":"2026-03-31T07:56:34","slug":"damen-kapuzensweater-3d-2","status":"publish","type":"product","link":"https:\/\/shop.kustom.ch\/it\/prodotto\/damen-kapuzensweater-3d-2\/","title":{"rendered":"Maglia con cappuccio da donna 3D"},"content":{"rendered":"<p>Felpa con cappuccio elegante e piacevolmente calda, realizzata in morbido jersey dal taglio femminile, ideale per il lavoro e il tempo libero. Dotata di una tasca per il cellulare con zip e di aperture per le cuffie nella tasca. La felpa con cappuccio \u00e8 decorata con un'accattivante stampa 3D sul petto con la scritta \u201aBl\u00e5kl\u00e4der\u2018, che dimostra che il vostro cuore \u00e8 nel posto giusto quando si tratta di abbigliamento da lavoro.<\/p>\n<p>CHIUSURA: Vita a coste. Polsini con risvolto. DETTAGLI: Stampa - Bl\u00e5kl\u00e4der 3D. Cappuccio fisso e regolabile. FUNZIONALIT\u00c0: Taglia donna. CARATTERISTICHE PRINCIPALI: Autista. Donna. TESSUTO: Disponibile per uomo e donna. Profilo. TASCHE: Supporto per il cavo del telefono cellulare. Tasca a canguro con tasca interna per cellulare. ISTRUZIONI DI LAVAGGIO: 40\u00b0 C<\/p>\n<p>100% Cotone, spugna francese, 320 g\/m\u00b2<\/p>","protected":false},"excerpt":{"rendered":"<p>Stylischer, angenehm warmer Hoodie aus weichem Jersey mit femininem Schnitt, ideal f\u00fcr die Arbeit und Freizeit. Ausgestattet mit einer Handytasche mit Reissverschluss und \u00d6ffnungen f\u00fcr Kopfh\u00f6rer in der Tasche. Der Kapuzensweater ist mit einem sehr auff\u00e4lligen 3D-Druck auf der Brust mit der Aufschrift &#8218;Bl\u00e5kl\u00e4der&#8216; verziert, der zeigt, dass Ihr Herz in Sachen Arbeitskleidung an der [&hellip;]<\/p>\n","protected":false},"featured_media":600773,"template":"","meta":[],"product_brand":[],"product_cat":[4184],"product_tag":[],"class_list":{"0":"post-600720","1":"product","2":"type-product","3":"status-publish","4":"has-post-thumbnail","6":"product_cat-hoodies-pullover","7":"pa_brand-blaklaeder","8":"pa_brand-type-workwear","9":"pa_filter-color-blau","10":"pa_filter-color-orange","12":"first","13":"instock","14":"sale","15":"taxable","16":"shipping-taxable","17":"purchasable","18":"product-type-variable","19":"add-to-wishlist-before_image"},"exclude_global_add_ons":[],"addons":[],"acf":[],"_links":{"self":[{"href":"https:\/\/shop.kustom.ch\/it\/wp-json\/wp\/v2\/product\/600720"}],"collection":[{"href":"https:\/\/shop.kustom.ch\/it\/wp-json\/wp\/v2\/product"}],"about":[{"href":"https:\/\/shop.kustom.ch\/it\/wp-json\/wp\/v2\/types\/product"}],"wp:featuredmedia":[{"embeddable":true,"href":"https:\/\/shop.kustom.ch\/it\/wp-json\/wp\/v2\/media\/600773"}],"wp:attachment":[{"href":"https:\/\/shop.kustom.ch\/it\/wp-json\/wp\/v2\/media?parent=600720"}],"wp:term":[{"taxonomy":"product_brand","embeddable":true,"href":"https:\/\/shop.kustom.ch\/it\/wp-json\/wp\/v2\/product_brand?post=600720"},{"taxonomy":"product_cat","embeddable":true,"href":"https:\/\/shop.kustom.ch\/it\/wp-json\/wp\/v2\/product_cat?post=600720"},{"taxonomy":"product_tag","embeddable":true,"href":"https:\/\/shop.kustom.ch\/it\/wp-json\/wp\/v2\/product_tag?post=600720"}],"curies":[{"name":"wp","href":"https:\/\/api.w.org\/{rel}","templated":true}]}}