{"id":600668,"date":"2025-03-05T02:40:19","date_gmt":"2025-03-05T01:40:19","guid":{"rendered":"https:\/\/shop.kustom.ch\/?post_type=product&#038;p=600668"},"modified":"2026-03-31T08:55:57","modified_gmt":"2026-03-31T07:55:57","slug":"kapuzensweater-mit-reissverschluss-2","status":"publish","type":"product","link":"https:\/\/shop.kustom.ch\/it\/prodotto\/kapuzensweater-mit-reissverschluss-2\/","title":{"rendered":"Maglia con cappuccio e zip"},"content":{"rendered":"<p>Elegante maglione con cappuccio adatto sia al lavoro che al tempo libero. Questa maglia con cappuccio in poliestere \u00e8 dotata di una zip a tutta lunghezza e di un collo leggermente pi\u00f9 lungo. Presenta una coulisse sull'orlo, strisce nere riflettenti discrete sul davanti e sul cappuccio e una tasca sul petto con spazio per il logo.<\/p>\n<p>CHIUSURA: Fascia elastica sull'orlo inferiore. DETTAGLI: Cappuccio fisso. CHIUSURA ANTERIORE: Patta antivento interna. FUNZIONALIT\u00c0: Vestibilit\u00e0 slim. PROPRIET\u00c0 PRINCIPALI: Giardiniere. Uomo. REFLEX: Dettagli riflettenti. TESSUTO: Disponibile per uomo e donna. verde. Profilo. TASCHE: Tasca sul petto con zip. Tasche anteriori con cerniera. ISTRUZIONI DI LAVAGGIO: Non centrifugare.<\/p>\n<p>100% Vello di poliestere, spazzolato su un lato, 235 g\/m\u00b2<\/p>","protected":false},"excerpt":{"rendered":"<p>Stylischer Kapuzensweater, der sich sowohl f\u00fcr den Einsatz bei der Arbeit als auch im Freizeitbereich eignet. Dieser Polyester-Kapuzensweater verf\u00fcgt \u00fcber einen durchg\u00e4ngigen Reissverschluss und einen etwas l\u00e4ngeren Hals. Er hat einen Kordelzug am Saum, schwarze, dezente Reflexstreifen auf der Vorderseite und der Kapuze, sowie eine Brusttasche mit Platz f\u00fcr ein Logo. ABSCHLUSS: Elastisches Band im [&hellip;]<\/p>\n","protected":false},"featured_media":600684,"template":"","meta":[],"product_brand":[],"product_cat":[4184],"product_tag":[],"class_list":{"0":"post-600668","1":"product","2":"type-product","3":"status-publish","4":"has-post-thumbnail","6":"product_cat-hoodies-pullover","7":"pa_brand-blaklaeder","8":"pa_brand-type-workwear","9":"pa_filter-color-blau","10":"pa_filter-color-gruen","11":"pa_filter-color-rot","12":"pa_filter-color-schwarz","14":"first","15":"instock","16":"sale","17":"taxable","18":"shipping-taxable","19":"purchasable","20":"product-type-variable","21":"add-to-wishlist-before_image"},"exclude_global_add_ons":[],"addons":[],"acf":[],"_links":{"self":[{"href":"https:\/\/shop.kustom.ch\/it\/wp-json\/wp\/v2\/product\/600668"}],"collection":[{"href":"https:\/\/shop.kustom.ch\/it\/wp-json\/wp\/v2\/product"}],"about":[{"href":"https:\/\/shop.kustom.ch\/it\/wp-json\/wp\/v2\/types\/product"}],"wp:featuredmedia":[{"embeddable":true,"href":"https:\/\/shop.kustom.ch\/it\/wp-json\/wp\/v2\/media\/600684"}],"wp:attachment":[{"href":"https:\/\/shop.kustom.ch\/it\/wp-json\/wp\/v2\/media?parent=600668"}],"wp:term":[{"taxonomy":"product_brand","embeddable":true,"href":"https:\/\/shop.kustom.ch\/it\/wp-json\/wp\/v2\/product_brand?post=600668"},{"taxonomy":"product_cat","embeddable":true,"href":"https:\/\/shop.kustom.ch\/it\/wp-json\/wp\/v2\/product_cat?post=600668"},{"taxonomy":"product_tag","embeddable":true,"href":"https:\/\/shop.kustom.ch\/it\/wp-json\/wp\/v2\/product_tag?post=600668"}],"curies":[{"name":"wp","href":"https:\/\/api.w.org\/{rel}","templated":true}]}}