{"id":600555,"date":"2025-03-05T02:38:06","date_gmt":"2025-03-05T01:38:06","guid":{"rendered":"https:\/\/shop.kustom.ch\/?post_type=product&#038;p=600555"},"modified":"2026-03-31T08:54:36","modified_gmt":"2026-03-31T07:54:36","slug":"damen-high-vis-t-shirt-4","status":"publish","type":"product","link":"https:\/\/shop.kustom.ch\/it\/prodotto\/damen-high-vis-t-shirt-4\/","title":{"rendered":"Maglietta donna High Vis"},"content":{"rendered":"<p>T-shirt ad alta visibilit\u00e0 con strisce riflettenti intermittenti per una migliore visibilit\u00e0. Il materiale della T-shirt offre un eccellente assorbimento dell'umidit\u00e0 e trasporta il sudore dall'interno dell'indumento all'esterno. L'umidit\u00e0 si asciuga rapidamente all'esterno, creando un clima generale piacevole per il corpo. Disponibile anche come modello da uomo 3522.<\/p>\n<p>DETTAGLI: Collo rotondo. Spacchi laterali. FUNZIONALIT\u00c0: Taglia donna. CARATTERISTICHE PRINCIPALI: Autista. RIS-3279-TOM . REFLEX: strisce riflettenti a trasferimento larghe 50 mm. TESSUTO: Disponibile per uomo e donna. Giallo alta visibilit\u00e0. Alta visibilit\u00e0. ISTRUZIONI DI LAVAGGIO: Numero di lavaggi: 50, non lavare a secco. CERTIFICAZIONE: Gruppo di certificazione B<\/p>\n<p>55% poliestere, 45% polipropilene, interlock, 160g\/m\u00b2<\/p>","protected":false},"excerpt":{"rendered":"<p>High Vis T-Shirt mit unterbrochenen Reflexstreifen f\u00fcr bessere Sichtbarkeit. Das Material des T-Shirts bietet eine hervorragende Feuchtigkeitsaufnahme und transportiert den Schweiss von der Innenseite des Kleidungsst\u00fccks nach aussen. An der Aussenseite trocknet die Feuchtigkeit schnell und schafft so ein angenehmes Gesamtklima f\u00fcr den K\u00f6rper. Auch als Herrenmodell 3522 erh\u00e4ltlich. DETAILS: Rundhals. Schlitze an den Seiten. [&hellip;]<\/p>\n","protected":false},"featured_media":600595,"template":"","meta":[],"product_brand":[],"product_cat":[4201],"product_tag":[],"class_list":{"0":"post-600555","1":"product","2":"type-product","3":"status-publish","4":"has-post-thumbnail","6":"product_cat-t-shirts","7":"pa_brand-blaklaeder","8":"pa_brand-type-workwear","9":"pa_filter-color-gelb","10":"pa_filter-color-orange","11":"pa_filter-color-rot","13":"first","14":"instock","15":"sale","16":"taxable","17":"shipping-taxable","18":"purchasable","19":"product-type-variable","20":"add-to-wishlist-before_image"},"exclude_global_add_ons":[],"addons":[],"acf":[],"_links":{"self":[{"href":"https:\/\/shop.kustom.ch\/it\/wp-json\/wp\/v2\/product\/600555"}],"collection":[{"href":"https:\/\/shop.kustom.ch\/it\/wp-json\/wp\/v2\/product"}],"about":[{"href":"https:\/\/shop.kustom.ch\/it\/wp-json\/wp\/v2\/types\/product"}],"wp:featuredmedia":[{"embeddable":true,"href":"https:\/\/shop.kustom.ch\/it\/wp-json\/wp\/v2\/media\/600595"}],"wp:attachment":[{"href":"https:\/\/shop.kustom.ch\/it\/wp-json\/wp\/v2\/media?parent=600555"}],"wp:term":[{"taxonomy":"product_brand","embeddable":true,"href":"https:\/\/shop.kustom.ch\/it\/wp-json\/wp\/v2\/product_brand?post=600555"},{"taxonomy":"product_cat","embeddable":true,"href":"https:\/\/shop.kustom.ch\/it\/wp-json\/wp\/v2\/product_cat?post=600555"},{"taxonomy":"product_tag","embeddable":true,"href":"https:\/\/shop.kustom.ch\/it\/wp-json\/wp\/v2\/product_tag?post=600555"}],"curies":[{"name":"wp","href":"https:\/\/api.w.org\/{rel}","templated":true}]}}