{"id":600520,"date":"2025-03-05T02:37:25","date_gmt":"2025-03-05T01:37:25","guid":{"rendered":"https:\/\/shop.kustom.ch\/?post_type=product&#038;p=600520"},"modified":"2026-03-31T08:52:21","modified_gmt":"2026-03-31T07:52:21","slug":"body","status":"publish","type":"product","link":"https:\/\/shop.kustom.ch\/it\/prodotto\/body\/","title":{"rendered":"Corpo"},"content":{"rendered":"<p>Body a maniche corte con scollo rotondo. cavallo foderato con bottoni a pressione in plastica nascosti.<\/p>\n<p>DETTAGLI: Collo rotondo. Bottoni a pressione in plastica. Cuciture rinforzate sulle spalle. FUNZIONALIT\u00c0: Taglio aderente. CARATTERISTICHE PRINCIPALI: Lavoratore da giardino. TESSUTO: Donna. bianco. Profilo. ISTRUZIONI DI LAVAGGIO: Non candeggiare.<\/p>\n<p>95 % cotone, 5 % elastan, jersey, 160 g\/m\u00b2<\/p>","protected":false},"excerpt":{"rendered":"<p>Kurz\u00e4rmeliger Body mit Rundhalsausschnitt. Gef\u00fctterter Schritt mit verdeckten Kunststoff-Druckkn\u00f6pfen. DETAILS: Rundhals. Kunststoff-Druckkn\u00f6pfe. Verst\u00e4rkte Schultern\u00e4hte. FUNKTIONALIT\u00c4T: Tailliert geschnitten. HAUPTEIGENSCHAFTEN: Gartenarbeiter. STOFF: Damen. weiss. Profil. WASCHANLEITUNG: Nicht bleichen 95 % Baumwolle, 5 % Elastan, Jersey, 160 g\/m\u00b2<\/p>","protected":false},"featured_media":600569,"template":"","meta":[],"product_brand":[],"product_cat":[4201],"product_tag":[],"class_list":{"0":"post-600520","1":"product","2":"type-product","3":"status-publish","4":"has-post-thumbnail","6":"product_cat-t-shirts","7":"pa_brand-blaklaeder","8":"pa_brand-type-workwear","9":"pa_filter-color-schwarz","10":"pa_filter-color-weiss","12":"first","13":"instock","14":"sale","15":"taxable","16":"shipping-taxable","17":"purchasable","18":"product-type-variable","19":"add-to-wishlist-before_image"},"exclude_global_add_ons":[],"addons":[],"acf":[],"_links":{"self":[{"href":"https:\/\/shop.kustom.ch\/it\/wp-json\/wp\/v2\/product\/600520"}],"collection":[{"href":"https:\/\/shop.kustom.ch\/it\/wp-json\/wp\/v2\/product"}],"about":[{"href":"https:\/\/shop.kustom.ch\/it\/wp-json\/wp\/v2\/types\/product"}],"wp:featuredmedia":[{"embeddable":true,"href":"https:\/\/shop.kustom.ch\/it\/wp-json\/wp\/v2\/media\/600569"}],"wp:attachment":[{"href":"https:\/\/shop.kustom.ch\/it\/wp-json\/wp\/v2\/media?parent=600520"}],"wp:term":[{"taxonomy":"product_brand","embeddable":true,"href":"https:\/\/shop.kustom.ch\/it\/wp-json\/wp\/v2\/product_brand?post=600520"},{"taxonomy":"product_cat","embeddable":true,"href":"https:\/\/shop.kustom.ch\/it\/wp-json\/wp\/v2\/product_cat?post=600520"},{"taxonomy":"product_tag","embeddable":true,"href":"https:\/\/shop.kustom.ch\/it\/wp-json\/wp\/v2\/product_tag?post=600520"}],"curies":[{"name":"wp","href":"https:\/\/api.w.org\/{rel}","templated":true}]}}