{"id":600400,"date":"2025-03-05T02:34:48","date_gmt":"2025-03-05T01:34:48","guid":{"rendered":"https:\/\/shop.kustom.ch\/?post_type=product&#038;p=600400"},"modified":"2026-03-31T08:42:33","modified_gmt":"2026-03-31T07:42:33","slug":"original-einlegesohle-gecko-cradle","status":"publish","type":"product","link":"https:\/\/shop.kustom.ch\/it\/prodotto\/original-einlegesohle-gecko-cradle\/","title":{"rendered":"Soletta originale GECKO &amp; CRADLE"},"content":{"rendered":"<p>Soletta originale Bl\u00e5kl\u00e4der, approvata per l'uso con le collezioni di scarpe di sicurezza Gecko e Cradle. Ha una forma anatomica ed \u00e8 realizzata in morbido materiale PU per un comfort ottimale. Tomaia in tessuto con buon assorbimento dell'umidit\u00e0. Canali di ventilazione con perforazioni. Sviluppato in collaborazione con Camp Pro. Testata ESD.<\/p>\n<p>FUNZIONALIT\u00c0: Culla. Omologata ESD (IEC 61340-5-1). Massimo assorbimento degli urti. ADATTABILIT\u00c0: Curvatura normale. TESSUTO: Disponibile per uomo e donna. nero<\/p>","protected":false},"excerpt":{"rendered":"<p>Bl\u00e5kl\u00e4der original Einlegesohle, zugelassen f\u00fcr die Verwendung mit den Sicherheitsschuhkollektionen Gecko und Cradle. Sie ist anatomisch geformt und besteht aus weichem PU-Material f\u00fcr besten Komfort. Obermaterial aus Textil mit guter Feuchtigkeitsaufnahme. Bel\u00fcftungskan\u00e4le mit Perforationen. Entwickelt in Zusammenarbeit mit Camp Pro. ESD-gepr\u00fcft. FUNKTIONALIT\u00c4T: Cradle. ESD (IEC 61340-5-1) genehmigt. Maximale Stossd\u00e4mpfung. PASSFORM: Normale W\u00f6lbung. STOFF: Erh\u00e4ltlich f\u00fcr [&hellip;]<\/p>\n","protected":false},"featured_media":600453,"template":"","meta":[],"product_brand":[],"product_cat":[9643,4197],"product_tag":[],"class_list":{"0":"post-600400","1":"product","2":"type-product","3":"status-publish","4":"has-post-thumbnail","6":"product_cat-equipment","7":"product_cat-schuhe-sandalen","8":"pa_brand-blaklaeder","9":"pa_brand-type-workwear","10":"pa_filter-color-schwarz","12":"first","13":"instock","14":"sale","15":"taxable","16":"shipping-taxable","17":"purchasable","18":"product-type-variable","19":"add-to-wishlist-before_image"},"exclude_global_add_ons":[],"addons":[],"acf":[],"_links":{"self":[{"href":"https:\/\/shop.kustom.ch\/it\/wp-json\/wp\/v2\/product\/600400"}],"collection":[{"href":"https:\/\/shop.kustom.ch\/it\/wp-json\/wp\/v2\/product"}],"about":[{"href":"https:\/\/shop.kustom.ch\/it\/wp-json\/wp\/v2\/types\/product"}],"wp:featuredmedia":[{"embeddable":true,"href":"https:\/\/shop.kustom.ch\/it\/wp-json\/wp\/v2\/media\/600453"}],"wp:attachment":[{"href":"https:\/\/shop.kustom.ch\/it\/wp-json\/wp\/v2\/media?parent=600400"}],"wp:term":[{"taxonomy":"product_brand","embeddable":true,"href":"https:\/\/shop.kustom.ch\/it\/wp-json\/wp\/v2\/product_brand?post=600400"},{"taxonomy":"product_cat","embeddable":true,"href":"https:\/\/shop.kustom.ch\/it\/wp-json\/wp\/v2\/product_cat?post=600400"},{"taxonomy":"product_tag","embeddable":true,"href":"https:\/\/shop.kustom.ch\/it\/wp-json\/wp\/v2\/product_tag?post=600400"}],"curies":[{"name":"wp","href":"https:\/\/api.w.org\/{rel}","templated":true}]}}