{"id":600363,"date":"2025-03-05T02:34:40","date_gmt":"2025-03-05T01:34:40","guid":{"rendered":"https:\/\/shop.kustom.ch\/?post_type=product&#038;p=600363"},"modified":"2026-03-31T08:40:08","modified_gmt":"2026-03-31T07:40:08","slug":"multinorm-winterkapuze-2","status":"publish","type":"product","link":"https:\/\/shop.kustom.ch\/it\/prodotto\/multinorm-winterkapuze-2\/","title":{"rendered":"Cappuccio invernale Multinorm"},"content":{"rendered":"<p>Cuffia invernale ignifuga, compatibile con il casco, con isolamento termico e dettagli riflettenti. Multiregolabile, si chiude con bottoni a pressione in plastica. Il tessuto esterno del cappuccio, oleorepellente, antisporco e idrorepellente, \u00e8 un materiale intrinseco laminato, mentre la fodera \u00e8 ad alto contenuto di aramide. Adatto per 4517, 4527, 4927 e 6317.<\/p>\n<p>DETTAGLI: Bottoni a pressione in plastica. Cuciture saldate. FUNZIONALIT\u00c0: senza metallo. TAGLIA: la taglia S si adatta ai modelli 4517, 4527, 6317 nelle taglie XS-S, la taglia L ai modelli 4517, 4527, 6317 nelle taglie M-XL, la taglia XXL ai modelli 4517, 4527, 6317 nelle taglie 3XL-4XL. CARATTERISTICHE PRINCIPALI: Unisex. REFLEX: strisce riflettenti a trasferimento ignifugo interrotto. TESSUTO: giallo. Senza metallo. Ritardante di fiamma. ISTRUZIONI DI LAVAGGIO: 60\u00b0 C<\/p>\n<p>44% modacrilico, 30% cotone, 20% poliammide, 5% aramide, 1% antistatico, ripstop, ritardante di fiamma, antistatico, rivestito, impermeabile 12000 mm, antivento, traspirante Ret 8.15, 290 g\/m\u00b2<\/p>","protected":false},"excerpt":{"rendered":"<p>Flammhemmende, helmtaugliche Winterhaube mit W\u00e4rmeisolierung und reflektierenden Details. Mehrfach verstellbar, Befestigung mit Kunststoff-Druckkn\u00f6pfen. Der \u00f6l-, schmutz- und wasserabweisende Aussenstoff der Kapuze ist ein laminiertes, inh\u00e4rentes Material und das Futter hat einen hohen Aramidanteil. Passend f\u00fcr 4517, 4527, 4927 und 6317. DETAILS: Kunststoff-Druckkn\u00f6pfe. Verschweisste N\u00e4hte. FUNKTIONALIT\u00c4T: Metallfrei. GR\u00d6ssENERL\u00c4UTERUNG: Gr\u00f6sse S passt zu den Modellen 4517, 4527, [&hellip;]<\/p>\n","protected":false},"featured_media":0,"template":"","meta":[],"product_brand":[],"product_cat":[9643,4209],"product_tag":[],"class_list":{"0":"post-600363","1":"product","2":"type-product","3":"status-publish","5":"product_cat-equipment","6":"product_cat-zubehoer","7":"pa_brand-blaklaeder","8":"pa_brand-type-workwear","9":"pa_filter-color-blau","10":"pa_filter-color-gelb","12":"first","13":"instock","14":"sale","15":"taxable","16":"shipping-taxable","17":"purchasable","18":"product-type-variable","19":"add-to-wishlist-before_image"},"exclude_global_add_ons":[],"addons":[],"acf":[],"_links":{"self":[{"href":"https:\/\/shop.kustom.ch\/it\/wp-json\/wp\/v2\/product\/600363"}],"collection":[{"href":"https:\/\/shop.kustom.ch\/it\/wp-json\/wp\/v2\/product"}],"about":[{"href":"https:\/\/shop.kustom.ch\/it\/wp-json\/wp\/v2\/types\/product"}],"wp:attachment":[{"href":"https:\/\/shop.kustom.ch\/it\/wp-json\/wp\/v2\/media?parent=600363"}],"wp:term":[{"taxonomy":"product_brand","embeddable":true,"href":"https:\/\/shop.kustom.ch\/it\/wp-json\/wp\/v2\/product_brand?post=600363"},{"taxonomy":"product_cat","embeddable":true,"href":"https:\/\/shop.kustom.ch\/it\/wp-json\/wp\/v2\/product_cat?post=600363"},{"taxonomy":"product_tag","embeddable":true,"href":"https:\/\/shop.kustom.ch\/it\/wp-json\/wp\/v2\/product_tag?post=600363"}],"curies":[{"name":"wp","href":"https:\/\/api.w.org\/{rel}","templated":true}]}}