{"id":600356,"date":"2025-03-05T02:34:39","date_gmt":"2025-03-05T01:34:39","guid":{"rendered":"https:\/\/shop.kustom.ch\/?post_type=product&#038;p=600356"},"modified":"2026-03-31T08:35:42","modified_gmt":"2026-03-31T07:35:42","slug":"high-vis-arbeitshose-softshell","status":"publish","type":"product","link":"https:\/\/shop.kustom.ch\/it\/prodotto\/high-vis-arbeitshose-softshell\/","title":{"rendered":"Pantaloni da lavoro Softshell ad alta visibilit\u00e0"},"content":{"rendered":"<p>Pantaloni da lavoro autunnali e invernali di Classe 1 realizzati in softshell elasticizzato 100%. Il materiale rende i pantaloni estremamente morbidi, confortevoli ed elastici. Il materiale \u00e8 impermeabile, antivento e ha un'eccellente traspirabilit\u00e0. I pantaloni presentano dettagli avanzati e pratiche tasche con rinforzo in CORDURA\u00ae, una tasca sulla gamba con soffietto, una tasca porta metro pieghevole, tasche a fondina staccabili con cerniera, tasche con soffietto sul retro e pratici portautensili, come il passante per il martello. Le tasche per le ginocchiere sono rinforzate all'esterno con CORDURA\u00ae stretch. Polsini delle gambe con rinforzo in CORDURA\u00ae per una protezione efficace contro l'usura. La scelta migliore per lavorare in condizioni climatiche difficili. Disponibile anche come modello da donna 7114.<\/p>\n<p>CHIUSURA: polsino con bottone a pressione. DETTAGLI: Tasca per carte d'identit\u00e0 staccabile. Bottoni in metallo. Portacoltelli con bottone. Cucitura interna della gamba con tripla impuntura. Zip in plastica sul cavallo. Due passanti sui lati con bottone per il portamartello. Vita alta sul retro. FUNZIONALIT\u00c0: antivento e impermeabile, cuciture non sigillate, traspirante. Vestibilit\u00e0 regolare. PROPRIET\u00c0 PRINCIPALI: Lavoratori stradali ed edili. RIS-3279-TOM . REFLEX: Materiale riflettente intorno alle gambe. TESSUTO: Disponibile per uomo e donna. blu. idrorepellente. Alta visibilit\u00e0. TASCHE: Tasca sulla gamba con soffietto e patta con chiusura a velcro e tasca interna per cellulare in rete. Tasche posteriori rinforzate con soffietti. Tasche per ginocchiere. Tasche per le unghie - rimovibili ed extra larghe, con passanti per attrezzi e scomparti supplementari per attrezzi. Tasche laterali. Tasca rinforzata per regolo pieghevole con portacoltelli e portapenne. ISTRUZIONI DI LAVAGGIO: Numero di lavaggi: 25, non candeggiare. RINFORZO: tasche per ginocchiere rinforzate in Cordura\u00ae elasticizzato. CERTIFICAZIONE: EN 14404:2004+A1:2010 insieme alle ginocchiere 4027, 4057, 4058 e 4032. EN ISO 20471, classe 1<\/p>\n<p>92% poliestere, 8% elastan, softshell 3 strati, impermeabile 11.000 mm, antivento, traspirante Ret 20.0, elasticizzato, 255 g\/m\u00b2<\/p>","protected":false},"excerpt":{"rendered":"<p>Herbst- und Winter Arbeitshose der Klasse 1 aus 100% dehnbarem Softshell. Das Material macht die Hose extrem weich, bequem und geschmeidig. Das Material ist wasserdicht, winddicht und hat eine ausgezeichnete Atmungsaktivit\u00e4t. Die Hose verf\u00fcgt \u00fcber fortschrittliche Details und praktische Taschen mit CORDURA\u00ae-Verst\u00e4rkung, eine Beintasche mit Balg, eine Zollstocktasche, abnehmbare Holstertaschen mit Reissverschl\u00fcssen, Taschen mit Balg [&hellip;]<\/p>\n","protected":false},"featured_media":530291,"template":"","meta":[],"product_brand":[],"product_cat":[4185],"product_tag":[],"class_list":{"0":"post-600356","1":"product","2":"type-product","3":"status-publish","4":"has-post-thumbnail","6":"product_cat-hosen","7":"pa_brand-blaklaeder","8":"pa_brand-type-workwear","9":"pa_filter-color-blau","10":"pa_filter-color-gelb","11":"pa_filter-color-orange","12":"pa_filter-color-rot","13":"pa_filter-color-schwarz","15":"first","16":"instock","17":"sale","18":"taxable","19":"shipping-taxable","20":"purchasable","21":"product-type-variable","22":"add-to-wishlist-before_image"},"exclude_global_add_ons":[],"addons":[],"acf":[],"_links":{"self":[{"href":"https:\/\/shop.kustom.ch\/it\/wp-json\/wp\/v2\/product\/600356"}],"collection":[{"href":"https:\/\/shop.kustom.ch\/it\/wp-json\/wp\/v2\/product"}],"about":[{"href":"https:\/\/shop.kustom.ch\/it\/wp-json\/wp\/v2\/types\/product"}],"wp:featuredmedia":[{"embeddable":true,"href":"https:\/\/shop.kustom.ch\/it\/wp-json\/wp\/v2\/media\/530291"}],"wp:attachment":[{"href":"https:\/\/shop.kustom.ch\/it\/wp-json\/wp\/v2\/media?parent=600356"}],"wp:term":[{"taxonomy":"product_brand","embeddable":true,"href":"https:\/\/shop.kustom.ch\/it\/wp-json\/wp\/v2\/product_brand?post=600356"},{"taxonomy":"product_cat","embeddable":true,"href":"https:\/\/shop.kustom.ch\/it\/wp-json\/wp\/v2\/product_cat?post=600356"},{"taxonomy":"product_tag","embeddable":true,"href":"https:\/\/shop.kustom.ch\/it\/wp-json\/wp\/v2\/product_tag?post=600356"}],"curies":[{"name":"wp","href":"https:\/\/api.w.org\/{rel}","templated":true}]}}