{"id":600212,"date":"2025-03-05T02:32:53","date_gmt":"2025-03-05T01:32:53","guid":{"rendered":"https:\/\/shop.kustom.ch\/?post_type=product&#038;p=600212"},"modified":"2026-03-31T08:35:30","modified_gmt":"2026-03-31T07:35:30","slug":"multinorm-winter-latzhose","status":"publish","type":"product","link":"https:\/\/shop.kustom.ch\/it\/prodotto\/multinorm-winter-latzhose\/","title":{"rendered":"Salopette invernale multinormale"},"content":{"rendered":"<p>Questa salopette senza metallo e ritardante di fiamma in High Vis Classe 2 offre una reale protezione contro il freddo, il vento e la pioggia in inverno. Per una maggiore resistenza e protezione, la salopette \u00e8 rinforzata sulle tasche esterne delle ginocchiere e sul retro delle estremit\u00e0 delle gambe. Larghezza regolabile, nastro riflettente tagliato per una migliore visibilit\u00e0, larghezza del piede regolabile e tessuto di colore scuro nelle aree a rischio di sporco. Le bretelle sono regolabili e staccabili. La salopette \u00e8 dotata di passanti per la cintura in vita e di una zip fino al ginocchio, oltre che di una tasca sulla gamba, di una tasca per il righello e di tasche scaldamani. Questa salopette idrorepellente \u00e8 in grado di affrontare qualsiasi cosa! Certificata secondo la norma IEC 61482-2: APC 2, ELIM 33 cal\/cm\u00b2 e ATPV 39 cal\/cm\u00b2. EN 1149, EN ISO 11612, EN ISO 11611, EN 13034, EN ISO 20471 e EN 14404. EN 343 4\/1 - colonna d'acqua nominale: 12.000 mm. EN 342 insieme ai modelli 4517, 4917, 4527 - valore CLO 2,19, Icler 0,334 m\u00b2 K\/W.<\/p>\n<p>CHIUSURA: Polsini delle gambe con paraneve staccabile. DETTAGLI: Tasca portadocumenti staccabile per indumenti ignifughi. Etichette di certificazione esterne. Bretelle regolabili e staccabili con coulisse elastica. Bottoni a pressione in plastica. Cuciture nastrate. Zip in plastica sul cavallo. Passanti. Gonna da neve con chiusura a velcro e bottone. Vita alta sul retro. FUNZIONALIT\u00c0: Repellente all'olio, allo sporco e all'acqua. PROPRIET\u00c0 PRINCIPALI: Artigianale. EN 14004. REFLEX: strisce riflettenti a trasferimento ritardato di fiamma interrotto. TESSUTO: Uomo. Giallo alta visibilit\u00e0. Senza metallo. Ritardante di fiamma. TASCHE: Tasca sulla gamba con soffietto e pattina, con chiusura a velcro e tasca interna per cellulare. Tasche esterne per ginocchiere. Tasca anteriore con fodera in pile e patta. Tasca rinforzata per regolo pieghevole con portacoltelli e portapenne. ISTRUZIONI DI LAVAGGIO: Non candeggiare. CERTIFICAZIONE: EN 1149-5. EN 13034 PB (6). EN 14404:2004+A1:2010 insieme alle ginocchiere 4027 e 4057. Certificato secondo EN 342 insieme agli articoli 4517, 4527, 4917. EN 343, classe 4.1. ELIM - 33 cal\/cm\u00b2. EN ISO 11611, classe 1 A1+A2. EN ISO 11612 A1, A2, C1, E3, F1. EN ISO 20471, classe 2<\/p>\n<p>44% modacrilico, 30% cotone, 20% poliammide, 5% aramide, 1% antistatico, ripstop, ritardante di fiamma, antistatico, rivestito, impermeabile 12000 mm, antivento, traspirante Ret 8.15, 290 g\/m\u00b2<\/p>","protected":false},"excerpt":{"rendered":"<p>Diese metallfreie, schwer entflammbare Latzhose in High Vis Klasse 2 ist ein echter Schutz vor K\u00e4lte, Wind und Regen im Winter. F\u00fcr zus\u00e4tzliche Festigkeit und Schutz ist die Latzhose an den \u00e4usseren Kniepolstertaschen und an der R\u00fcckseite des Beinabschlusses verst\u00e4rkt. Verstellbare Weite, geschnittenes Reflektorband f\u00fcr bessere Sichtbarkeit, verstellbare Fussweite und dunkler Stoff an schmutzanf\u00e4lligen Stellen. [&hellip;]<\/p>\n","protected":false},"featured_media":600259,"template":"","meta":[],"product_brand":[],"product_cat":[4185],"product_tag":[],"class_list":{"0":"post-600212","1":"product","2":"type-product","3":"status-publish","4":"has-post-thumbnail","6":"product_cat-hosen","7":"pa_brand-blaklaeder","8":"pa_brand-type-workwear","9":"pa_filter-color-blau","10":"pa_filter-color-gelb","12":"first","13":"instock","14":"sale","15":"taxable","16":"shipping-taxable","17":"purchasable","18":"product-type-variable","19":"add-to-wishlist-before_image"},"exclude_global_add_ons":[],"addons":[],"acf":[],"_links":{"self":[{"href":"https:\/\/shop.kustom.ch\/it\/wp-json\/wp\/v2\/product\/600212"}],"collection":[{"href":"https:\/\/shop.kustom.ch\/it\/wp-json\/wp\/v2\/product"}],"about":[{"href":"https:\/\/shop.kustom.ch\/it\/wp-json\/wp\/v2\/types\/product"}],"wp:featuredmedia":[{"embeddable":true,"href":"https:\/\/shop.kustom.ch\/it\/wp-json\/wp\/v2\/media\/600259"}],"wp:attachment":[{"href":"https:\/\/shop.kustom.ch\/it\/wp-json\/wp\/v2\/media?parent=600212"}],"wp:term":[{"taxonomy":"product_brand","embeddable":true,"href":"https:\/\/shop.kustom.ch\/it\/wp-json\/wp\/v2\/product_brand?post=600212"},{"taxonomy":"product_cat","embeddable":true,"href":"https:\/\/shop.kustom.ch\/it\/wp-json\/wp\/v2\/product_cat?post=600212"},{"taxonomy":"product_tag","embeddable":true,"href":"https:\/\/shop.kustom.ch\/it\/wp-json\/wp\/v2\/product_tag?post=600212"}],"curies":[{"name":"wp","href":"https:\/\/api.w.org\/{rel}","templated":true}]}}