{"id":600152,"date":"2025-03-05T02:32:13","date_gmt":"2025-03-05T01:32:13","guid":{"rendered":"https:\/\/shop.kustom.ch\/?post_type=product&#038;p=600152"},"modified":"2026-03-31T08:35:24","modified_gmt":"2026-03-31T07:35:24","slug":"handwerker-arbeitshose-mit-stretch-2","status":"publish","type":"product","link":"https:\/\/shop.kustom.ch\/it\/prodotto\/handwerker-arbeitshose-mit-stretch-2\/","title":{"rendered":"Pantaloni da lavoro artigianali con elastico"},"content":{"rendered":"<p>Pantaloni artigianali comodi e aderenti che non lasciano nulla al caso in termini di durata, comfort e dettagli pratici. I pantaloni hanno un'incredibile elasticit\u00e0 a 4 vie sul davanti, sul polpaccio e sul carr\u00e9 e un'elasticit\u00e0 a 2 vie sul cavallo. Sono dotati di tasche per ginocchiere con apertura verso il basso ed elasticizzate in CORDURA\u00ae. Se volete lavorare in libert\u00e0 e con concentrazione, questi pantaloni da lavoro sono l'indumento giusto per voi.<\/p>\n<p>CHIUSURA: estremit\u00e0 delle gambe con rinforzo sul retro. DETTAGLI: Tasca per carte d'identit\u00e0 staccabile. Bottoni in metallo. Portacoltelli con bottone. Cucitura interna della gamba con tripla impuntura. Zip in plastica sul cavallo. Due passanti per cintura sui lati con bottone per il passante per il martello, un passante per cintura con anello a D sul davanti. Ampio passante per cintura sul retro. Anello a D sulla cintura. FUNZIONALIT\u00c0: Inserti elasticizzati sul davanti, sulle ginocchia, sulla seduta, sulle tasche anteriori, sul polpaccio e sul cavallo. CARATTERISTICHE PRINCIPALI: Artigianale. EN 14004. REFLEX: Dettagli riflettenti sulla gamba. TESSUTO: Uomo. nero. Tasche per ginocchiere. Artigianale. TASCHE: Tasca sulla gamba con soffietto, tasca per penne, tasca flessibile per cellulare e due ampie tasche - una con cerniera e tasca per carta d'identit\u00e0 staccabile. Tasche posteriori con soffietto. Tasche per ginocchiere. Tasca interna con inserto elastico. Tasca rinforzata per regolo pieghevole con portacoltelli e portapenne. ISTRUZIONI DI LAVAGGIO: 40\u00b0 C. RINFORZO: tasche per ginocchiere in Cordura\u00ae elasticizzata. CERTIFICAZIONE: EN 14404:2004+A1:2010 insieme alle ginocchiere 4027, 4057, 4058 e 4032.<\/p>\n<p>65% poliestere, 35% cotone, twill, 300g\/m\u00b2<\/p>","protected":false},"excerpt":{"rendered":"<p>Eine bequeme, anschmiegsame Handwerkerhose, die in puncto Haltbarkeit, Komfort und praktische Details nichts dem Zufall \u00fcberl\u00e4sst. Die Hose hat einen erstaunlichen 4-Wege-Stretch an der Vorderseite, Wade und Passe sowie einen 2-Wege-Stretch im Schritt. Sie besitzt nach unten \u00f6ffnende Kniepolstertaschen mit CORDURA\u00ae-Stretch. Wenn Sie frei und konzentriert arbeiten wollen, ist diese Handwerkerhose das richtige Kleidungsst\u00fcck f\u00fcr [&hellip;]<\/p>\n","protected":false},"featured_media":600203,"template":"","meta":[],"product_brand":[],"product_cat":[4185],"product_tag":[],"class_list":{"0":"post-600152","1":"product","2":"type-product","3":"status-publish","4":"has-post-thumbnail","6":"product_cat-hosen","7":"pa_brand-blaklaeder","8":"pa_brand-type-workwear","9":"pa_filter-color-blau","10":"pa_filter-color-schwarz","12":"first","13":"instock","14":"sale","15":"taxable","16":"shipping-taxable","17":"purchasable","18":"product-type-variable","19":"add-to-wishlist-before_image"},"exclude_global_add_ons":[],"addons":[],"acf":[],"_links":{"self":[{"href":"https:\/\/shop.kustom.ch\/it\/wp-json\/wp\/v2\/product\/600152"}],"collection":[{"href":"https:\/\/shop.kustom.ch\/it\/wp-json\/wp\/v2\/product"}],"about":[{"href":"https:\/\/shop.kustom.ch\/it\/wp-json\/wp\/v2\/types\/product"}],"wp:featuredmedia":[{"embeddable":true,"href":"https:\/\/shop.kustom.ch\/it\/wp-json\/wp\/v2\/media\/600203"}],"wp:attachment":[{"href":"https:\/\/shop.kustom.ch\/it\/wp-json\/wp\/v2\/media?parent=600152"}],"wp:term":[{"taxonomy":"product_brand","embeddable":true,"href":"https:\/\/shop.kustom.ch\/it\/wp-json\/wp\/v2\/product_brand?post=600152"},{"taxonomy":"product_cat","embeddable":true,"href":"https:\/\/shop.kustom.ch\/it\/wp-json\/wp\/v2\/product_cat?post=600152"},{"taxonomy":"product_tag","embeddable":true,"href":"https:\/\/shop.kustom.ch\/it\/wp-json\/wp\/v2\/product_tag?post=600152"}],"curies":[{"name":"wp","href":"https:\/\/api.w.org\/{rel}","templated":true}]}}