{"id":600117,"date":"2025-03-05T02:31:33","date_gmt":"2025-03-05T01:31:33","guid":{"rendered":"https:\/\/shop.kustom.ch\/?post_type=product&#038;p=600117"},"modified":"2026-03-31T08:35:17","modified_gmt":"2026-03-31T07:35:17","slug":"handwerker-shorts-mit-stretch","status":"publish","type":"product","link":"https:\/\/shop.kustom.ch\/it\/prodotto\/handwerker-shorts-mit-stretch\/","title":{"rendered":"Pantaloncini artigianali elasticizzati"},"content":{"rendered":"<p>Una versione a pantaloncino dei pantaloni artigianali 1799, con un'incredibile elasticit\u00e0 a 4 vie sul davanti e sul carr\u00e9 e a 2 vie sul cavallo. Se volete lavorare in modo libero e concentrato, questi pantaloncini da artigiano sono il capo giusto per voi.<\/p>\n<p>DETTAGLI: Tasca per carte d'identit\u00e0 staccabile. Bottoni in metallo. Portacoltelli con bottone. Cucitura interna della gamba con tripla impuntura. Zip in plastica sul cavallo. Ampi passanti per cintura sul retro e sui lati. Anello a D sulla cintura. FUNZIONALIT\u00c0: Inserti elasticizzati sul davanti, sulla seduta, sulle tasche anteriori e sul cavallo. PROPRIET\u00c0 PRINCIPALI: Giardiniere. Uomo. REFLEX: Dettaglio riflettente sulla tasca della gamba. TESSUTO: Uomo. blu. Inserto elasticizzato. Artigianale. TASCHE: Tasca sulla gamba con soffietto, tasca per penne, tasca flessibile per cellulare e due ampie tasche, una con zip e tasca per carte d'identit\u00e0 staccabile. Tasche posteriori con soffietto. Tasca interna con inserto elastico. Tasca rinforzata per il righello con portacoltelli e tasca per la penna. ISTRUZIONI DI LAVAGGIO: Non lavare a secco. RINFORZO: rinforzo in CORDURA\u00ae sulle tasche posteriori.<\/p>\n<p>65% poliestere, 35% cotone, twill, 300g\/m\u00b2<\/p>","protected":false},"excerpt":{"rendered":"<p>Eine Shorts-Version der Handwerkerhose 1799, mit erstaunlichem 4-Wege-Stretch an der Vorderseite und Passe sowie 2-Wege-Stretch im Schritt. Wenn Sie frei und konzentriert arbeiten wollen, ist diese Handwerker Shorts das richtige Kleidungsst\u00fcck f\u00fcr Sie. DETAILS: Abnehmbare Ausweistasche. Metallkn\u00f6pfe. Messerhalter mit Knopf. Innenbeinnaht mit 3-fach-Naht. Kunststoff-Reissverschluss im Schritt. Breite G\u00fcrtelschlaufen hinten und an den Seiten. D-Ring am [&hellip;]<\/p>\n","protected":false},"featured_media":600141,"template":"","meta":[],"product_brand":[],"product_cat":[4198],"product_tag":[],"class_list":{"0":"post-600117","1":"product","2":"type-product","3":"status-publish","4":"has-post-thumbnail","6":"product_cat-shorts","7":"pa_brand-blaklaeder","8":"pa_brand-type-workwear","9":"pa_filter-color-blau","10":"pa_filter-color-grau","11":"pa_filter-color-schwarz","13":"first","14":"instock","15":"sale","16":"taxable","17":"shipping-taxable","18":"purchasable","19":"product-type-variable","20":"add-to-wishlist-before_image"},"exclude_global_add_ons":[],"addons":[],"acf":[],"_links":{"self":[{"href":"https:\/\/shop.kustom.ch\/it\/wp-json\/wp\/v2\/product\/600117"}],"collection":[{"href":"https:\/\/shop.kustom.ch\/it\/wp-json\/wp\/v2\/product"}],"about":[{"href":"https:\/\/shop.kustom.ch\/it\/wp-json\/wp\/v2\/types\/product"}],"wp:featuredmedia":[{"embeddable":true,"href":"https:\/\/shop.kustom.ch\/it\/wp-json\/wp\/v2\/media\/600141"}],"wp:attachment":[{"href":"https:\/\/shop.kustom.ch\/it\/wp-json\/wp\/v2\/media?parent=600117"}],"wp:term":[{"taxonomy":"product_brand","embeddable":true,"href":"https:\/\/shop.kustom.ch\/it\/wp-json\/wp\/v2\/product_brand?post=600117"},{"taxonomy":"product_cat","embeddable":true,"href":"https:\/\/shop.kustom.ch\/it\/wp-json\/wp\/v2\/product_cat?post=600117"},{"taxonomy":"product_tag","embeddable":true,"href":"https:\/\/shop.kustom.ch\/it\/wp-json\/wp\/v2\/product_tag?post=600117"}],"curies":[{"name":"wp","href":"https:\/\/api.w.org\/{rel}","templated":true}]}}