{"id":600061,"date":"2025-03-05T02:30:48","date_gmt":"2025-03-05T01:30:48","guid":{"rendered":"https:\/\/shop.kustom.ch\/?post_type=product&#038;p=600061"},"modified":"2026-03-31T08:35:05","modified_gmt":"2026-03-31T07:35:05","slug":"handwerker-arbeitshose-mit-stretch","status":"publish","type":"product","link":"https:\/\/shop.kustom.ch\/it\/prodotto\/handwerker-arbeitshose-mit-stretch\/","title":{"rendered":"Pantaloni da lavoro artigianali con elastico"},"content":{"rendered":"<p>Questi pantaloni da artigiano in cotone 100% sono resistenti, comodi e dotati di tutte le caratteristiche funzionali e sono progettati per rendere la vita lavorativa molto pi\u00f9 semplice. I pantaloni hanno una vestibilit\u00e0 pi\u00f9 sottile e sono realizzati in un tessuto robusto, ma sono comunque ariosi e comodi da indossare. Per dare una sensazione di particolare leggerezza e comfort, i pantaloni sono dotati di inserti elasticizzati a 4 vie su sedile, carr\u00e9, polpacci e aperture delle tasche. Sono inoltre dotati di tasche rinforzate per le ginocchia in tessuto elasticizzato CORDURA\u00ae, che contribuisce all'imbattibile sensazione di comfort assoluto.<\/p>\n<p>CHIUSURA: estremit\u00e0 delle gambe con rinforzo sul retro. DETTAGLI: Tasca per carte d'identit\u00e0 staccabile. Bottoni in metallo. Portacoltelli con bottone. Cucitura interna della gamba con tripla impuntura. Zip in plastica sul cavallo. Due passanti per cintura sui lati con bottone per il passante per il martello, un passante per cintura con anello a D sul davanti. Ampio passante per cintura sul retro. Anello a D sulla cintura. FUNZIONALIT\u00c0: inserto elasticizzato su cavallo, ginocchia, fianchi e polpaccio. PROPRIET\u00c0 PRINCIPALI: Lavoratore da giardino. EN 14004. REFLEX: Dettagli riflettenti sulla gamba. TESSUTO: Uomo. nero. Inserto elasticizzato. Stretch. TASCHE: Tasca sulla gamba con soffietto, tasca per penne, tasca flessibile per cellulare e due grandi tasche - una con zip e tasca per carta d'identit\u00e0 staccabile. Tasche posteriori con soffietto. Tasche per ginocchiere. Tasche per i chiodi - con portautensili e tasche extra con zip. Tasca interna con inserto elastico. Tasca rinforzata per regolo pieghevole con portacoltelli e portapenne. ISTRUZIONI DI LAVAGGIO: Stiratura media. RINFORZO: Tasca rinforzata per il righello, tasche per i chiodi, tasche posteriori e parte posteriore della gamba. CERTIFICAZIONE: EN 14404:2004+A1:2010 insieme alle ginocchiere 4027, 4057, 4058 e 4032.<\/p>\n<p>100% Cotone, twill, 370 g\/m\u00b2<\/p>","protected":false},"excerpt":{"rendered":"<p>Diese Handwerker Hose aus 100% Baumwolle ist strapazierf\u00e4hig, komfortabel und voll ausgestattet mit funktionellen Merkmalen und wurde entwickelt um das Arbeitsleben sehr viel einfacher zu machen. Die Hose hat eine schlankere Passform und ist zwar aus einem robusten Stoff gefertigt, aber dennoch luftig und angenehm zu tragen. Um der Hose ein besonders leichtes und komfortables [&hellip;]<\/p>\n","protected":false},"featured_media":600103,"template":"","meta":[],"product_brand":[],"product_cat":[4185],"product_tag":[],"class_list":{"0":"post-600061","1":"product","2":"type-product","3":"status-publish","4":"has-post-thumbnail","6":"product_cat-hosen","7":"pa_brand-blaklaeder","8":"pa_brand-type-workwear","9":"pa_filter-color-schwarz","11":"first","12":"instock","13":"sale","14":"taxable","15":"shipping-taxable","16":"purchasable","17":"product-type-variable","18":"add-to-wishlist-before_image"},"exclude_global_add_ons":[],"addons":[],"acf":[],"_links":{"self":[{"href":"https:\/\/shop.kustom.ch\/it\/wp-json\/wp\/v2\/product\/600061"}],"collection":[{"href":"https:\/\/shop.kustom.ch\/it\/wp-json\/wp\/v2\/product"}],"about":[{"href":"https:\/\/shop.kustom.ch\/it\/wp-json\/wp\/v2\/types\/product"}],"wp:featuredmedia":[{"embeddable":true,"href":"https:\/\/shop.kustom.ch\/it\/wp-json\/wp\/v2\/media\/600103"}],"wp:attachment":[{"href":"https:\/\/shop.kustom.ch\/it\/wp-json\/wp\/v2\/media?parent=600061"}],"wp:term":[{"taxonomy":"product_brand","embeddable":true,"href":"https:\/\/shop.kustom.ch\/it\/wp-json\/wp\/v2\/product_brand?post=600061"},{"taxonomy":"product_cat","embeddable":true,"href":"https:\/\/shop.kustom.ch\/it\/wp-json\/wp\/v2\/product_cat?post=600061"},{"taxonomy":"product_tag","embeddable":true,"href":"https:\/\/shop.kustom.ch\/it\/wp-json\/wp\/v2\/product_tag?post=600061"}],"curies":[{"name":"wp","href":"https:\/\/api.w.org\/{rel}","templated":true}]}}