{"id":600008,"date":"2025-03-05T02:29:59","date_gmt":"2025-03-05T01:29:59","guid":{"rendered":"https:\/\/shop.kustom.ch\/?post_type=product&#038;p=600008"},"modified":"2026-03-31T08:33:32","modified_gmt":"2026-03-31T07:33:32","slug":"handwerker-arbeitshose-4-wege-stretch-2","status":"publish","type":"product","link":"https:\/\/shop.kustom.ch\/it\/prodotto\/handwerker-arbeitshose-4-wege-stretch-2\/","title":{"rendered":"Pantaloni da lavoro artigianali elasticizzati in 4 direzioni"},"content":{"rendered":"<p>Pantaloni da lavoro artigianali realizzati in un materiale leggermente pi\u00f9 sottile ed elasticizzato in 4 direzioni che offre il massimo comfort. I pantaloni hanno un taglio pi\u00f9 stretto e un aspetto pi\u00f9 aderente. Sono dotati di tasche per ginocchiere con apertura verso il basso ed elasticizzate in CORDURA\u00ae, tasche per fondine staccabili, tasche posteriori con soffietti, tasca per regolo pieghevole e passante per portamartello sui lati destro e sinistro.<\/p>\n<p>CHIUSURA: estremit\u00e0 delle gambe con rinforzo in CORDURA\u00ae. DETTAGLI: Tasca per carte d'identit\u00e0 staccabile. Bottoni in metallo. Portacoltelli con bottone. Zip in plastica sul cavallo. Due passanti sui lati con bottone per il portamartello. Anello a D in vita. FUNZIONALIT\u00c0: 4 vie elasticizzate. PROPRIET\u00c0 PRINCIPALI: Artigianale. EN 14004. REFLEX: Dettagli riflettenti sulla gamba. TESSUTO: Uomo. nero. Tasche a chiodo. Artigianale. TASCHE: Tasche posteriori rinforzate con soffietti. Tasche esterne per ginocchiere. Tasche portachiodi - staccabili con portautensili e una tasca extra con zip. Tasche con soffietto, portapenne e portacoltelli. Patta con bottone magnetico nascosto. Tasche laterali. Tasca rinforzata per regolo pieghevole con portacoltelli e portapenne. ISTRUZIONI DI LAVAGGIO: Non lavare a secco. RINFORZO: tasche per ginocchiere rinforzate in Cordura\u00ae stretch. CERTIFICAZIONE: EN 14404:2004+A1:2010 insieme alle ginocchiere 4027, 4057, 4058 e 4032.<\/p>\n<p>Poliammide 92%, elastan 8%, doppio tessuto, elasticizzato in 4 direzioni, 230 g\/m\u00b2.<\/p>","protected":false},"excerpt":{"rendered":"<p>Eine Handwerker Arbeitshose aus einem etwas d\u00fcnneren 4-Wege-Stretchmaterial, das ultimativen Komfort bietet. Die Hose ist schmaler geschnitten und sieht enger aus. Sie hat nach unten \u00f6ffnende Kniepolstertaschen mit CORDURA\u00ae-Stretch, abnehmbare Holstertaschen, Ges\u00e4sstaschen mit Balg, eine Zollstocktasche und je eine Schlaufe f\u00fcr Hammerhalter auf der linken und rechten Seite. ABSCHLUSS: Beinabschluss mit CORDURA\u00ae-Verst\u00e4rkung. DETAILS: Abnehmbare Ausweistasche. [&hellip;]<\/p>\n","protected":false},"featured_media":600056,"template":"","meta":[],"product_brand":[],"product_cat":[4185],"product_tag":[],"class_list":{"0":"post-600008","1":"product","2":"type-product","3":"status-publish","4":"has-post-thumbnail","6":"product_cat-hosen","7":"pa_brand-blaklaeder","8":"pa_brand-type-workwear","9":"pa_filter-color-schwarz","11":"first","12":"instock","13":"sale","14":"taxable","15":"shipping-taxable","16":"purchasable","17":"product-type-variable","18":"add-to-wishlist-before_image"},"exclude_global_add_ons":[],"addons":[],"acf":[],"_links":{"self":[{"href":"https:\/\/shop.kustom.ch\/it\/wp-json\/wp\/v2\/product\/600008"}],"collection":[{"href":"https:\/\/shop.kustom.ch\/it\/wp-json\/wp\/v2\/product"}],"about":[{"href":"https:\/\/shop.kustom.ch\/it\/wp-json\/wp\/v2\/types\/product"}],"wp:featuredmedia":[{"embeddable":true,"href":"https:\/\/shop.kustom.ch\/it\/wp-json\/wp\/v2\/media\/600056"}],"wp:attachment":[{"href":"https:\/\/shop.kustom.ch\/it\/wp-json\/wp\/v2\/media?parent=600008"}],"wp:term":[{"taxonomy":"product_brand","embeddable":true,"href":"https:\/\/shop.kustom.ch\/it\/wp-json\/wp\/v2\/product_brand?post=600008"},{"taxonomy":"product_cat","embeddable":true,"href":"https:\/\/shop.kustom.ch\/it\/wp-json\/wp\/v2\/product_cat?post=600008"},{"taxonomy":"product_tag","embeddable":true,"href":"https:\/\/shop.kustom.ch\/it\/wp-json\/wp\/v2\/product_tag?post=600008"}],"curies":[{"name":"wp","href":"https:\/\/api.w.org\/{rel}","templated":true}]}}