{"id":599920,"date":"2025-03-05T02:28:39","date_gmt":"2025-03-05T01:28:39","guid":{"rendered":"https:\/\/shop.kustom.ch\/?post_type=product&#038;p=599920"},"modified":"2026-03-31T08:30:10","modified_gmt":"2026-03-31T07:30:10","slug":"high-vis-piratenhose-klasse-2","status":"publish","type":"product","link":"https:\/\/shop.kustom.ch\/it\/prodotto\/high-vis-piratenhose-klasse-2\/","title":{"rendered":"Pantaloni da pirata ad alta visibilit\u00e0 classe 2"},"content":{"rendered":"<p>Con questi pantaloncini da pirata avrete un design flessibile senza compromessi. Le gambe a 3\/4 danno una sensazione di freschezza. Due tasche posteriori rinforzate in Cordura\u00ae con soffietti. Certificato secondo la norma EN ISO 20471 Classe 2, aumenta la visibilit\u00e0 quando si lavora in ambienti estremi.<\/p>\n<p>DETTAGLI: Tasca per carte d'identit\u00e0. Passante per martello sul lato. Zip in plastica sul cavallo. Passanti, uno con anello a D. FUNZIONALIT\u00c0: Gambe dei pantaloni particolarmente ergonomiche. CARATTERISTICHE PRINCIPALI: Cavalieri. Uomo. EN 14004. REFLEX: strisce riflettenti larghe 65 mm. TESSUTO: Disponibile per uomo e donna. rosso. Tasche per le unghie. Alta visibilit\u00e0. TASCHE: Tasche posteriori a soffietto. Tasca per cellulare. Tasche per ginocchiere. Le tasche portachiodi possono essere inserite nelle tasche anteriori con soffietto. Tasche anteriori con soffietto. Tasca per regolo pieghevole con portacoltelli e portapenne. ISTRUZIONI DI LAVAGGIO: lavaggio in casa X 50, non stirare. RINFORZO: rinforzo in CORDURA\u00ae sulle tasche posteriori. LAVAGGIO: lavanderia industriale EN ISO 15797. CERTIFICAZIONE: EN 14404:2004+A1:2010 insieme alle ginocchiere 4027, 4057, 4058 e 4032. EN ISO 20471, classe 2<\/p>\n<p>65% poliestere, 35% cotone, twill, tessuto esterno idrorepellente, 240g\/m\u00b2.<\/p>","protected":false},"excerpt":{"rendered":"<p>Mit dieser Piraten Shorts erhalten Sie ein flexibles Design ohne Kompromisse. 3\/4-lange Beine geben Ihnen ein k\u00fchles Gef\u00fchl. Zwei Cordura\u00ae verst\u00e4rkte Ges\u00e4sstaschen mit Balg. Zertifiziert nach EN ISO 20471 Klasse 2, erh\u00f6ht die Sichtbarkeit bei der Arbeit in extremer Umgebung. DETAILS: Ausweistasche. Hammerschlaufe an der Seite. Kunststoff-Reissverschluss im Schritt. Schlaufen, davon eine mit D-Ring. FUNKTIONALIT\u00c4T: [&hellip;]<\/p>\n","protected":false},"featured_media":599939,"template":"","meta":[],"product_brand":[],"product_cat":[4198],"product_tag":[],"class_list":{"0":"post-599920","1":"product","2":"type-product","3":"status-publish","4":"has-post-thumbnail","6":"product_cat-shorts","7":"pa_brand-blaklaeder","8":"pa_brand-type-workwear","9":"pa_filter-color-rot","11":"first","12":"instock","13":"sale","14":"taxable","15":"shipping-taxable","16":"purchasable","17":"product-type-variable","18":"add-to-wishlist-before_image"},"exclude_global_add_ons":[],"addons":[],"acf":[],"_links":{"self":[{"href":"https:\/\/shop.kustom.ch\/it\/wp-json\/wp\/v2\/product\/599920"}],"collection":[{"href":"https:\/\/shop.kustom.ch\/it\/wp-json\/wp\/v2\/product"}],"about":[{"href":"https:\/\/shop.kustom.ch\/it\/wp-json\/wp\/v2\/types\/product"}],"wp:featuredmedia":[{"embeddable":true,"href":"https:\/\/shop.kustom.ch\/it\/wp-json\/wp\/v2\/media\/599939"}],"wp:attachment":[{"href":"https:\/\/shop.kustom.ch\/it\/wp-json\/wp\/v2\/media?parent=599920"}],"wp:term":[{"taxonomy":"product_brand","embeddable":true,"href":"https:\/\/shop.kustom.ch\/it\/wp-json\/wp\/v2\/product_brand?post=599920"},{"taxonomy":"product_cat","embeddable":true,"href":"https:\/\/shop.kustom.ch\/it\/wp-json\/wp\/v2\/product_cat?post=599920"},{"taxonomy":"product_tag","embeddable":true,"href":"https:\/\/shop.kustom.ch\/it\/wp-json\/wp\/v2\/product_tag?post=599920"}],"curies":[{"name":"wp","href":"https:\/\/api.w.org\/{rel}","templated":true}]}}