{"id":599801,"date":"2025-03-05T02:26:45","date_gmt":"2025-03-05T01:26:45","guid":{"rendered":"https:\/\/shop.kustom.ch\/?post_type=product&#038;p=599801"},"modified":"2025-05-09T10:27:34","modified_gmt":"2025-05-09T09:27:34","slug":"bridge-m-complete-pc","status":"publish","type":"product","link":"https:\/\/shop.kustom.ch\/it\/prodotto\/bridge-m-complete-pc\/","title":{"rendered":"Ponte M PC completo"},"content":{"rendered":"<p>B.R.I.D.G.E \u00e8 progettato per adattarsi facilmente al vostro corpo unico ed \u00e8 disponibile in quattro misure. \u00c8 integrato nell'attrezzatura, sia nel gilet che nelle bretelle. Quando si utilizza il B.R.I.D.G.E. non si altera il proprio modo di lavorare, ma il B.R.I.D.G.E. diventa parte integrante del normale equipaggiamento. Utilizzando B.R.I.D.G.E. nel vostro lavoro quotidiano, riducete il rischio di lesioni permanenti da stress alle spalle.* Previene le lesioni da stress a lungo termine al collo, spalle e braccia* Design ergonomico* Modo unico per alleviare spalle e collo* Sposta il carico sullo scheletro invece che sui tessuti molli e sui centri nervosi* Allevia completamente il carico sulla parte superiore della spalla* Riduce significativamente il rischio di cefalee da tensione e intorpidimento delle braccia* Piena libert\u00e0 di movimento per il collo e le braccia di movimento per il collo e le braccia* Aumenta il tempo in cui l'utente pu\u00f2 lavorare senza fastidi* Facile da adattare a diverse applicazioni* Raddrizza la postura e riduce il mal di schiena* Adattabile alle attrezzature e ai prodotti esistenti* Non richiede alcun cambiamento nel modo di lavorare dell'utente* Peso ridotto circa 180 - 260 grammi* 1001TP 180 - 260 grammi* Materiale riciclabile 100%* Facile da applicare e da personalizzareCaratteristicheMateriale principale PolicarbonatoImbottitura S\u00ecMateriale dell'imbottitura Evazote\u00ae EV50Adattamento NormaleMateriale di fissaggio Gancio e Loo<\/p>\n<p>TESSUTO: grigio<\/p>","protected":false},"excerpt":{"rendered":"<p>B.R.I.D.G.E is designed to easily adapt to your unique body and is available in four sizes. It is integrated into the equipment either in the vest or braces. When using the B.R.I.D.G.E. your way of working is not affected, but B.R.I.D.G.E. becomes an integral part of your normal equipment. By using B.R.I.D.G.E. in your daily [&hellip;]<\/p>\n","protected":false},"featured_media":599861,"template":"","meta":[],"product_brand":[],"product_cat":[9643,4209],"product_tag":[],"class_list":{"0":"post-599801","1":"product","2":"type-product","3":"status-publish","4":"has-post-thumbnail","6":"product_cat-equipment","7":"product_cat-zubehoer","8":"pa_brand-blaklaeder","9":"pa_brand-type-workwear","10":"pa_filter-color-grau","12":"first","13":"instock","14":"sale","15":"taxable","16":"shipping-taxable","17":"purchasable","18":"product-type-variable","19":"add-to-wishlist-before_image"},"exclude_global_add_ons":[],"addons":[],"acf":[],"_links":{"self":[{"href":"https:\/\/shop.kustom.ch\/it\/wp-json\/wp\/v2\/product\/599801"}],"collection":[{"href":"https:\/\/shop.kustom.ch\/it\/wp-json\/wp\/v2\/product"}],"about":[{"href":"https:\/\/shop.kustom.ch\/it\/wp-json\/wp\/v2\/types\/product"}],"wp:featuredmedia":[{"embeddable":true,"href":"https:\/\/shop.kustom.ch\/it\/wp-json\/wp\/v2\/media\/599861"}],"wp:attachment":[{"href":"https:\/\/shop.kustom.ch\/it\/wp-json\/wp\/v2\/media?parent=599801"}],"wp:term":[{"taxonomy":"product_brand","embeddable":true,"href":"https:\/\/shop.kustom.ch\/it\/wp-json\/wp\/v2\/product_brand?post=599801"},{"taxonomy":"product_cat","embeddable":true,"href":"https:\/\/shop.kustom.ch\/it\/wp-json\/wp\/v2\/product_cat?post=599801"},{"taxonomy":"product_tag","embeddable":true,"href":"https:\/\/shop.kustom.ch\/it\/wp-json\/wp\/v2\/product_tag?post=599801"}],"curies":[{"name":"wp","href":"https:\/\/api.w.org\/{rel}","templated":true}]}}