{"id":599582,"date":"2025-03-05T02:23:44","date_gmt":"2025-03-05T01:23:44","guid":{"rendered":"https:\/\/shop.kustom.ch\/?post_type=product&#038;p=599582"},"modified":"2026-03-31T09:09:21","modified_gmt":"2026-03-31T08:09:21","slug":"handwerker-umstandshose-zip-off","status":"publish","type":"product","link":"https:\/\/shop.kustom.ch\/it\/prodotto\/handwerker-umstandshose-zip-off\/","title":{"rendered":"Pantaloni premaman artigianali con zip"},"content":{"rendered":"<p>I rivoluzionari pantaloni premaman di Bl\u00e5kl\u00e4der in un modello artigianale. Questi pantaloni artigianali, morbidi, comodi e resistenti, sono progettati per facilitare il lavoro fisico il pi\u00f9 a lungo possibile durante la gravidanza. I pantaloni antigraffio in tessuto elasticizzato a 2 vie hanno una chiusura a zip che consente di rimuovere le parti sopra le ginocchia, ottenendo cos\u00ec pantaloni lunghi e corti in un unico capo. Sono dotati di tasche per appendere, una tasca per il righello e un tessuto elasticizzato in 4 direzioni sulla vita e sulla parte bassa della schiena.<\/p>\n<p>CHIUSURA: possibilit\u00e0 di estensione sull'orlo della gamba. DETTAGLI: Anello a D. Vita alta sul retro. FUNZIONALIT\u00c0: elasticizzato a 2 vie. Taglia donna. CARATTERISTICHE PRINCIPALI: Meccanico. EN 14004. REFLEX: Dettagli riflettenti sulla gamba. TESSUTO: Donna. nero. Non graffia. Lavorazione artigianale. TASCHE: Tasca sulla gamba con soffietto e patta con chiusura a velcro e tasca interna per cellulare in rete. Tasca interna per cellulare. Tasche per ginocchiere. Tasche per i chiodi. Tasche laterali. Tasca per regolo pieghevole. ISTRUZIONI DI LAVAGGIO: Non lavare a secco. RINFORZO: tasche per ginocchiere rinforzate in Cordura\u00ae stretch. CERTIFICAZIONE: EN 14404:2004+A1:2010 insieme alle ginocchiere 4027, 4057, 4058 e 4032.<\/p>\n<p>98% cotone, 2% elastolefina, tela, 285 g\/m\u00b2<\/p>","protected":false},"excerpt":{"rendered":"<p>Die revolution\u00e4re Umstandshose von Bl\u00e5kl\u00e4der in einem Handwerksmodell. Diese weiche, bequeme und strapazierf\u00e4hige Handwerkerhose soll k\u00f6rperliche Arbeit w\u00e4hrend der Schwangerschaft so lange wie m\u00f6glich erleichtern. Die kratzfreie Hose aus 2-Wege-Stretch hat einen Reissverschluss, d.h. Sie k\u00f6nnen die Teile \u00fcber den Knien abnehmen, so dass Sie sowohl eine lange als auch eine kurze Hose in einem [&hellip;]<\/p>\n","protected":false},"featured_media":530735,"template":"","meta":[],"product_brand":[],"product_cat":[4185],"product_tag":[],"class_list":{"0":"post-599582","1":"product","2":"type-product","3":"status-publish","4":"has-post-thumbnail","6":"product_cat-hosen","7":"pa_brand-blaklaeder","8":"pa_brand-type-workwear","9":"pa_filter-color-schwarz","11":"first","12":"instock","13":"sale","14":"taxable","15":"shipping-taxable","16":"purchasable","17":"product-type-variable","18":"add-to-wishlist-before_image"},"exclude_global_add_ons":[],"addons":[],"acf":[],"_links":{"self":[{"href":"https:\/\/shop.kustom.ch\/it\/wp-json\/wp\/v2\/product\/599582"}],"collection":[{"href":"https:\/\/shop.kustom.ch\/it\/wp-json\/wp\/v2\/product"}],"about":[{"href":"https:\/\/shop.kustom.ch\/it\/wp-json\/wp\/v2\/types\/product"}],"wp:featuredmedia":[{"embeddable":true,"href":"https:\/\/shop.kustom.ch\/it\/wp-json\/wp\/v2\/media\/530735"}],"wp:attachment":[{"href":"https:\/\/shop.kustom.ch\/it\/wp-json\/wp\/v2\/media?parent=599582"}],"wp:term":[{"taxonomy":"product_brand","embeddable":true,"href":"https:\/\/shop.kustom.ch\/it\/wp-json\/wp\/v2\/product_brand?post=599582"},{"taxonomy":"product_cat","embeddable":true,"href":"https:\/\/shop.kustom.ch\/it\/wp-json\/wp\/v2\/product_cat?post=599582"},{"taxonomy":"product_tag","embeddable":true,"href":"https:\/\/shop.kustom.ch\/it\/wp-json\/wp\/v2\/product_tag?post=599582"}],"curies":[{"name":"wp","href":"https:\/\/api.w.org\/{rel}","templated":true}]}}