{"id":599581,"date":"2025-03-05T02:23:44","date_gmt":"2025-03-05T01:23:44","guid":{"rendered":"https:\/\/shop.kustom.ch\/?post_type=product&#038;p=599581"},"modified":"2026-03-31T09:09:20","modified_gmt":"2026-03-31T08:09:20","slug":"maler-umstandshose-zip-off","status":"publish","type":"product","link":"https:\/\/shop.kustom.ch\/it\/prodotto\/maler-umstandshose-zip-off\/","title":{"rendered":"Pantaloni premaman con zip Painter"},"content":{"rendered":"<p>I rivoluzionari pantaloni premaman di Bl\u00e5kl\u00e4der in versione da pittore. Questi pantaloni da pittore, morbidi, comodi e resistenti, sono progettati per facilitare il lavoro fisico il pi\u00f9 a lungo possibile durante la gravidanza. I pantaloni antigraffio in stretch a 4 direzioni hanno una chiusura a zip che consente di rimuovere le parti sopra le ginocchia, ottenendo cos\u00ec pantaloni lunghi e corti in un unico capo. Sono dotati di tasche per appendere e di una tasca per il righello.<\/p>\n<p>CHIUSURA: possibilit\u00e0 di estensione sull'orlo della gamba. DETTAGLI: Anello a D. Vita alta sul retro. FUNZIONALIT\u00c0: elasticizzato a 4 vie. Taglia donna. CARATTERISTICHE PRINCIPALI: Vernice. EN 14004. REFLEX: Dettagli riflettenti sulla gamba. TESSUTO: Donna. nero. Stretch. Stretch. TASCHE: Tasca sulla gamba con soffietto e pattina con chiusura a velcro e tasca interna per cellulare in rete. Tasca interna per cellulare. Tasche per ginocchiere. Tasche laterali. Tasche laterali. Tasca per regolo pieghevole. ISTRUZIONI DI LAVAGGIO: Non stirare. RINFORZO: tasche per ginocchiere in Cordura\u00ae elasticizzato. CERTIFICAZIONE: EN 14404:2004+A1:2010 insieme alle ginocchiere 4027, 4057, 4058 e 4032.<\/p>\n<p>Poliestere 94%, elastan 6%, elasticizzato in 4 direzioni, 320 g\/m\u00b2.<\/p>","protected":false},"excerpt":{"rendered":"<p>Die revolution\u00e4re Umstandshose von Bl\u00e5kl\u00e4der in Malerausf\u00fchrung. Diese weiche, bequeme und strapazierf\u00e4hige Malerhose soll die k\u00f6rperliche Arbeit w\u00e4hrend der Schwangerschaft so lange wie m\u00f6glich erleichtern. Die kratzfreie Hose aus 4-Wege-Stretch hat einen Reissverschluss, d.h. Sie k\u00f6nnen die Teile \u00fcber den Knien abnehmen, so dass Sie sowohl eine lange als auch eine kurze Hose in einem [&hellip;]<\/p>\n","protected":false},"featured_media":599634,"template":"","meta":[],"product_brand":[],"product_cat":[4185],"product_tag":[],"class_list":{"0":"post-599581","1":"product","2":"type-product","3":"status-publish","4":"has-post-thumbnail","6":"product_cat-hosen","7":"pa_brand-blaklaeder","8":"pa_brand-type-workwear","9":"pa_filter-color-schwarz","10":"pa_filter-color-weiss","12":"first","13":"instock","14":"sale","15":"taxable","16":"shipping-taxable","17":"purchasable","18":"product-type-variable","19":"add-to-wishlist-before_image"},"exclude_global_add_ons":[],"addons":[],"acf":[],"_links":{"self":[{"href":"https:\/\/shop.kustom.ch\/it\/wp-json\/wp\/v2\/product\/599581"}],"collection":[{"href":"https:\/\/shop.kustom.ch\/it\/wp-json\/wp\/v2\/product"}],"about":[{"href":"https:\/\/shop.kustom.ch\/it\/wp-json\/wp\/v2\/types\/product"}],"wp:featuredmedia":[{"embeddable":true,"href":"https:\/\/shop.kustom.ch\/it\/wp-json\/wp\/v2\/media\/599634"}],"wp:attachment":[{"href":"https:\/\/shop.kustom.ch\/it\/wp-json\/wp\/v2\/media?parent=599581"}],"wp:term":[{"taxonomy":"product_brand","embeddable":true,"href":"https:\/\/shop.kustom.ch\/it\/wp-json\/wp\/v2\/product_brand?post=599581"},{"taxonomy":"product_cat","embeddable":true,"href":"https:\/\/shop.kustom.ch\/it\/wp-json\/wp\/v2\/product_cat?post=599581"},{"taxonomy":"product_tag","embeddable":true,"href":"https:\/\/shop.kustom.ch\/it\/wp-json\/wp\/v2\/product_tag?post=599581"}],"curies":[{"name":"wp","href":"https:\/\/api.w.org\/{rel}","templated":true}]}}