{"id":599460,"date":"2025-03-05T02:21:53","date_gmt":"2025-03-05T01:21:53","guid":{"rendered":"https:\/\/shop.kustom.ch\/?post_type=product&#038;p=599460"},"modified":"2026-03-31T09:00:48","modified_gmt":"2026-03-31T08:00:48","slug":"damen-multinorm-softshelljacke","status":"publish","type":"product","link":"https:\/\/shop.kustom.ch\/it\/prodotto\/damen-multinorm-softshelljacke\/","title":{"rendered":"Giacca softshell Multinorm da donna"},"content":{"rendered":"<p>Giacca softshell priva di metalli e poliestere, con vestibilit\u00e0 femminile e in High Vis, materiale intrinsecamente ignifugo. La giacca, antivento e idrorepellente, \u00e8 realizzata in materiale softshell oleorepellente, antisporco e idrorepellente e presenta un'eccellente traspirabilit\u00e0. Presenta inoltre una schiena allungata, maniche preformate e polsini alle estremit\u00e0 delle maniche, che migliorano ulteriormente il gi\u00e0 eccellente comfort di vestibilit\u00e0. La giacca \u00e8 dotata di tasche funzionali e di due passanti per il gas per collegare rilevatori di gas e analizzatori di ossigeno. Questo rende la giacca softshell particolarmente utile per lavorare in ambienti petrolchimici o nell'industria petrolifera e del gas, ad esempio. \u00c8 certificata secondo: EN 1149-5. EN 13034. EN ISO 20471. EN ISO 11611. EN ISO 11612. IEC 61482-2.<\/p>\n<p>CHIUSURA: Schiena allungata. Polsini interni. DETTAGLI: anello a D. Etichette di certificazione esterne. Bottoni in plastica. Collo alto con cerniera nascosta. CHIUSURA ANTERIORE: Zip nascosta in plastica a due vie. FUNZIONALIT\u00c0: Repellente all'olio, allo sporco e all'acqua. PROPRIET\u00c0 PRINCIPALI: Artigianale. EN ISO 11611. RIFLESSIONE: strisce riflettenti a trasferimento ignifugo interrotto. TESSUTO: Donna. blu. Senza metallo. Ritardante di fiamma. TASCHE: Tasca sul petto con zip. Tasche anteriori con cerniera. ISTRUZIONI DI LAVAGGIO: Non lavare a secco. CERTIFICAZIONE: EN 1149-5. 20 lavaggi max. EBT - 33 cal\/cm\u00b2. EN ISO 11611 classe 2, A1+A2. EN ISO 11612 A1,A2, B1,C2,F2. EN ISO 20471, classe 2<\/p>\n<p>44% modacrilico, 29% cotone, 11% poliammide, 6% poliuretano, 5% poliestere, 3% aramide, 2% antistatico, softshell a 3 strati, ignifugo, antistatico, rivestito, schizzi chimici (EN13034), 490 g\/m\u00b2<\/p>","protected":false},"excerpt":{"rendered":"<p>Metall- und polyesterfreie Softshelljacke mit Damenpassform und in High Vis, die von Haus aus schwer entflammbar ist. Die wind- und wasserabweisende Jacke ist aus einem \u00f6l-, schmutz- und wasserabweisenden Softshell-Material gefertigt und verf\u00fcgt \u00fcber eine hervorragende Atmungsaktivit\u00e4t. Ausserdem hat sie einen verl\u00e4ngerten R\u00fccken, vorgeformte \u00c4rmel und B\u00fcndchen an den \u00c4rmelenden, die den ohnehin schon hervorragenden [&hellip;]<\/p>\n","protected":false},"featured_media":599515,"template":"","meta":[],"product_brand":[],"product_cat":[4186],"product_tag":[],"class_list":{"0":"post-599460","1":"product","2":"type-product","3":"status-publish","4":"has-post-thumbnail","6":"product_cat-jacken","7":"pa_brand-blaklaeder","8":"pa_brand-type-workwear","9":"pa_filter-color-blau","10":"pa_filter-color-gelb","12":"first","13":"instock","14":"sale","15":"taxable","16":"shipping-taxable","17":"purchasable","18":"product-type-variable","19":"add-to-wishlist-before_image"},"exclude_global_add_ons":[],"addons":[],"acf":[],"_links":{"self":[{"href":"https:\/\/shop.kustom.ch\/it\/wp-json\/wp\/v2\/product\/599460"}],"collection":[{"href":"https:\/\/shop.kustom.ch\/it\/wp-json\/wp\/v2\/product"}],"about":[{"href":"https:\/\/shop.kustom.ch\/it\/wp-json\/wp\/v2\/types\/product"}],"wp:featuredmedia":[{"embeddable":true,"href":"https:\/\/shop.kustom.ch\/it\/wp-json\/wp\/v2\/media\/599515"}],"wp:attachment":[{"href":"https:\/\/shop.kustom.ch\/it\/wp-json\/wp\/v2\/media?parent=599460"}],"wp:term":[{"taxonomy":"product_brand","embeddable":true,"href":"https:\/\/shop.kustom.ch\/it\/wp-json\/wp\/v2\/product_brand?post=599460"},{"taxonomy":"product_cat","embeddable":true,"href":"https:\/\/shop.kustom.ch\/it\/wp-json\/wp\/v2\/product_cat?post=599460"},{"taxonomy":"product_tag","embeddable":true,"href":"https:\/\/shop.kustom.ch\/it\/wp-json\/wp\/v2\/product_tag?post=599460"}],"curies":[{"name":"wp","href":"https:\/\/api.w.org\/{rel}","templated":true}]}}