{"id":599423,"date":"2025-03-05T02:21:16","date_gmt":"2025-03-05T01:21:16","guid":{"rendered":"https:\/\/shop.kustom.ch\/?post_type=product&#038;p=599423"},"modified":"2026-03-31T09:00:36","modified_gmt":"2026-03-31T08:00:36","slug":"damen-industriejacke-stretch","status":"publish","type":"product","link":"https:\/\/shop.kustom.ch\/it\/prodotto\/damen-industriejacke-stretch\/","title":{"rendered":"Giacca industriale da donna elasticizzata"},"content":{"rendered":"<p>Questa giacca da donna fa parte della collezione industriale stretch di Bl\u00e5kl\u00e4der. La giacca, priva di graffi, \u00e8 adatta al lavaggio industriale ed \u00e8 interamente realizzata in confortevole e flessibile tessuto elasticizzato a 2 vie per un maggiore comfort e libert\u00e0 di movimento. La giacca \u00e8 dotata di dettagli riflettenti che la rendono visibile quando necessario. Disponibile anche come modello da uomo 4444.<\/p>\n<p>CHIUSURA: polsini regolabili con bottoni metallici nascosti. DETTAGLI: Anello a D. Bottoni a pressione in metallo. Colletto rialzato. Vita regolabile. CHIUSURA ANTERIORE: Chiusura anteriore con bottoni a pressione metallici nascosti. FUNZIONALIT\u00c0: Non graffia. Maniche preformate. CARATTERISTICHE PRINCIPALI: Artigianale. REFLEX: Materiale riflettente sulla schiena. TESSUTO: Donna. Stretch. Stretch. TASCHE: Tasche sul petto con soffietto e patta. Tasca interna con zip nascosta. Tasca sulla manica con portapenne. ISTRUZIONI DI LAVAGGIO: Non lavare a secco. LAVAGGIO: Lavanderia industriale EN ISO 15797.<\/p>\n<p>63% poliestere, 33% cotone, 4% elastofin, twill, elasticizzato, 260 g\/m\u00b2<\/p>","protected":false},"excerpt":{"rendered":"<p>Diese Jacke in Damenpassform ist Teil der Industriekollektion aus Stretch von Bl\u00e5kl\u00e4der. Die kratzfreie Jacke ist f\u00fcr die industrielle W\u00e4sche geeignet und besteht vollst\u00e4ndig aus bequemem und flexiblem 2-Wege-Stretch f\u00fcr mehr Komfort und Bewegungsfreiheit. Die Jacke hat geschmackvolle reflektierende Details, die Sie bei Bedarf sichtbar machen. Auch als Herrenmodell 4444 erh\u00e4ltlich. ABSCHLUSS: Verstellbarer Armabschluss mit [&hellip;]<\/p>\n","protected":false},"featured_media":599479,"template":"","meta":[],"product_brand":[],"product_cat":[4186],"product_tag":[],"class_list":{"0":"post-599423","1":"product","2":"type-product","3":"status-publish","4":"has-post-thumbnail","6":"product_cat-jacken","7":"pa_brand-blaklaeder","8":"pa_brand-type-workwear","9":"pa_filter-color-blau","10":"pa_filter-color-gelb","11":"pa_filter-color-grau","12":"pa_filter-color-rot","13":"pa_filter-color-schwarz","15":"first","16":"instock","17":"sale","18":"taxable","19":"shipping-taxable","20":"purchasable","21":"product-type-variable","22":"add-to-wishlist-before_image"},"exclude_global_add_ons":[],"addons":[],"acf":[],"_links":{"self":[{"href":"https:\/\/shop.kustom.ch\/it\/wp-json\/wp\/v2\/product\/599423"}],"collection":[{"href":"https:\/\/shop.kustom.ch\/it\/wp-json\/wp\/v2\/product"}],"about":[{"href":"https:\/\/shop.kustom.ch\/it\/wp-json\/wp\/v2\/types\/product"}],"wp:featuredmedia":[{"embeddable":true,"href":"https:\/\/shop.kustom.ch\/it\/wp-json\/wp\/v2\/media\/599479"}],"wp:attachment":[{"href":"https:\/\/shop.kustom.ch\/it\/wp-json\/wp\/v2\/media?parent=599423"}],"wp:term":[{"taxonomy":"product_brand","embeddable":true,"href":"https:\/\/shop.kustom.ch\/it\/wp-json\/wp\/v2\/product_brand?post=599423"},{"taxonomy":"product_cat","embeddable":true,"href":"https:\/\/shop.kustom.ch\/it\/wp-json\/wp\/v2\/product_cat?post=599423"},{"taxonomy":"product_tag","embeddable":true,"href":"https:\/\/shop.kustom.ch\/it\/wp-json\/wp\/v2\/product_tag?post=599423"}],"curies":[{"name":"wp","href":"https:\/\/api.w.org\/{rel}","templated":true}]}}