{"id":599301,"date":"2025-03-05T02:19:11","date_gmt":"2025-03-05T01:19:11","guid":{"rendered":"https:\/\/shop.kustom.ch\/?post_type=product&#038;p=599301"},"modified":"2026-03-31T08:54:41","modified_gmt":"2026-03-31T07:54:41","slug":"damen-high-vis-t-shirt-3","status":"publish","type":"product","link":"https:\/\/shop.kustom.ch\/it\/prodotto\/damen-high-vis-t-shirt-3\/","title":{"rendered":"Maglietta donna High Vis"},"content":{"rendered":"<p>Se lavorate all'aperto, sapete quanto sia importante avere un abbigliamento adeguato che funzioni quando le temperature si alzano. Questa T-shirt con vestibilit\u00e0 femminile \u00e8 realizzata in un materiale con un eccellente assorbimento dell'umidit\u00e0, che trasporta il sudore dall'interno dell'indumento all'esterno. L'umidit\u00e0 si asciuga rapidamente all'esterno, creando un clima corporeo piacevole. Non pu\u00f2 essere lavata industrialmente.<\/p>\n<p>DETTAGLI: Stampa - Bl\u00e5kl\u00e4der. Collo rotondo. Inserti per ottimizzare il trasporto dell'umidit\u00e0. FUNZIONALIT\u00c0: Inserti in rete nelle principali zone di sudorazione. Taglia donna. PROPRIET\u00c0 PRINCIPALI: Lavoratori stradali e dell'edilizia. EN ISO 20471. REFLEX: Materiale riflettente su busto, maniche e spalle. TESSUTO: Disponibile per uomo e donna. Giallo alta visibilit\u00e0. Protezione ad alta visibilit\u00e0. ISTRUZIONI DI LAVAGGIO: Numero di lavaggi: 50. 60\u00b0 C. CERTIFICAZIONE: EN ISO 20471, classe 2.<\/p>\n<p>55% poliestere, 45% polipropilene, interlock, 160g\/m\u00b2<\/p>","protected":false},"excerpt":{"rendered":"<p>Wenn Sie im Freien arbeiten, wissen Sie, wie wichtig geeignete Kleidung ist, die bei steigenden Temperaturen funktioniert. Dieses T-Shirt mit Damenpassform besteht aus einem Material mit hervorragender Feuchtigkeitsaufnahme, das den Schweiss von der Innenseite des Kleidungsst\u00fccks nach aussen transportiert. An der Aussenseite trocknet die Feuchtigkeit schnell und schafft so ein angenehmes K\u00f6rperklima. Kann nicht industriell [&hellip;]<\/p>\n","protected":false},"featured_media":599339,"template":"","meta":[],"product_brand":[],"product_cat":[4201],"product_tag":[],"class_list":{"0":"post-599301","1":"product","2":"type-product","3":"status-publish","4":"has-post-thumbnail","6":"product_cat-t-shirts","7":"pa_brand-blaklaeder","8":"pa_brand-type-workwear","9":"pa_filter-color-blau","10":"pa_filter-color-gelb","11":"pa_filter-color-orange","12":"pa_filter-color-rot","13":"pa_filter-color-schwarz","15":"first","16":"instock","17":"sale","18":"taxable","19":"shipping-taxable","20":"purchasable","21":"product-type-variable","22":"add-to-wishlist-before_image"},"exclude_global_add_ons":[],"addons":[],"acf":[],"_links":{"self":[{"href":"https:\/\/shop.kustom.ch\/it\/wp-json\/wp\/v2\/product\/599301"}],"collection":[{"href":"https:\/\/shop.kustom.ch\/it\/wp-json\/wp\/v2\/product"}],"about":[{"href":"https:\/\/shop.kustom.ch\/it\/wp-json\/wp\/v2\/types\/product"}],"wp:featuredmedia":[{"embeddable":true,"href":"https:\/\/shop.kustom.ch\/it\/wp-json\/wp\/v2\/media\/599339"}],"wp:attachment":[{"href":"https:\/\/shop.kustom.ch\/it\/wp-json\/wp\/v2\/media?parent=599301"}],"wp:term":[{"taxonomy":"product_brand","embeddable":true,"href":"https:\/\/shop.kustom.ch\/it\/wp-json\/wp\/v2\/product_brand?post=599301"},{"taxonomy":"product_cat","embeddable":true,"href":"https:\/\/shop.kustom.ch\/it\/wp-json\/wp\/v2\/product_cat?post=599301"},{"taxonomy":"product_tag","embeddable":true,"href":"https:\/\/shop.kustom.ch\/it\/wp-json\/wp\/v2\/product_tag?post=599301"}],"curies":[{"name":"wp","href":"https:\/\/api.w.org\/{rel}","templated":true}]}}