{"id":599240,"date":"2025-03-05T02:18:22","date_gmt":"2025-03-05T01:18:22","guid":{"rendered":"https:\/\/shop.kustom.ch\/?post_type=product&#038;p=599240"},"modified":"2026-03-31T08:53:25","modified_gmt":"2026-03-31T07:53:25","slug":"multinorm-poloshirt-langaermelig-3","status":"publish","type":"product","link":"https:\/\/shop.kustom.ch\/it\/prodotto\/multinorm-poloshirt-langaermelig-3\/","title":{"rendered":"Polo multinorm a maniche lunghe"},"content":{"rendered":"<p>Comoda polo ignifuga ad alta visibilit\u00e0 (classe 1) con strisce riflettenti a trasferimento diagonale. Perfetta se volete essere ben vestiti al lavoro e allo stesso tempo garantire un'adeguata protezione dalle fiamme in ambienti esposti. La polo \u00e8 dotata di colletto a costine e polsini elasticizzati per un maggiore comfort. Certificata secondo la norma EN ISO 20471, che aumenta la visibilit\u00e0 quando si lavora in ambienti esposti, EN ISO 11612, EN1149-5 e EN 61482-2.<\/p>\n<p>CHIUSURA: Polsini con polsini. DETTAGLI: Etichette di certificazione esterne. Scollo con bottoni. Colletto a coste. CARATTERISTICHE PRINCIPALI: Impiegato di servizio. EN 1149-5. REFLEX: Strisce riflettenti a trasferimento ignifugo interrotto. TESSUTO: Uomo. blu. Ritardante di fiamma. ISTRUZIONI DI LAVAGGIO: 60\u00b0 C. CERTIFICAZIONE: EN 1149-5. EBT - 4,9 cal\/cm\u00b2. EN ISO 11612 A1, A2, B1, C1. EN ISO 20471, classe 1<\/p>\n<p>60% modacrilico, 39% cotone, 1% altre fibre. Maglia a piqu\u00e9, ignifuga, antistatica, 210g\/m\u00b2.<\/p>","protected":false},"excerpt":{"rendered":"<p>Bequemes, flammhemmendes High-Vis (Klasse 1) Poloshirt mit diagonalen Transfer-Reflexstreifen. Perfekt, wenn Sie bei der Arbeit gut gekleidet sein wollen und gleichzeitig einen angemessenen Flammschutz in exponierten Umgebungen sicherstellen wollen. Das Poloshirt hat einen Rippstrickkragen und elastische B\u00fcndchen f\u00fcr zus\u00e4tzlichen Komfort. Zertifiziert nach EN ISO 20471, die die Sichtbarkeit bei Arbeiten in exponierten Umgebungen erh\u00f6ht, EN [&hellip;]<\/p>\n","protected":false},"featured_media":0,"template":"","meta":[],"product_brand":[],"product_cat":[4201],"product_tag":[],"class_list":{"0":"post-599240","1":"product","2":"type-product","3":"status-publish","5":"product_cat-t-shirts","6":"pa_brand-blaklaeder","7":"pa_brand-type-workwear","8":"pa_filter-color-blau","9":"pa_filter-color-gelb","11":"first","12":"instock","13":"sale","14":"taxable","15":"shipping-taxable","16":"purchasable","17":"product-type-variable","18":"add-to-wishlist-before_image"},"exclude_global_add_ons":[],"addons":[],"acf":[],"_links":{"self":[{"href":"https:\/\/shop.kustom.ch\/it\/wp-json\/wp\/v2\/product\/599240"}],"collection":[{"href":"https:\/\/shop.kustom.ch\/it\/wp-json\/wp\/v2\/product"}],"about":[{"href":"https:\/\/shop.kustom.ch\/it\/wp-json\/wp\/v2\/types\/product"}],"wp:attachment":[{"href":"https:\/\/shop.kustom.ch\/it\/wp-json\/wp\/v2\/media?parent=599240"}],"wp:term":[{"taxonomy":"product_brand","embeddable":true,"href":"https:\/\/shop.kustom.ch\/it\/wp-json\/wp\/v2\/product_brand?post=599240"},{"taxonomy":"product_cat","embeddable":true,"href":"https:\/\/shop.kustom.ch\/it\/wp-json\/wp\/v2\/product_cat?post=599240"},{"taxonomy":"product_tag","embeddable":true,"href":"https:\/\/shop.kustom.ch\/it\/wp-json\/wp\/v2\/product_tag?post=599240"}],"curies":[{"name":"wp","href":"https:\/\/api.w.org\/{rel}","templated":true}]}}