{"id":599069,"date":"2025-03-05T02:15:20","date_gmt":"2025-03-05T01:15:20","guid":{"rendered":"https:\/\/shop.kustom.ch\/?post_type=product&#038;p=599069"},"modified":"2026-03-31T08:39:06","modified_gmt":"2026-03-31T07:39:06","slug":"inherent-neck-protection","status":"publish","type":"product","link":"https:\/\/shop.kustom.ch\/it\/prodotto\/inherent-neck-protection\/","title":{"rendered":"Protezione intrinseca del collo"},"content":{"rendered":"<p>Protezione del collo con ritardante di fiamma intrinseco in qualit\u00e0 di felpa. A causa dell'elevata richiesta, Bl\u00e5kl\u00e4der ha sviluppato questo copricollo perch\u00e9 i suoi doppi strati a un'estremit\u00e0 proteggono particolarmente bene il collo e il viso. Pu\u00f2 essere utilizzato sia come cappello che come copricollo e, all'occorrenza, pu\u00f2 essere tirato su come protezione per il viso. L'indumento \u00e8 certificato secondo le norme EN 14116 indice 3, EN 1149-5 e il materiale ha un valore ATPV di 13,1 cal\/cm\u00b2).<\/p>\n<p>DETTAGLI: Etichette di certificazione esterne. FUNZIONALIT\u00c0: Tessuto doppio a un'estremit\u00e0 per una maggiore protezione dal calore. CARATTERISTICHE PRINCIPALI: Unisex. EN ISO 14116. TESSUTO: blu. Ritardante di fiamma. ISTRUZIONI DI LAVAGGIO: 40\u00b0 C. CERTIFICAZIONE: EN 1149-5. EN ISO 14116, indice 3.<\/p>\n<p>48% modacrilico, 42% cotone, 5% aramide, 3% poliammide, 2% fibra antistatica, interlock, ignifugo, antistatico, 250 g\/m\u00b2<\/p>","protected":false},"excerpt":{"rendered":"<p>Neck protection with inherent flame retardant in sweatshirt quality. Due to the high demand, Bl\u00e5kl\u00e4der has developed this neckline because its double layers at one end protects the neck and face particularly well. Can be used both as a hat or neck cover and can be pulled up as a face protection when needed. The [&hellip;]<\/p>\n","protected":false},"featured_media":0,"template":"","meta":[],"product_brand":[],"product_cat":[9643,4209],"product_tag":[],"class_list":{"0":"post-599069","1":"product","2":"type-product","3":"status-publish","5":"product_cat-equipment","6":"product_cat-zubehoer","7":"pa_brand-blaklaeder","8":"pa_brand-type-workwear","9":"pa_filter-color-blau","11":"first","12":"instock","13":"sale","14":"taxable","15":"shipping-taxable","16":"purchasable","17":"product-type-variable","18":"add-to-wishlist-before_image"},"exclude_global_add_ons":[],"addons":[],"acf":[],"_links":{"self":[{"href":"https:\/\/shop.kustom.ch\/it\/wp-json\/wp\/v2\/product\/599069"}],"collection":[{"href":"https:\/\/shop.kustom.ch\/it\/wp-json\/wp\/v2\/product"}],"about":[{"href":"https:\/\/shop.kustom.ch\/it\/wp-json\/wp\/v2\/types\/product"}],"wp:attachment":[{"href":"https:\/\/shop.kustom.ch\/it\/wp-json\/wp\/v2\/media?parent=599069"}],"wp:term":[{"taxonomy":"product_brand","embeddable":true,"href":"https:\/\/shop.kustom.ch\/it\/wp-json\/wp\/v2\/product_brand?post=599069"},{"taxonomy":"product_cat","embeddable":true,"href":"https:\/\/shop.kustom.ch\/it\/wp-json\/wp\/v2\/product_cat?post=599069"},{"taxonomy":"product_tag","embeddable":true,"href":"https:\/\/shop.kustom.ch\/it\/wp-json\/wp\/v2\/product_tag?post=599069"}],"curies":[{"name":"wp","href":"https:\/\/api.w.org\/{rel}","templated":true}]}}