{"id":598602,"date":"2025-03-05T01:58:49","date_gmt":"2025-03-05T00:58:49","guid":{"rendered":"https:\/\/shop.kustom.ch\/?post_type=product&#038;p=598602"},"modified":"2026-03-31T09:06:04","modified_gmt":"2026-03-31T08:06:04","slug":"damen-strickjacke-3","status":"publish","type":"product","link":"https:\/\/shop.kustom.ch\/it\/prodotto\/damen-strickjacke-3\/","title":{"rendered":"Cardigan da donna"},"content":{"rendered":"<p>Giacca in maglia con cappuccio comodo e leggero. La giacca \u00e8 rinforzata con softshell nelle aree ad alta usura. Zip in colori a contrasto. Tasca laterale e sul petto.<\/p>\n<p>CHIUSURA: Polsini elasticizzati. DETTAGLI: Cappuccio fisso. Spalle rinforzate. CHIUSURA ANTERIORE: Zip frontale con mentoniera in pile. FUNZIONALIT\u00c0: Taglia donna. CARATTERISTICHE PRINCIPALI: Strato a terra. TESSUTO: Donna. Giallo alta visibilit\u00e0. Zip a 2 vie. Vento\/umido\/freddo. TASCHE: Tasca sul petto con zip. Tasche anteriori con cerniera. ISTRUZIONI DI LAVAGGIO: Non centrifugare. CERTIFICAZIONE: Non certificato High Vis<\/p>\n<p>100% Poliestere, spazzolato su un lato, 380 g\/m\u00b2<\/p>","protected":false},"excerpt":{"rendered":"<p>Strickjacke mit komfortabler und leicher Kapuze. Die Jacke ist an stark beanspruchten Stellen mit Softshell verst\u00e4rkt. Reissverschl\u00fcsse in Kontrastfarben. Seiten- und Brusttasche. ABSCHLUSS: \u00c4rmelb\u00fcndchen mit Gummizug. DETAILS: Feste Kapuze. Verst\u00e4rkte Schultern. FRONTVERSCHLUSS: Reissverschluss vorne mit Kinnschutz aus Fleece. FUNKTIONALIT\u00c4T: Damengr\u00f6sse. HAUPTEIGENSCHAFTEN: Bodenleger. STOFF: Damen. High-Vis Gelb. 2-Wege-Reissverschluss. Wind \/ N\u00e4sse \/ K\u00e4lte. TASCHEN: Brusttasche mit [&hellip;]<\/p>\n","protected":false},"featured_media":598642,"template":"","meta":[],"product_brand":[],"product_cat":[4186],"product_tag":[],"class_list":{"0":"post-598602","1":"product","2":"type-product","3":"status-publish","4":"has-post-thumbnail","6":"product_cat-jacken","7":"pa_brand-blaklaeder","8":"pa_brand-type-workwear","9":"pa_filter-color-gelb","10":"pa_filter-color-grau","11":"pa_filter-color-rot","12":"pa_filter-color-schwarz","14":"first","15":"instock","16":"sale","17":"taxable","18":"shipping-taxable","19":"purchasable","20":"product-type-variable","21":"add-to-wishlist-before_image"},"exclude_global_add_ons":[],"addons":[],"acf":[],"_links":{"self":[{"href":"https:\/\/shop.kustom.ch\/it\/wp-json\/wp\/v2\/product\/598602"}],"collection":[{"href":"https:\/\/shop.kustom.ch\/it\/wp-json\/wp\/v2\/product"}],"about":[{"href":"https:\/\/shop.kustom.ch\/it\/wp-json\/wp\/v2\/types\/product"}],"wp:featuredmedia":[{"embeddable":true,"href":"https:\/\/shop.kustom.ch\/it\/wp-json\/wp\/v2\/media\/598642"}],"wp:attachment":[{"href":"https:\/\/shop.kustom.ch\/it\/wp-json\/wp\/v2\/media?parent=598602"}],"wp:term":[{"taxonomy":"product_brand","embeddable":true,"href":"https:\/\/shop.kustom.ch\/it\/wp-json\/wp\/v2\/product_brand?post=598602"},{"taxonomy":"product_cat","embeddable":true,"href":"https:\/\/shop.kustom.ch\/it\/wp-json\/wp\/v2\/product_cat?post=598602"},{"taxonomy":"product_tag","embeddable":true,"href":"https:\/\/shop.kustom.ch\/it\/wp-json\/wp\/v2\/product_tag?post=598602"}],"curies":[{"name":"wp","href":"https:\/\/api.w.org\/{rel}","templated":true}]}}