{"id":598505,"date":"2025-03-05T01:57:00","date_gmt":"2025-03-05T00:57:00","guid":{"rendered":"https:\/\/shop.kustom.ch\/?post_type=product&#038;p=598505"},"modified":"2026-03-31T09:06:02","modified_gmt":"2026-03-31T08:06:02","slug":"strickjacke-mit-softshell-3","status":"publish","type":"product","link":"https:\/\/shop.kustom.ch\/it\/prodotto\/strickjacke-mit-softshell-3\/","title":{"rendered":"Cardigan con softshell"},"content":{"rendered":"<p>Giacca in maglia con cappuccio di design ben studiato e confortevole. Questa giacca \u00e8 dotata di cerniere in colori a contrasto ed \u00e8 rinforzata con materiale softshell su gomiti, spalle e schiena per aumentare la resistenza agli strappi. Una giacca meravigliosa per il tempo libero e il lavoro.<\/p>\n<p>CHIUSURA: Schiena allungata. Polsini elasticizzati. DETTAGLI: Cappuccio fisso. Spalle rinforzate. CHIUSURA ANTERIORE: Cerniera anteriore con protezione per il mento in pile. CARATTERISTICHE PRINCIPALI: Strato a terra. TESSUTO: Uomo. nero. Vento \/ umidit\u00e0 \/ freddo. TASCHE: Tasca sul petto con zip. Tasche anteriori con cerniera. ISTRUZIONI DI LAVAGGIO: Non lavare a secco.<\/p>\n<p>100% Poliestere, spazzolato su un lato, 380 g\/m\u00b2<\/p>","protected":false},"excerpt":{"rendered":"<p>Strickjacke mit durchdachter bequemer Designerkapuze. Diese Jacke hat Reissverschl\u00fcsse in kontrastierenden Farben und ist mit Softshell-Material an Ellenbogen, Schultern und R\u00fccken verst\u00e4rkt, um die Reissfestigkeit zu erh\u00f6hen. Eine wunderbare Jacke f\u00fcr Freizeit und Arbeit. ABSCHLUSS: Verl\u00e4ngerter R\u00fccken. \u00c4rmelb\u00fcndchen mit Gummizug. DETAILS: Feste Kapuze. Verst\u00e4rkte Schultern. FRONTVERSCHLUSS: Reissverschluss vorne mit Kinnschutz aus Fleece. HAUPTEIGENSCHAFTEN: Bodenleger. STOFF: [&hellip;]<\/p>\n","protected":false},"featured_media":598551,"template":"","meta":[],"product_brand":[],"product_cat":[4186],"product_tag":[],"class_list":{"0":"post-598505","1":"product","2":"type-product","3":"status-publish","4":"has-post-thumbnail","6":"product_cat-jacken","7":"pa_brand-blaklaeder","8":"pa_brand-type-workwear","9":"pa_filter-color-blau","10":"pa_filter-color-gelb","11":"pa_filter-color-grau","12":"pa_filter-color-gruen","13":"pa_filter-color-orange","14":"pa_filter-color-rot","15":"pa_filter-color-schwarz","17":"first","18":"instock","19":"sale","20":"taxable","21":"shipping-taxable","22":"purchasable","23":"product-type-variable","24":"add-to-wishlist-before_image"},"exclude_global_add_ons":[],"addons":[],"acf":[],"_links":{"self":[{"href":"https:\/\/shop.kustom.ch\/it\/wp-json\/wp\/v2\/product\/598505"}],"collection":[{"href":"https:\/\/shop.kustom.ch\/it\/wp-json\/wp\/v2\/product"}],"about":[{"href":"https:\/\/shop.kustom.ch\/it\/wp-json\/wp\/v2\/types\/product"}],"wp:featuredmedia":[{"embeddable":true,"href":"https:\/\/shop.kustom.ch\/it\/wp-json\/wp\/v2\/media\/598551"}],"wp:attachment":[{"href":"https:\/\/shop.kustom.ch\/it\/wp-json\/wp\/v2\/media?parent=598505"}],"wp:term":[{"taxonomy":"product_brand","embeddable":true,"href":"https:\/\/shop.kustom.ch\/it\/wp-json\/wp\/v2\/product_brand?post=598505"},{"taxonomy":"product_cat","embeddable":true,"href":"https:\/\/shop.kustom.ch\/it\/wp-json\/wp\/v2\/product_cat?post=598505"},{"taxonomy":"product_tag","embeddable":true,"href":"https:\/\/shop.kustom.ch\/it\/wp-json\/wp\/v2\/product_tag?post=598505"}],"curies":[{"name":"wp","href":"https:\/\/api.w.org\/{rel}","templated":true}]}}