{"id":598451,"date":"2025-03-05T01:55:45","date_gmt":"2025-03-05T00:55:45","guid":{"rendered":"https:\/\/shop.kustom.ch\/?post_type=product&#038;p=598451"},"modified":"2026-03-31T09:05:51","modified_gmt":"2026-03-31T08:05:51","slug":"damen-microfleece-jacke-2","status":"publish","type":"product","link":"https:\/\/shop.kustom.ch\/it\/prodotto\/damen-microfleece-jacke-2\/","title":{"rendered":"Giacca da donna in micropile"},"content":{"rendered":"<p>Giacca in micropile leggera e sartoriale, perfetta come secondo strato sottostante. Questa giacca \u00e8 trattata anti-pilling ed \u00e8 dotata di materiale elasticizzato all'interno e sulle braccia per una libert\u00e0 di movimento ottimale. La schiena allungata protegge la zona dei reni dal freddo. Entrambe le tasche laterali sono dotate di zip.<\/p>\n<p>CHIUSURA: Schiena allungata. DETTAGLI: Stampa del logo sul collo. Inserto elasticizzato sul fianco e sulle maniche. CHIUSURA ANTERIORE: Zip in plastica a due vie. FUNZIONALIT\u00c0: Taglia donna. CARATTERISTICHE PRINCIPALI: Strato a terra. TESSUTO: Disponibile per uomo e donna. nero. Vento \/ bagnato \/ freddo. TASCHE: Tasche anteriori con zip e due tasche interne. ISTRUZIONI DI LAVAGGIO: Non candeggiare. CERTIFICAZIONE: Non certificato High Vis<\/p>\n<p>100 poliestere %, micropile, anti-pilling, 170 g\/m\u00b2<\/p>","protected":false},"excerpt":{"rendered":"<p>Leichte, tailliert geschnittene Microfleece-Jacke, perfekt als zweite Lage f\u00fcr darunter. Diese Jacke ist Antipilling behandelt und hat ein Stretch-Material an den Innenseiten und den Armen f\u00fcr eine optimale Bewegungsfreiheit. Der verl\u00e4ngerte R\u00fccken sch\u00fctzt den Nierenbereich vor K\u00e4lte. Beide Seitentaschen haben Reissverschl\u00fcsse. ABSCHLUSS: Verl\u00e4ngerter R\u00fccken. DETAILS: Logo-Aufdruck im Nacken. Stretch-Einsatz an der Seite und den \u00c4rmeln. [&hellip;]<\/p>\n","protected":false},"featured_media":598514,"template":"","meta":[],"product_brand":[],"product_cat":[4186],"product_tag":[],"class_list":{"0":"post-598451","1":"product","2":"type-product","3":"status-publish","4":"has-post-thumbnail","6":"product_cat-jacken","7":"pa_brand-blaklaeder","8":"pa_brand-type-workwear","9":"pa_filter-color-gelb","10":"pa_filter-color-rot","11":"pa_filter-color-schwarz","13":"first","14":"instock","15":"sale","16":"taxable","17":"shipping-taxable","18":"purchasable","19":"product-type-variable","20":"add-to-wishlist-before_image"},"exclude_global_add_ons":[],"addons":[],"acf":[],"_links":{"self":[{"href":"https:\/\/shop.kustom.ch\/it\/wp-json\/wp\/v2\/product\/598451"}],"collection":[{"href":"https:\/\/shop.kustom.ch\/it\/wp-json\/wp\/v2\/product"}],"about":[{"href":"https:\/\/shop.kustom.ch\/it\/wp-json\/wp\/v2\/types\/product"}],"wp:featuredmedia":[{"embeddable":true,"href":"https:\/\/shop.kustom.ch\/it\/wp-json\/wp\/v2\/media\/598514"}],"wp:attachment":[{"href":"https:\/\/shop.kustom.ch\/it\/wp-json\/wp\/v2\/media?parent=598451"}],"wp:term":[{"taxonomy":"product_brand","embeddable":true,"href":"https:\/\/shop.kustom.ch\/it\/wp-json\/wp\/v2\/product_brand?post=598451"},{"taxonomy":"product_cat","embeddable":true,"href":"https:\/\/shop.kustom.ch\/it\/wp-json\/wp\/v2\/product_cat?post=598451"},{"taxonomy":"product_tag","embeddable":true,"href":"https:\/\/shop.kustom.ch\/it\/wp-json\/wp\/v2\/product_tag?post=598451"}],"curies":[{"name":"wp","href":"https:\/\/api.w.org\/{rel}","templated":true}]}}