{"id":598398,"date":"2025-03-05T01:54:34","date_gmt":"2025-03-05T00:54:34","guid":{"rendered":"https:\/\/shop.kustom.ch\/?post_type=product&#038;p=598398"},"modified":"2026-03-31T09:05:49","modified_gmt":"2026-03-31T08:05:49","slug":"damen-softshell-jacke-2","status":"publish","type":"product","link":"https:\/\/shop.kustom.ch\/it\/prodotto\/damen-softshell-jacke-2\/","title":{"rendered":"Giacca softshell da donna"},"content":{"rendered":"<p>Giacca softshell da donna flessibile e versatile, con cappuccio regolabile e zip a due vie. La giacca \u00e8 progettata per offrire la massima libert\u00e0 di movimento ed \u00e8 realizzata in un tessuto elastico, antivento e impermeabile.<\/p>\n<p>CHIUSURA: Vita regolabile con coulisse. Polsini regolabili con chiusura a velcro. DETTAGLI: Stampa sul petto. Cappuccio fisso e regolabile. CHIUSURA ANTERIORE: Zip in plastica a due vie. FUNZIONALIT\u00c0: Antivento e impermeabile, cuciture non sigillate, traspirante. Taglia donna. CARATTERISTICHE PRINCIPALI: Artigianale. TESSUTO: Disponibile per uomo e donna. nero. impermeabile. Vento\/umido\/freddo. TASCHE: Tasca sul petto con zip. Tasche anteriori con zip. ISTRUZIONI DI LAVAGGIO: Non stirare.<\/p>\n<p>100% poliestere, tessuto softshell a 3 strati, impermeabile 17.000 mm, antivento, traspirante Ret 7.2, 300 g\/m\u00b2<\/p>","protected":false},"excerpt":{"rendered":"<p>Eine flexible und vielf\u00e4ltige Softshell Jacke f\u00fcr Damen mit einer einstellbaren Kapuze und einem Zwei-Wege Reissverschluss. Die Jacke wurde entwickelt, um maximale Bewegungsfreiheit zu bieten und sie besteht aus einem Stoff, der dehnbar, wind- und wasserdicht ist. ABSCHLUSS: Verstellbarer Bund mit Kordelzug. Verstellbare \u00c4rmelb\u00fcndchen mit Klettverschluss. DETAILS: Aufdruck auf der Brust. Feste, verstellbare Kapuze. FRONTVERSCHLUSS: [&hellip;]<\/p>\n","protected":false},"featured_media":598454,"template":"","meta":[],"product_brand":[],"product_cat":[4186],"product_tag":[],"class_list":{"0":"post-598398","1":"product","2":"type-product","3":"status-publish","4":"has-post-thumbnail","6":"product_cat-jacken","7":"pa_brand-blaklaeder","8":"pa_brand-type-workwear","9":"pa_filter-color-gelb","10":"pa_filter-color-grau","11":"pa_filter-color-rot","12":"pa_filter-color-schwarz","14":"first","15":"instock","16":"sale","17":"taxable","18":"shipping-taxable","19":"purchasable","20":"product-type-variable","21":"add-to-wishlist-before_image"},"exclude_global_add_ons":[],"addons":[],"acf":[],"_links":{"self":[{"href":"https:\/\/shop.kustom.ch\/it\/wp-json\/wp\/v2\/product\/598398"}],"collection":[{"href":"https:\/\/shop.kustom.ch\/it\/wp-json\/wp\/v2\/product"}],"about":[{"href":"https:\/\/shop.kustom.ch\/it\/wp-json\/wp\/v2\/types\/product"}],"wp:featuredmedia":[{"embeddable":true,"href":"https:\/\/shop.kustom.ch\/it\/wp-json\/wp\/v2\/media\/598454"}],"wp:attachment":[{"href":"https:\/\/shop.kustom.ch\/it\/wp-json\/wp\/v2\/media?parent=598398"}],"wp:term":[{"taxonomy":"product_brand","embeddable":true,"href":"https:\/\/shop.kustom.ch\/it\/wp-json\/wp\/v2\/product_brand?post=598398"},{"taxonomy":"product_cat","embeddable":true,"href":"https:\/\/shop.kustom.ch\/it\/wp-json\/wp\/v2\/product_cat?post=598398"},{"taxonomy":"product_tag","embeddable":true,"href":"https:\/\/shop.kustom.ch\/it\/wp-json\/wp\/v2\/product_tag?post=598398"}],"curies":[{"name":"wp","href":"https:\/\/api.w.org\/{rel}","templated":true}]}}