{"id":598333,"date":"2025-03-05T01:53:55","date_gmt":"2025-03-05T00:53:55","guid":{"rendered":"https:\/\/shop.kustom.ch\/?post_type=product&#038;p=598333"},"modified":"2026-03-31T09:05:38","modified_gmt":"2026-03-31T08:05:38","slug":"damen-shell-jacke","status":"publish","type":"product","link":"https:\/\/shop.kustom.ch\/it\/prodotto\/damen-shell-jacke\/","title":{"rendered":"Giacca shell da donna"},"content":{"rendered":"<p>Giacca shell antivento e idrorepellente con cuciture nastrate, realizzata in un materiale elasticizzato leggero e morbido che offre un elevato comfort e libert\u00e0 di movimento. La giacca \u00e8 dotata di gomiti preformati e di una zip a due vie per una vestibilit\u00e0 ottimale. La fodera in rete spazzolata offre un'eccellente traspirabilit\u00e0 e la membrana negli strati esterni impedisce all'umidit\u00e0 di penetrare. La giacca presenta diversi dettagli funzionali, come una pratica e ampia tasca interna accessibile dall'esterno, polsini regolabili e fascia interna in vita con foro per il pollice. Presenta inoltre dettagli riflettenti su fronte, retro, cappuccio e maniche. Certificata secondo la norma EN 343.<\/p>\n<p>CHIUSURA: Vita regolabile con coulisse. Polsino interno con foro per il pollice. DETTAGLI: Tasca per carte d'identit\u00e0 incassata. Cappuccio staccabile e regolabile. Colletto foderato in pile. CHIUSURA ANTERIORE: Patta antivento con fodera in pile all'interno. FUNZIONALIT\u00c0: materiale antivento e impermeabile con traspirabilit\u00e0, cuciture nastrate. Maniche preformate. PROPRIET\u00c0 PRINCIPALI: Muratore \/ piastrellista. EN 343. RIFLESSIONE: dettagli riflettenti su fronte, retro, cappuccio e maniche. TESSUTO: Donna. nero. antivento. Vento \/ umidit\u00e0 \/ freddo. TASCHE: Tasca sul petto con zip. Tasca interna per documenti. Tasche interne. Tasche a fessura con zip e fodera in pile. ISTRUZIONI DI LAVAGGIO: Non stirare. CERTIFICAZIONE: EN 343, classe 3.3<\/p>\n<p>100% poliestere, twill, elasticizzato, spalmato, impermeabile 11.000 mm, antivento, traspirante Ret 6.3, 150 g\/m\u00b2<\/p>","protected":false},"excerpt":{"rendered":"<p>Wind- und wasserabweisende Shell Jacke mit verklebten N\u00e4hten aus einem leichten und weichen Stretch Material bietet hohen Komfort und Bewegungsfreiheit. F\u00fcr einen optimalen Schnitt hat die Jacke vorgeformte Ellb\u00f6gen und einen Zwei-Wege Reissverschluss. Das aufgeraute Mesh Innenfutter liefert exzellente Atmungsaktivit\u00e4t und die Membran in den \u00e4usseren Lagen verhindert das Eindringen von Feuchtigkeit. Die Jacke hat [&hellip;]<\/p>\n","protected":false},"featured_media":598375,"template":"","meta":[],"product_brand":[],"product_cat":[4186],"product_tag":[],"class_list":{"0":"post-598333","1":"product","2":"type-product","3":"status-publish","4":"has-post-thumbnail","6":"product_cat-jacken","7":"pa_brand-blaklaeder","8":"pa_brand-type-workwear","9":"pa_filter-color-schwarz","11":"first","12":"instock","13":"sale","14":"taxable","15":"shipping-taxable","16":"purchasable","17":"product-type-variable","18":"add-to-wishlist-before_image"},"exclude_global_add_ons":[],"addons":[],"acf":[],"_links":{"self":[{"href":"https:\/\/shop.kustom.ch\/it\/wp-json\/wp\/v2\/product\/598333"}],"collection":[{"href":"https:\/\/shop.kustom.ch\/it\/wp-json\/wp\/v2\/product"}],"about":[{"href":"https:\/\/shop.kustom.ch\/it\/wp-json\/wp\/v2\/types\/product"}],"wp:featuredmedia":[{"embeddable":true,"href":"https:\/\/shop.kustom.ch\/it\/wp-json\/wp\/v2\/media\/598375"}],"wp:attachment":[{"href":"https:\/\/shop.kustom.ch\/it\/wp-json\/wp\/v2\/media?parent=598333"}],"wp:term":[{"taxonomy":"product_brand","embeddable":true,"href":"https:\/\/shop.kustom.ch\/it\/wp-json\/wp\/v2\/product_brand?post=598333"},{"taxonomy":"product_cat","embeddable":true,"href":"https:\/\/shop.kustom.ch\/it\/wp-json\/wp\/v2\/product_cat?post=598333"},{"taxonomy":"product_tag","embeddable":true,"href":"https:\/\/shop.kustom.ch\/it\/wp-json\/wp\/v2\/product_tag?post=598333"}],"curies":[{"name":"wp","href":"https:\/\/api.w.org\/{rel}","templated":true}]}}