{"id":598254,"date":"2025-03-05T01:52:09","date_gmt":"2025-03-05T00:52:09","guid":{"rendered":"https:\/\/shop.kustom.ch\/?post_type=product&#038;p=598254"},"modified":"2026-03-31T09:05:30","modified_gmt":"2026-03-31T08:05:30","slug":"damen-high-vis-jacke","status":"publish","type":"product","link":"https:\/\/shop.kustom.ch\/it\/prodotto\/damen-high-vis-jacke\/","title":{"rendered":"Giacca da donna ad alta visibilit\u00e0"},"content":{"rendered":"<p>La giacca \u00e8 realizzata in materiale resistente, leggero e idrorepellente per garantire un comfort e prestazioni migliori. La giacca non \u00e8 foderata ed \u00e8 progettata per rendervi visibili da tutte le direzioni grazie alle strisce riflettenti, anche sulle spalle, in modo da essere visibili dall'alto quando vi chinate. La giacca \u00e8 tagliata pi\u00f9 corta sul davanti per massimizzare la libert\u00e0 di movimento e pi\u00f9 lunga sul retro per proteggere la parte bassa della schiena. Certificato secondo la norma EN ISO 20471, abbigliamento ad alta visibilit\u00e0 di classe 2.<\/p>\n<p>CHIUSURA: Vita regolabile con chiusura in velcro. Polsini regolabili con chiusura in velcro. DETTAGLI: Tasca per carte d'identit\u00e0 staccabile. Soffietti sulla schiena. Collo alto con cerniera. CHIUSURA ANTERIORE: zip nascosta in plastica a due vie. FUNZIONALIT\u00c0: toppe di colore scuro nelle aree esposte allo sporco. Taglia da donna. CARATTERISTICHE PRINCIPALI: Driver. EN ISO 20471. TESSUTO: Donna. Giallo alta visibilit\u00e0. Leggero. Alta visibilit\u00e0. TASCHE: Tasca sul petto con zip. Tasca interna per cellulare. Tasche interne. Tasche anteriori con cerniera. ISTRUZIONI DI LAVAGGIO: Numero di lavaggi: 40, non candeggiare. LAVAGGIO: Lavanderia industriale EN ISO 15797. CERTIFICAZIONE: Gruppo di certificazione B<\/p>\n<p>65% poliestere, 35% cotone, twill, tessuto esterno idrorepellente, 240g\/m\u00b2.<\/p>","protected":false},"excerpt":{"rendered":"<p>Die Jacke besteht aus einem robusten, leichten und wasserabweisenden Material, um besseren Komfort und Leistung zu garantieren. Die Jacke ist nicht gef\u00fcttert und wurde entwickelt, um Sie mit Reflexstreifen aus allen Richtungen sichtbar zu machen &#8211; sogar an den Schultern, damit Sie von oben sichtbar sind, wenn Sie sich b\u00fccken. Die Jacke ist vorne k\u00fcrzer, [&hellip;]<\/p>\n","protected":false},"featured_media":598302,"template":"","meta":[],"product_brand":[],"product_cat":[4186],"product_tag":[],"class_list":{"0":"post-598254","1":"product","2":"type-product","3":"status-publish","4":"has-post-thumbnail","6":"product_cat-jacken","7":"pa_brand-blaklaeder","8":"pa_brand-type-workwear","9":"pa_filter-color-blau","10":"pa_filter-color-gelb","11":"pa_filter-color-orange","12":"pa_filter-color-schwarz","14":"first","15":"instock","16":"sale","17":"taxable","18":"shipping-taxable","19":"purchasable","20":"product-type-variable","21":"add-to-wishlist-before_image"},"exclude_global_add_ons":[],"addons":[],"acf":[],"_links":{"self":[{"href":"https:\/\/shop.kustom.ch\/it\/wp-json\/wp\/v2\/product\/598254"}],"collection":[{"href":"https:\/\/shop.kustom.ch\/it\/wp-json\/wp\/v2\/product"}],"about":[{"href":"https:\/\/shop.kustom.ch\/it\/wp-json\/wp\/v2\/types\/product"}],"wp:featuredmedia":[{"embeddable":true,"href":"https:\/\/shop.kustom.ch\/it\/wp-json\/wp\/v2\/media\/598302"}],"wp:attachment":[{"href":"https:\/\/shop.kustom.ch\/it\/wp-json\/wp\/v2\/media?parent=598254"}],"wp:term":[{"taxonomy":"product_brand","embeddable":true,"href":"https:\/\/shop.kustom.ch\/it\/wp-json\/wp\/v2\/product_brand?post=598254"},{"taxonomy":"product_cat","embeddable":true,"href":"https:\/\/shop.kustom.ch\/it\/wp-json\/wp\/v2\/product_cat?post=598254"},{"taxonomy":"product_tag","embeddable":true,"href":"https:\/\/shop.kustom.ch\/it\/wp-json\/wp\/v2\/product_tag?post=598254"}],"curies":[{"name":"wp","href":"https:\/\/api.w.org\/{rel}","templated":true}]}}