{"id":598237,"date":"2025-03-05T01:52:06","date_gmt":"2025-03-05T00:52:06","guid":{"rendered":"https:\/\/shop.kustom.ch\/?post_type=product&#038;p=598237"},"modified":"2026-03-31T09:05:29","modified_gmt":"2026-03-31T08:05:29","slug":"damen-high-vis-softshell-jacke-3","status":"publish","type":"product","link":"https:\/\/shop.kustom.ch\/it\/prodotto\/damen-high-vis-softshell-jacke-3\/","title":{"rendered":"Giacca softshell da donna ad alta visibilit\u00e0"},"content":{"rendered":"<p>Giacca softshell ad alta visibilit\u00e0 dal taglio classico femminile in materiale antivento, impermeabile e traspirante. La giacca ha una cerniera a 2 vie e braccia preformate, un collo alto foderato in pile per garantire libert\u00e0 di movimento e comfort. La schiena allungata evita spiacevoli correnti d'aria nella parte bassa della schiena. Certificata secondo la norma EN ISO 20471 classe 2.<\/p>\n<p>CHIUSURA: vita regolabile con coulisse. Polsini regolabili. DETTAGLI: Tasca per carte d'identit\u00e0 staccabile. Colletto foderato in pile. CHIUSURA ANTERIORE: zip bidirezionale in plastica. FUNZIONALIT\u00c0: antivento e impermeabile, cuciture non sigillate, traspirante. Taglia donna. CARATTERISTICHE PRINCIPALI: Driver. EN ISO 20471. REFLEX: strisce riflettenti larghe 50 mm. TESSUTO: Donna. Giallo alta visibilit\u00e0. Traspirabilit\u00e0. Alta visibilit\u00e0. TASCHE: Tasche sul petto con cerniera e anello a D. Tasche interne. Tasche anteriori con cerniera, foderate in pile. ISTRUZIONI DI LAVAGGIO: Numero di lavaggi: 25, non centrifugare. CERTIFICAZIONE: Gruppo di certificazione B<\/p>\n<p>100% poliestere, tessuto softshell a 3 strati, impermeabile 17.000 mm, antivento, traspirante Ret 7.2, 300 g\/m\u00b2<\/p>","protected":false},"excerpt":{"rendered":"<p>High-Vis Softshelljacke im klassischen Damen-Schnitt aus einem wind-und wasserdichten und atmungsaktiven Material. Die Jacke hat einen 2-Wege-Reissverschluss und vorgeformte Arme, einen hohen, mit Fleece gef\u00fctterten, Kragen f\u00fcr hohe Bewegungsfreiheit und Tragekomfort. Der verl\u00e4ngerte R\u00fccken verhindert unangenehmen Zug am unteren R\u00fccken. Zertifiziert nach EN ISO 20471 Klasse 2. ABSCHLUSS: Verstellbarer Bund mit Kordelzug. Verstellbare \u00c4rmelb\u00fcndchen. DETAILS: [&hellip;]<\/p>\n","protected":false},"featured_media":598300,"template":"","meta":[],"product_brand":[],"product_cat":[4186],"product_tag":[],"class_list":{"0":"post-598237","1":"product","2":"type-product","3":"status-publish","4":"has-post-thumbnail","6":"product_cat-jacken","7":"pa_brand-blaklaeder","8":"pa_brand-type-workwear","9":"pa_filter-color-blau","10":"pa_filter-color-gelb","11":"pa_filter-color-orange","12":"pa_filter-color-schwarz","14":"first","15":"instock","16":"sale","17":"taxable","18":"shipping-taxable","19":"purchasable","20":"product-type-variable","21":"add-to-wishlist-before_image"},"exclude_global_add_ons":[],"addons":[],"acf":[],"_links":{"self":[{"href":"https:\/\/shop.kustom.ch\/it\/wp-json\/wp\/v2\/product\/598237"}],"collection":[{"href":"https:\/\/shop.kustom.ch\/it\/wp-json\/wp\/v2\/product"}],"about":[{"href":"https:\/\/shop.kustom.ch\/it\/wp-json\/wp\/v2\/types\/product"}],"wp:featuredmedia":[{"embeddable":true,"href":"https:\/\/shop.kustom.ch\/it\/wp-json\/wp\/v2\/media\/598300"}],"wp:attachment":[{"href":"https:\/\/shop.kustom.ch\/it\/wp-json\/wp\/v2\/media?parent=598237"}],"wp:term":[{"taxonomy":"product_brand","embeddable":true,"href":"https:\/\/shop.kustom.ch\/it\/wp-json\/wp\/v2\/product_brand?post=598237"},{"taxonomy":"product_cat","embeddable":true,"href":"https:\/\/shop.kustom.ch\/it\/wp-json\/wp\/v2\/product_cat?post=598237"},{"taxonomy":"product_tag","embeddable":true,"href":"https:\/\/shop.kustom.ch\/it\/wp-json\/wp\/v2\/product_tag?post=598237"}],"curies":[{"name":"wp","href":"https:\/\/api.w.org\/{rel}","templated":true}]}}