{"id":598216,"date":"2025-03-05T01:51:26","date_gmt":"2025-03-05T00:51:26","guid":{"rendered":"https:\/\/shop.kustom.ch\/?post_type=product&#038;p=598216"},"modified":"2026-03-31T09:05:24","modified_gmt":"2026-03-31T08:05:24","slug":"high-vis-softshell-jacke-6","status":"publish","type":"product","link":"https:\/\/shop.kustom.ch\/it\/prodotto\/high-vis-softshell-jacke-6\/","title":{"rendered":"Giacca Softshell High Vis"},"content":{"rendered":"<p>Moderna giacca softshell in colori ad alta visibilit\u00e0, realizzata in tessuto traspirante e idrorepellente. La giacca ha un collo alto e ampio e il morbido tessuto in pile \u00e8 molto confortevole! Una giacca da non sottovalutare, sia che si lavori nell'edilizia, nei trasporti o nell'industria. Certificata secondo la norma EN ISO 20471 classe 2 - migliore visibilit\u00e0 sul lavoro.<\/p>\n<p>CHIUSURA: Vita regolabile con coulisse. Polsini regolabili con chiusura in velcro. DETTAGLI: Tasca per carte d'identit\u00e0 staccabile. Colletto foderato in pile. CHIUSURA ANTERIORE: zip in plastica. FUNZIONALIT\u00c0: Antivento e impermeabile, cuciture non sigillate, traspirante. PROPRIET\u00c0 PRINCIPALI: Lavoratori stradali ed edili. EN ISO 20471. REFLEX: Materiale riflettente su corpo, maniche e spalle. TESSUTO: Uomo. Giallo alta visibilit\u00e0. Antivento. Protezione ad alta visibilit\u00e0. TASCHE: Tasche sul petto con zip e anello a D. Tasche interne. Tasche anteriori con zip, foderate in pile. ISTRUZIONI DI LAVAGGIO: Numero di lavaggi: 20. 40\u00b0 C. CERTIFICAZIONE: EN ISO 20471, classe 2.<\/p>\n<p>100% poliestere, tessuto softshell a 3 strati, impermeabile 17.000 mm, antivento, traspirante Ret 7.2, 300 g\/m\u00b2<\/p>","protected":false},"excerpt":{"rendered":"<p>Moderne Softshell-Jacke in High-Vis Farben aus atmungsaktivem wasserabweisenden Stoff. Die Jacke hat einen hohen, breiten Kragen, dessen weicher Fleecestoff sehr bequem ist! Eine Jacke mit der man rechnen kann, egal ob Sie beim Bau, im Verkehr oder in der Industrie arbeiten. Zertifiziert nach EN ISO 20471 Klasse 2 &#8211; bessere Sichtbarkeit bei der Arbeit. ABSCHLUSS: [&hellip;]<\/p>\n","protected":false},"featured_media":598265,"template":"","meta":[],"product_brand":[],"product_cat":[4186],"product_tag":[],"class_list":{"0":"post-598216","1":"product","2":"type-product","3":"status-publish","4":"has-post-thumbnail","6":"product_cat-jacken","7":"pa_brand-blaklaeder","8":"pa_brand-type-workwear","9":"pa_filter-color-blau","10":"pa_filter-color-gelb","11":"pa_filter-color-orange","12":"pa_filter-color-schwarz","14":"first","15":"instock","16":"sale","17":"taxable","18":"shipping-taxable","19":"purchasable","20":"product-type-variable","21":"add-to-wishlist-before_image"},"exclude_global_add_ons":[],"addons":[],"acf":[],"_links":{"self":[{"href":"https:\/\/shop.kustom.ch\/it\/wp-json\/wp\/v2\/product\/598216"}],"collection":[{"href":"https:\/\/shop.kustom.ch\/it\/wp-json\/wp\/v2\/product"}],"about":[{"href":"https:\/\/shop.kustom.ch\/it\/wp-json\/wp\/v2\/types\/product"}],"wp:featuredmedia":[{"embeddable":true,"href":"https:\/\/shop.kustom.ch\/it\/wp-json\/wp\/v2\/media\/598265"}],"wp:attachment":[{"href":"https:\/\/shop.kustom.ch\/it\/wp-json\/wp\/v2\/media?parent=598216"}],"wp:term":[{"taxonomy":"product_brand","embeddable":true,"href":"https:\/\/shop.kustom.ch\/it\/wp-json\/wp\/v2\/product_brand?post=598216"},{"taxonomy":"product_cat","embeddable":true,"href":"https:\/\/shop.kustom.ch\/it\/wp-json\/wp\/v2\/product_cat?post=598216"},{"taxonomy":"product_tag","embeddable":true,"href":"https:\/\/shop.kustom.ch\/it\/wp-json\/wp\/v2\/product_tag?post=598216"}],"curies":[{"name":"wp","href":"https:\/\/api.w.org\/{rel}","templated":true}]}}