{"id":598162,"date":"2025-03-05T01:50:46","date_gmt":"2025-03-05T00:50:46","guid":{"rendered":"https:\/\/shop.kustom.ch\/?post_type=product&#038;p=598162"},"modified":"2026-03-31T09:05:14","modified_gmt":"2026-03-31T08:05:14","slug":"unterhemd-xwarm","status":"publish","type":"product","link":"https:\/\/shop.kustom.ch\/it\/prodotto\/unterhemd-xwarm\/","title":{"rendered":"Gilet XWARM"},"content":{"rendered":"<p>Questo capo multifunzionale offre tutto ci\u00f2 che ci si aspetta da uno strato di base. XWARM regola la temperatura corporea e mantiene il corpo caldo e asciutto anche in condizioni di freddo estremo. Il materiale \u00e8 costituito da uno strato interno di polipropilene a maglia canalizzata, che allontana l'umidit\u00e0 dal corpo verso lo strato esterno, dove viene assorbita dalla lana merino. Temperatura consigliata da -20\u00b0C a -35\u00b0C. Rimanete caldi e asciutti, anche quando lavorate al freddo!<\/p>\n<p>FINITURA: Schiena allungata. Polsini a coste. DETTAGLI: Etichetta esterna. Collo alto con zip. FUNZIONALIT\u00c0: Temperatura consigliata da -20\u00b0C a -35\u00b0C. CARATTERISTICHE PRINCIPALI: Uomo. TESSUTO: Uomo. nero. Vento \/ bagnato \/ freddo. Interno in spugna. ISTRUZIONI DI LAVAGGIO: Utilizzare un detersivo per lana. Non stirare<\/p>\n<p>Lana merino 70%, polipropilene 30%, maglia a coste, regolazione dell'umidit\u00e0, 275 g\/m\u00b2.<\/p>","protected":false},"excerpt":{"rendered":"<p>Diese Multifunktionskleidung bietet alles, was man von einem Baselayer erwarten kann. XWARM reguliert Ihre K\u00f6rpertemperatur und h\u00e4lt auch bei extremer K\u00e4lte warm und trocken. Das Material besteht aus einer Innenschicht aus Kanalstrick-Polypropylen, das Feuchtigkeit vom K\u00f6rper in die Aussenschicht ableitet, wo sie von der Merinowolle absorbiert wird. Empfohlene Temperatur -20\u00b0C bis -35\u00b0C. Bleiben Sie warm [&hellip;]<\/p>\n","protected":false},"featured_media":598203,"template":"","meta":[],"product_brand":[],"product_cat":[4206],"product_tag":[],"class_list":{"0":"post-598162","1":"product","2":"type-product","3":"status-publish","4":"has-post-thumbnail","6":"product_cat-underwear","7":"pa_brand-blaklaeder","8":"pa_brand-type-workwear","9":"pa_filter-color-schwarz","11":"first","12":"instock","13":"sale","14":"taxable","15":"shipping-taxable","16":"purchasable","17":"product-type-variable","18":"add-to-wishlist-before_image"},"exclude_global_add_ons":[],"addons":[],"acf":[],"_links":{"self":[{"href":"https:\/\/shop.kustom.ch\/it\/wp-json\/wp\/v2\/product\/598162"}],"collection":[{"href":"https:\/\/shop.kustom.ch\/it\/wp-json\/wp\/v2\/product"}],"about":[{"href":"https:\/\/shop.kustom.ch\/it\/wp-json\/wp\/v2\/types\/product"}],"wp:featuredmedia":[{"embeddable":true,"href":"https:\/\/shop.kustom.ch\/it\/wp-json\/wp\/v2\/media\/598203"}],"wp:attachment":[{"href":"https:\/\/shop.kustom.ch\/it\/wp-json\/wp\/v2\/media?parent=598162"}],"wp:term":[{"taxonomy":"product_brand","embeddable":true,"href":"https:\/\/shop.kustom.ch\/it\/wp-json\/wp\/v2\/product_brand?post=598162"},{"taxonomy":"product_cat","embeddable":true,"href":"https:\/\/shop.kustom.ch\/it\/wp-json\/wp\/v2\/product_cat?post=598162"},{"taxonomy":"product_tag","embeddable":true,"href":"https:\/\/shop.kustom.ch\/it\/wp-json\/wp\/v2\/product_tag?post=598162"}],"curies":[{"name":"wp","href":"https:\/\/api.w.org\/{rel}","templated":true}]}}