{"id":598138,"date":"2025-03-05T01:50:16","date_gmt":"2025-03-05T00:50:16","guid":{"rendered":"https:\/\/shop.kustom.ch\/?post_type=product&#038;p=598138"},"modified":"2026-03-31T09:05:13","modified_gmt":"2026-03-31T08:05:13","slug":"unterhemd-warm","status":"publish","type":"product","link":"https:\/\/shop.kustom.ch\/it\/prodotto\/unterhemd-warm\/","title":{"rendered":"Gilet WARM"},"content":{"rendered":"<p>Questo indumento a doppia funzione combina le propriet\u00e0 di traspirazione dell'intimo sintetico con le propriet\u00e0 di isolamento termico della lana merino. Questo caldo indumento intimo \u00e8 composto da due strati che garantiscono l'allontanamento dell'umidit\u00e0 dal corpo verso lo strato esterno, dove viene assorbita dalla lana merino a fibre fini. Temperatura consigliata da -5\u00b0C a -30\u00b0C. <\/p>\n<p>FINITURA: Schiena allungata. Polsini a coste. DETTAGLI: Etichetta esterna. Collo alto con cerniera. CHIUSURA ANTERIORE: Cerniera in plastica. FUNZIONALIT\u00c0: Temperatura consigliata da -5\u00b0C a -30\u00b0C. CARATTERISTICHE PRINCIPALI: Uomo. TESSUTO: Uomo. nero. Vento \/ umidit\u00e0 \/ freddo. Interno a costine. ISTRUZIONI DI LAVAGGIO: Utilizzare un detersivo per lana. Non stirare<\/p>\n<p>50 % lana merino, 50 % polipropilene, maglia a coste, regolazione dell'umidit\u00e0, 235 g\/m\u00b2<\/p>","protected":false},"excerpt":{"rendered":"<p>Diese Doppelfunktionskleidung verbindet die feuchtigkeitsableitenden Eigenschaften von Synthetik-Unterw\u00e4sche mit dem W\u00e4rmeisolationsverm\u00f6gen der Merinowolle. Das warme Unterzieh-Oberteil besteht aus zwei Schichten, die f\u00fcr den Abtransport der Feuchtigkeit weg vom K\u00f6rper in die Aussenschicht sorgen, wo sie von der feinfaserigen Merinowolle absorbiert wird. Empfohlene Temperatur -5\u00b0C bis -30\u00b0C. ABSCHLUSS: Verl\u00e4ngerter R\u00fccken. Rippstrickb\u00fcndchen. DETAILS: Etikett aussen. Hoher Kragen [&hellip;]<\/p>\n","protected":false},"featured_media":598201,"template":"","meta":[],"product_brand":[],"product_cat":[4206],"product_tag":[],"class_list":{"0":"post-598138","1":"product","2":"type-product","3":"status-publish","4":"has-post-thumbnail","6":"product_cat-underwear","7":"pa_brand-blaklaeder","8":"pa_brand-type-workwear","9":"pa_filter-color-schwarz","11":"first","12":"instock","13":"sale","14":"taxable","15":"shipping-taxable","16":"purchasable","17":"product-type-variable","18":"add-to-wishlist-before_image"},"exclude_global_add_ons":[],"addons":[],"acf":[],"_links":{"self":[{"href":"https:\/\/shop.kustom.ch\/it\/wp-json\/wp\/v2\/product\/598138"}],"collection":[{"href":"https:\/\/shop.kustom.ch\/it\/wp-json\/wp\/v2\/product"}],"about":[{"href":"https:\/\/shop.kustom.ch\/it\/wp-json\/wp\/v2\/types\/product"}],"wp:featuredmedia":[{"embeddable":true,"href":"https:\/\/shop.kustom.ch\/it\/wp-json\/wp\/v2\/media\/598201"}],"wp:attachment":[{"href":"https:\/\/shop.kustom.ch\/it\/wp-json\/wp\/v2\/media?parent=598138"}],"wp:term":[{"taxonomy":"product_brand","embeddable":true,"href":"https:\/\/shop.kustom.ch\/it\/wp-json\/wp\/v2\/product_brand?post=598138"},{"taxonomy":"product_cat","embeddable":true,"href":"https:\/\/shop.kustom.ch\/it\/wp-json\/wp\/v2\/product_cat?post=598138"},{"taxonomy":"product_tag","embeddable":true,"href":"https:\/\/shop.kustom.ch\/it\/wp-json\/wp\/v2\/product_tag?post=598138"}],"curies":[{"name":"wp","href":"https:\/\/api.w.org\/{rel}","templated":true}]}}