{"id":598027,"date":"2025-03-05T01:48:31","date_gmt":"2025-03-05T00:48:31","guid":{"rendered":"https:\/\/shop.kustom.ch\/?post_type=product&#038;p=598027"},"modified":"2026-03-31T09:05:12","modified_gmt":"2026-03-31T08:05:12","slug":"leichte-gefuetterte-winterjacke","status":"publish","type":"product","link":"https:\/\/shop.kustom.ch\/it\/prodotto\/leichte-gefuetterte-winterjacke\/","title":{"rendered":"Giacca invernale leggera e foderata"},"content":{"rendered":"<p>Una giacca invernale leggera con fodera in rete, perfetta da indossare nei periodi pi\u00f9 freddi. Antivento e impermeabile con traspirabilit\u00e0 e cuciture nastrate. Questa giacca bicolore con colori a contrasto sui lati \u00e8 dotata di un cappuccio staccabile e di accattivanti dettagli riflettenti. Grazie al suo design funzionale, \u00e8 certificata secondo la norma EN 343 - Indumenti di protezione contro la pioggia.<\/p>\n<p>CHIUSURA: vita regolabile con coulisse. Polsini regolabili. DETTAGLI: cerniera nella fodera per facilitare la rifinitura del tessuto. Stampa del logo sul petto. Cappuccio staccabile e regolabile con fodera in rete. CHIUSURA ANTERIORE: zip in plastica. FUNZIONALIT\u00c0: materiale antivento e impermeabile con traspirabilit\u00e0, cuciture nastrate. CARATTERISTICHE PRINCIPALI: Artigianale. REFLEX: Stampa riflettente su maniche e cappuccio. TESSUTO: Uomo. verde. Traspirabilit\u00e0. Visibile. TASCHE: Tasche sul petto con zip. Tasche anteriori con cerniera. ISTRUZIONI DI LAVAGGIO: Non stirare. CERTIFICAZIONE: EN 342 insieme all'Art. 1810. EN 343, Classe 4.2. Non certificato High Vis.<\/p>\n<p>100% poliestere, Oxford, rivestito, impermeabile 15.000 mm, antivento, traspirante Ret 8.5, 200g\/m\u00b2<\/p>","protected":false},"excerpt":{"rendered":"<p>Eine leichte Winterjacke mit Mesh-Futter, die perfekt bei k\u00fchlerem Wetter zu tragen ist. Wind- und wasserdicht mit Atmungsaktivit\u00e4t und versiegelten N\u00e4hten. Diese zweifarbige Jacke mit Kontrastfarben an den Seiten ist mit einer abnehmbaren Kapuze und auffallenden Reflexdetails ausgestattet. Mit ihrem funktionellen Design ist sie nach EN 343 &#8211; Schutzkleidung gegen Regen, zertifiziert. ABSCHLUSS: Verstellbarer Bund [&hellip;]<\/p>\n","protected":false},"featured_media":598080,"template":"","meta":[],"product_brand":[],"product_cat":[4186],"product_tag":[],"class_list":{"0":"post-598027","1":"product","2":"type-product","3":"status-publish","4":"has-post-thumbnail","6":"product_cat-jacken","7":"pa_brand-blaklaeder","8":"pa_brand-type-workwear","9":"pa_filter-color-blau","10":"pa_filter-color-braun","11":"pa_filter-color-gelb","12":"pa_filter-color-grau","13":"pa_filter-color-gruen","14":"pa_filter-color-rot","15":"pa_filter-color-schwarz","16":"pa_filter-color-weiss","18":"first","19":"instock","20":"sale","21":"taxable","22":"shipping-taxable","23":"purchasable","24":"product-type-variable","25":"add-to-wishlist-before_image"},"exclude_global_add_ons":[],"addons":[],"acf":[],"_links":{"self":[{"href":"https:\/\/shop.kustom.ch\/it\/wp-json\/wp\/v2\/product\/598027"}],"collection":[{"href":"https:\/\/shop.kustom.ch\/it\/wp-json\/wp\/v2\/product"}],"about":[{"href":"https:\/\/shop.kustom.ch\/it\/wp-json\/wp\/v2\/types\/product"}],"wp:featuredmedia":[{"embeddable":true,"href":"https:\/\/shop.kustom.ch\/it\/wp-json\/wp\/v2\/media\/598080"}],"wp:attachment":[{"href":"https:\/\/shop.kustom.ch\/it\/wp-json\/wp\/v2\/media?parent=598027"}],"wp:term":[{"taxonomy":"product_brand","embeddable":true,"href":"https:\/\/shop.kustom.ch\/it\/wp-json\/wp\/v2\/product_brand?post=598027"},{"taxonomy":"product_cat","embeddable":true,"href":"https:\/\/shop.kustom.ch\/it\/wp-json\/wp\/v2\/product_cat?post=598027"},{"taxonomy":"product_tag","embeddable":true,"href":"https:\/\/shop.kustom.ch\/it\/wp-json\/wp\/v2\/product_tag?post=598027"}],"curies":[{"name":"wp","href":"https:\/\/api.w.org\/{rel}","templated":true}]}}