{"id":598013,"date":"2025-03-05T01:48:28","date_gmt":"2025-03-05T00:48:28","guid":{"rendered":"https:\/\/shop.kustom.ch\/?post_type=product&#038;p=598013"},"modified":"2026-03-31T09:05:02","modified_gmt":"2026-03-31T08:05:02","slug":"high-vis-fleecejacke-winddicht","status":"publish","type":"product","link":"https:\/\/shop.kustom.ch\/it\/prodotto\/high-vis-fleecejacke-winddicht\/","title":{"rendered":"Giacca in pile High Vis antivento"},"content":{"rendered":"<p>Robusta giacca in pile in materiale antivento e traspirante. I rinforzi idrorepellenti proteggono dallo sporco e dall'abrasione nelle aree esposte. Tutte le cerniere sono nascoste per proteggerle dallo sporco. Polsini regolabili con asole per i pollici. Braccia preformate per un maggiore comfort.<\/p>\n<p>CHIUSURA: vita regolabile con coulisse. Polsini estesi con apertura per il pollice e orlo elasticizzato. DETTAGLI: anello a D. Collo alto con cerniera. CHIUSURA ANTERIORE: Zip nascosta in plastica rinforzata. FUNZIONALIT\u00c0: Antivento e impermeabile, cuciture non sigillate, traspirante. Maniche preformate. PROPRIET\u00c0 PRINCIPALI: Lavoratori stradali ed edili. EN ISO 20471. REFLEX: strisce riflettenti larghe 50 mm. TESSUTO: Uomo. blu. Traspirabilit\u00e0. Protezione ad alta visibilit\u00e0. TASCHE: Tasca sul petto con zip. Tasche anteriori con zip e due tasche interne. ISTRUZIONI DI LAVAGGIO: Numero di lavaggi: 25, non lavare a secco. RINFORZI: Rinforzi in CORDURA\u00ae sul davanti, sul retro e sulle maniche. CERTIFICAZIONE: Gruppo di certificazione C<\/p>\n<p>100% poliestere, pile, laminato, antivento e impermeabile, traspirante, 280 g\/m\u00b2<\/p>","protected":false},"excerpt":{"rendered":"<p>Robuste Fleecejacke aus winddichtem und atmungsaktiven Material. Wasserabweisende Verst\u00e4rkungen sch\u00fctzen vor Schmutz und Abrieb an beanspruchten Stellen. Alle Reissverschl\u00fcsse sind verdeckt, um sie vor Schmutz zu sch\u00fctzen. Einstellbare Armabschl\u00fcsse mit Daumenschlaufe. Vorgeformte Arme f\u00fcr erh\u00f6hten Tragekomfort. ABSCHLUSS: Verstellbarer Bund mit Kordelzug. Erweiterte B\u00fcndchen mit Daumen\u00f6ffnung und elastischem Saum. DETAILS: D-Ring. Hoher Kragen mit Reissverschluss. FRONTVERSCHLUSS: [&hellip;]<\/p>\n","protected":false},"featured_media":598045,"template":"","meta":[],"product_brand":[],"product_cat":[4186],"product_tag":[],"class_list":{"0":"post-598013","1":"product","2":"type-product","3":"status-publish","4":"has-post-thumbnail","6":"product_cat-jacken","7":"pa_brand-blaklaeder","8":"pa_brand-type-workwear","9":"pa_filter-color-blau","10":"pa_filter-color-gelb","11":"pa_filter-color-orange","12":"pa_filter-color-rot","13":"pa_filter-color-schwarz","15":"first","16":"instock","17":"sale","18":"taxable","19":"shipping-taxable","20":"purchasable","21":"product-type-variable","22":"add-to-wishlist-before_image"},"exclude_global_add_ons":[],"addons":[],"acf":[],"_links":{"self":[{"href":"https:\/\/shop.kustom.ch\/it\/wp-json\/wp\/v2\/product\/598013"}],"collection":[{"href":"https:\/\/shop.kustom.ch\/it\/wp-json\/wp\/v2\/product"}],"about":[{"href":"https:\/\/shop.kustom.ch\/it\/wp-json\/wp\/v2\/types\/product"}],"wp:featuredmedia":[{"embeddable":true,"href":"https:\/\/shop.kustom.ch\/it\/wp-json\/wp\/v2\/media\/598045"}],"wp:attachment":[{"href":"https:\/\/shop.kustom.ch\/it\/wp-json\/wp\/v2\/media?parent=598013"}],"wp:term":[{"taxonomy":"product_brand","embeddable":true,"href":"https:\/\/shop.kustom.ch\/it\/wp-json\/wp\/v2\/product_brand?post=598013"},{"taxonomy":"product_cat","embeddable":true,"href":"https:\/\/shop.kustom.ch\/it\/wp-json\/wp\/v2\/product_cat?post=598013"},{"taxonomy":"product_tag","embeddable":true,"href":"https:\/\/shop.kustom.ch\/it\/wp-json\/wp\/v2\/product_tag?post=598013"}],"curies":[{"name":"wp","href":"https:\/\/api.w.org\/{rel}","templated":true}]}}