{"id":597972,"date":"2025-03-05T01:47:25","date_gmt":"2025-03-05T00:47:25","guid":{"rendered":"https:\/\/shop.kustom.ch\/?post_type=product&#038;p=597972"},"modified":"2026-03-31T09:05:01","modified_gmt":"2026-03-31T08:05:01","slug":"winterjacke-8","status":"publish","type":"product","link":"https:\/\/shop.kustom.ch\/it\/prodotto\/winterjacke-8\/","title":{"rendered":"Giacca invernale"},"content":{"rendered":"<p>Giacca invernale con tessuto antivento e idrorepellente e cuciture nastrate. Grazie ai dettagli ben studiati, potrebbe diventare rapidamente la vostra giacca preferita. La schiena allungata, l'orlo regolabile e i soffietti sulla schiena offrono una migliore mobilit\u00e0. La giacca ha una fodera trapuntata e un cappuccio regolabile e staccabile. Elementi riflettenti sul davanti, sulla schiena e sulle maniche. Certificata secondo le norme EN 342, abbigliamento protettivo contro il freddo, insieme alla 1810, e EN 343, abbigliamento protettivo contro le intemperie.<\/p>\n<p>CHIUSURA: Vita regolabile con chiusura a velcro. Polsini con polsini interni. DETTAGLI: Zip nella fodera per facilitare la rifinitura del tessuto. Tasca per carte d'identit\u00e0 staccabile. Soffietti sul retro. Cappuccio staccabile con fodera calda. Colletto foderato in pile. CHIUSURA ANTERIORE: Zip in plastica nascosta. FUNZIONALIT\u00c0: Fodera calda. CARATTERISTICHE PRINCIPALI: Autista. REFLEX: Dettagli riflettenti. TESSUTO: Uomo. rosso. antivento. Vento\/umido\/freddo. TASCHE: Tasche sul petto con patta e una tasca laterale con zip. Tasche interne, di cui una con portacellulare. Tasche anteriori con pattina e tasche laterali. ISTRUZIONI DI LAVAGGIO: Non candeggiare. CERTIFICAZIONE: EN 342 insieme all'art. 1810. EN 343, classe 4.1.<\/p>\n<p>100% poliestere, Oxford, rivestito, impermeabile 15.000 mm, antivento, traspirante Ret 8.5, 200g\/m\u00b2<\/p>","protected":false},"excerpt":{"rendered":"<p>Winterjacke mit wind- und wasserabweisendem Stoff und verschweissten N\u00e4hten. Dank durchdachter Details kann sie schnell Ihre Lieblingsjacke werden. Verl\u00e4ngerter R\u00fccken, verstellbarer Saum und Faltenbalg im R\u00fccken bieten verbesserte Mobilit\u00e4t. Die Jacke hat Steppfutter und eine verstellbare, abnehmbare Kapuze. Reflektierende Elemente an Vorder- und R\u00fcckseite und an den \u00c4rmeln. Zertifiziert laut EN 342, Schutzkleidung gegen kaltes [&hellip;]<\/p>\n","protected":false},"featured_media":598008,"template":"","meta":[],"product_brand":[],"product_cat":[4186],"product_tag":[],"class_list":{"0":"post-597972","1":"product","2":"type-product","3":"status-publish","4":"has-post-thumbnail","6":"product_cat-jacken","7":"pa_brand-blaklaeder","8":"pa_brand-type-workwear","9":"pa_filter-color-blau","10":"pa_filter-color-grau","11":"pa_filter-color-rot","12":"pa_filter-color-schwarz","14":"first","15":"instock","16":"sale","17":"taxable","18":"shipping-taxable","19":"purchasable","20":"product-type-variable","21":"add-to-wishlist-before_image"},"exclude_global_add_ons":[],"addons":[],"acf":[],"_links":{"self":[{"href":"https:\/\/shop.kustom.ch\/it\/wp-json\/wp\/v2\/product\/597972"}],"collection":[{"href":"https:\/\/shop.kustom.ch\/it\/wp-json\/wp\/v2\/product"}],"about":[{"href":"https:\/\/shop.kustom.ch\/it\/wp-json\/wp\/v2\/types\/product"}],"wp:featuredmedia":[{"embeddable":true,"href":"https:\/\/shop.kustom.ch\/it\/wp-json\/wp\/v2\/media\/598008"}],"wp:attachment":[{"href":"https:\/\/shop.kustom.ch\/it\/wp-json\/wp\/v2\/media?parent=597972"}],"wp:term":[{"taxonomy":"product_brand","embeddable":true,"href":"https:\/\/shop.kustom.ch\/it\/wp-json\/wp\/v2\/product_brand?post=597972"},{"taxonomy":"product_cat","embeddable":true,"href":"https:\/\/shop.kustom.ch\/it\/wp-json\/wp\/v2\/product_cat?post=597972"},{"taxonomy":"product_tag","embeddable":true,"href":"https:\/\/shop.kustom.ch\/it\/wp-json\/wp\/v2\/product_tag?post=597972"}],"curies":[{"name":"wp","href":"https:\/\/api.w.org\/{rel}","templated":true}]}}